{"id":3296,"date":"2023-02-03T22:41:07","date_gmt":"2023-02-03T21:41:07","guid":{"rendered":"https:\/\/perfectestetica.al\/?post_type=product&#038;p=3296"},"modified":"2023-02-03T22:41:07","modified_gmt":"2023-02-03T21:41:07","slug":"bamboo-coconut-exfoliating-wash","status":"publish","type":"product","link":"https:\/\/perfectestetica.al\/en\/product\/bamboo-coconut-exfoliating-wash\/","title":{"rendered":"Bamboo Coconut Exfoliating Wash"},"content":{"rendered":"","protected":false},"excerpt":{"rendered":"<p>Skrub eksfoliant i but\u00eb, p\u00ebr t\u00eb gjitha llojet e l\u00ebkur\u00ebs duke p\u00ebrfshir\u00eb dhe at\u00eb sensitive.<\/p>\n<p>Veprimi: Pastron l\u00ebkur\u00ebn duke hequr qelizat e vdekura, duke e l\u00ebn\u00eb at\u00eb t\u00eb but\u00eb dhe t\u00eb rifreskuar, pa shkaktuar tharje dhe irritim. Kombinon agjent\u00eb t\u00eb but\u00eb pastrues me kokrrizat e bambus\u00eb dhe arr\u00ebs s\u00eb kokosit. P\u00ebrforcuar me ekstrakt aloe dhe kamomil, hidraton dhe zbut epiderm\u00ebn.<\/p>\n<p>P\u00ebrdorimi: P\u00ebr p\u00ebrdorim t\u00eb shpesht\u00eb gjat\u00eb larjes.<\/p>\n<p>Ingredient\u00ebt kryesor\u00eb: Mild Surfactants, Exfoliating Bamboo Shells, Coconut Exfoliating Powder, Chamomille, Aloe Vera, Allantoin.<\/p>\n<table class=\"woocommerce-product-attributes shop_attributes\">\n<tbody>\n<tr class=\"woocommerce-product-attributes-item woocommerce-product-attributes-item--attribute_pa_size\">\n<th class=\"woocommerce-product-attributes-item__label\">Paketimi<\/th>\n<td class=\"woocommerce-product-attributes-item__value\">200mL<\/td>\n<\/tr>\n<tr class=\"woocommerce-product-attributes-item woocommerce-product-attributes-item--attribute_pa_llojet-e-lekures\">\n<th class=\"woocommerce-product-attributes-item__label\">Llojet e l\u00ebkur\u00ebs<\/th>\n<td class=\"woocommerce-product-attributes-item__value\">t\u00eb gjitha llojet<\/td>\n<\/tr>\n<\/tbody>\n<\/table>","protected":false},"featured_media":3300,"comment_status":"open","ping_status":"closed","template":"","meta":[],"product_brand":[],"product_cat":[57],"product_tag":[],"class_list":{"0":"post-3296","1":"product","2":"type-product","3":"status-publish","4":"has-post-thumbnail","6":"product_cat-kujdesi-i-trupit","8":"first","9":"instock","10":"shipping-taxable","11":"purchasable","12":"product-type-simple"},"_links":{"self":[{"href":"https:\/\/perfectestetica.al\/en\/wp-json\/wp\/v2\/product\/3296","targetHints":{"allow":["GET"]}}],"collection":[{"href":"https:\/\/perfectestetica.al\/en\/wp-json\/wp\/v2\/product"}],"about":[{"href":"https:\/\/perfectestetica.al\/en\/wp-json\/wp\/v2\/types\/product"}],"replies":[{"embeddable":true,"href":"https:\/\/perfectestetica.al\/en\/wp-json\/wp\/v2\/comments?post=3296"}],"version-history":[{"count":1,"href":"https:\/\/perfectestetica.al\/en\/wp-json\/wp\/v2\/product\/3296\/revisions"}],"predecessor-version":[{"id":3307,"href":"https:\/\/perfectestetica.al\/en\/wp-json\/wp\/v2\/product\/3296\/revisions\/3307"}],"wp:featuredmedia":[{"embeddable":true,"href":"https:\/\/perfectestetica.al\/en\/wp-json\/wp\/v2\/media\/3300"}],"wp:attachment":[{"href":"https:\/\/perfectestetica.al\/en\/wp-json\/wp\/v2\/media?parent=3296"}],"wp:term":[{"taxonomy":"product_brand","embeddable":true,"href":"https:\/\/perfectestetica.al\/en\/wp-json\/wp\/v2\/product_brand?post=3296"},{"taxonomy":"product_cat","embeddable":true,"href":"https:\/\/perfectestetica.al\/en\/wp-json\/wp\/v2\/product_cat?post=3296"},{"taxonomy":"product_tag","embeddable":true,"href":"https:\/\/perfectestetica.al\/en\/wp-json\/wp\/v2\/product_tag?post=3296"}],"curies":[{"name":"wp","href":"https:\/\/api.w.org\/{rel}","templated":true}]}}