{"id":3284,"date":"2023-02-03T22:33:21","date_gmt":"2023-02-03T21:33:21","guid":{"rendered":"https:\/\/perfectestetica.al\/?post_type=product&#038;p=3284"},"modified":"2023-02-03T22:36:01","modified_gmt":"2023-02-03T21:36:01","slug":"anticellulite-system","status":"publish","type":"product","link":"https:\/\/perfectestetica.al\/en\/product\/anticellulite-system\/","title":{"rendered":"Anticellulite System"},"content":{"rendered":"","protected":false},"excerpt":{"rendered":"<p>Nj\u00eb paket\u00eb me 10 serume enzimatike p\u00ebr trupat me celulit dhe dhjam lokal.<\/p>\n<p>Veprimi: Trajtim intensiv i koncentruar n\u00eb 20 terapi. Hyaluronidase lufton celulitin p\u00ebrmes nj\u00eb mekanizmi veprimesh enzimatike q\u00eb p\u00ebrfshin \u201czhvendosjen e p\u00ebrq\u00ebndrimeve ujore\u201d \u201cdepolimerizimin e mukopolisaharideve\u201d dhe dep\u00ebrtimin e p\u00ebrb\u00ebr\u00ebsve t\u00eb djegies s\u00eb yndryrnave. ESCIN forcon muret e kapilar\u00ebve. Ekstrakti Centella promovon sintez\u00ebn e kolagjenit duke ndihmuar indet p\u00ebr t\u2019u fort\u00ebsuar dhe b\u00ebn rigjenerim t\u00eb epiderm\u00ebs.<\/p>\n<p>P\u00ebrdorimi: Shtypni butonin p\u00ebr t\u00eb bashkuar pudr\u00ebn me solucionin. Tundeni mir\u00eb p\u00ebrpara p\u00ebrdorimit. P\u00ebrdorni gjysm\u00ebn n\u00eb m\u00ebngjes, gjysm\u00ebn n\u00eb dark\u00eb.<\/p>\n<p>Ingredient\u00ebt kryesor\u00eb: Hyaluronidase 1% ,Caffeine 3%, Iododrat 1%, Sveltam 1%,Escin 0.2%, Centella Extract 2%, Cola NutExtract 2%, Ruscus Extract 2%, SalicylicAcid 1%.<\/p>\n<table class=\"woocommerce-product-attributes shop_attributes\">\n<tbody>\n<tr class=\"woocommerce-product-attributes-item woocommerce-product-attributes-item--attribute_pa_size\">\n<th class=\"woocommerce-product-attributes-item__label\">Paketimi<\/th>\n<td class=\"woocommerce-product-attributes-item__value\">15mL<\/td>\n<\/tr>\n<tr class=\"woocommerce-product-attributes-item woocommerce-product-attributes-item--attribute_pa_llojet-e-lekures\">\n<th class=\"woocommerce-product-attributes-item__label\">Llojet e l\u00ebkur\u00ebs<\/th>\n<td class=\"woocommerce-product-attributes-item__value\">t\u00eb gjitha llojet<\/td>\n<\/tr>\n<\/tbody>\n<\/table>","protected":false},"featured_media":3292,"comment_status":"open","ping_status":"closed","template":"","meta":[],"product_brand":[],"product_cat":[57],"product_tag":[],"class_list":{"0":"post-3284","1":"product","2":"type-product","3":"status-publish","4":"has-post-thumbnail","6":"product_cat-kujdesi-i-trupit","8":"first","9":"instock","10":"shipping-taxable","11":"purchasable","12":"product-type-simple"},"_links":{"self":[{"href":"https:\/\/perfectestetica.al\/en\/wp-json\/wp\/v2\/product\/3284","targetHints":{"allow":["GET"]}}],"collection":[{"href":"https:\/\/perfectestetica.al\/en\/wp-json\/wp\/v2\/product"}],"about":[{"href":"https:\/\/perfectestetica.al\/en\/wp-json\/wp\/v2\/types\/product"}],"replies":[{"embeddable":true,"href":"https:\/\/perfectestetica.al\/en\/wp-json\/wp\/v2\/comments?post=3284"}],"version-history":[{"count":2,"href":"https:\/\/perfectestetica.al\/en\/wp-json\/wp\/v2\/product\/3284\/revisions"}],"predecessor-version":[{"id":3293,"href":"https:\/\/perfectestetica.al\/en\/wp-json\/wp\/v2\/product\/3284\/revisions\/3293"}],"wp:featuredmedia":[{"embeddable":true,"href":"https:\/\/perfectestetica.al\/en\/wp-json\/wp\/v2\/media\/3292"}],"wp:attachment":[{"href":"https:\/\/perfectestetica.al\/en\/wp-json\/wp\/v2\/media?parent=3284"}],"wp:term":[{"taxonomy":"product_brand","embeddable":true,"href":"https:\/\/perfectestetica.al\/en\/wp-json\/wp\/v2\/product_brand?post=3284"},{"taxonomy":"product_cat","embeddable":true,"href":"https:\/\/perfectestetica.al\/en\/wp-json\/wp\/v2\/product_cat?post=3284"},{"taxonomy":"product_tag","embeddable":true,"href":"https:\/\/perfectestetica.al\/en\/wp-json\/wp\/v2\/product_tag?post=3284"}],"curies":[{"name":"wp","href":"https:\/\/api.w.org\/{rel}","templated":true}]}}