{"id":3283,"date":"2023-02-03T22:33:19","date_gmt":"2023-02-03T21:33:19","guid":{"rendered":"https:\/\/perfectestetica.al\/?post_type=product&#038;p=3283"},"modified":"2023-02-03T22:36:25","modified_gmt":"2023-02-03T21:36:25","slug":"anticallus-serum","status":"publish","type":"product","link":"https:\/\/perfectestetica.al\/en\/product\/anticallus-serum\/","title":{"rendered":"Anticallus Serum"},"content":{"rendered":"","protected":false},"excerpt":{"rendered":"<p>Serum q\u00eb hidraton dhe zbut gisht\u00ebrinjt\u00eb e k\u00ebmb\u00ebve. Ai kombinon acidin salicilik me uren\u00eb. P\u00ebrdorimi i tij i p\u00ebrditsh\u00ebm trajton dhe leht\u00ebson k\u00ebmb\u00ebt me kallo.<\/p>\n<p>P\u00ebrdorimi: Apliko n\u00eb l\u00ebkur\u00ebn e past\u00ebr disa pika, dy her\u00eb n\u00eb dit\u00eb, me nj\u00eb p\u00ebrhapje t\u00eb leht\u00eb derisa t\u00eb p\u00ebrthithet.<br \/>\nP\u00ebrdorimi sistematik i serumit rekomandohet para dhe pas heqjes s\u00eb kallusit nga nj\u00eb specialist.<\/p>\n<p>Ingredient\u00ebt kryesor\u00eb: Ure 20%, Acid salicilik.<\/p>\n<table class=\"woocommerce-product-attributes shop_attributes\">\n<tbody>\n<tr class=\"woocommerce-product-attributes-item woocommerce-product-attributes-item--attribute_pa_size\">\n<th class=\"woocommerce-product-attributes-item__label\">Paketimi<\/th>\n<td class=\"woocommerce-product-attributes-item__value\">20mL<\/td>\n<\/tr>\n<tr class=\"woocommerce-product-attributes-item woocommerce-product-attributes-item--attribute_pa_llojet-e-lekures\">\n<th class=\"woocommerce-product-attributes-item__label\">Llojet e l\u00ebkur\u00ebs<\/th>\n<td class=\"woocommerce-product-attributes-item__value\">t\u00eb gjitha llojet<\/td>\n<\/tr>\n<\/tbody>\n<\/table>","protected":false},"featured_media":3291,"comment_status":"open","ping_status":"closed","template":"","meta":[],"product_brand":[],"product_cat":[57],"product_tag":[],"class_list":{"0":"post-3283","1":"product","2":"type-product","3":"status-publish","4":"has-post-thumbnail","6":"product_cat-kujdesi-i-trupit","8":"first","9":"instock","10":"shipping-taxable","11":"purchasable","12":"product-type-simple"},"_links":{"self":[{"href":"https:\/\/perfectestetica.al\/en\/wp-json\/wp\/v2\/product\/3283","targetHints":{"allow":["GET"]}}],"collection":[{"href":"https:\/\/perfectestetica.al\/en\/wp-json\/wp\/v2\/product"}],"about":[{"href":"https:\/\/perfectestetica.al\/en\/wp-json\/wp\/v2\/types\/product"}],"replies":[{"embeddable":true,"href":"https:\/\/perfectestetica.al\/en\/wp-json\/wp\/v2\/comments?post=3283"}],"version-history":[{"count":2,"href":"https:\/\/perfectestetica.al\/en\/wp-json\/wp\/v2\/product\/3283\/revisions"}],"predecessor-version":[{"id":3294,"href":"https:\/\/perfectestetica.al\/en\/wp-json\/wp\/v2\/product\/3283\/revisions\/3294"}],"wp:featuredmedia":[{"embeddable":true,"href":"https:\/\/perfectestetica.al\/en\/wp-json\/wp\/v2\/media\/3291"}],"wp:attachment":[{"href":"https:\/\/perfectestetica.al\/en\/wp-json\/wp\/v2\/media?parent=3283"}],"wp:term":[{"taxonomy":"product_brand","embeddable":true,"href":"https:\/\/perfectestetica.al\/en\/wp-json\/wp\/v2\/product_brand?post=3283"},{"taxonomy":"product_cat","embeddable":true,"href":"https:\/\/perfectestetica.al\/en\/wp-json\/wp\/v2\/product_cat?post=3283"},{"taxonomy":"product_tag","embeddable":true,"href":"https:\/\/perfectestetica.al\/en\/wp-json\/wp\/v2\/product_tag?post=3283"}],"curies":[{"name":"wp","href":"https:\/\/api.w.org\/{rel}","templated":true}]}}