{"id":3282,"date":"2023-02-03T22:33:18","date_gmt":"2023-02-03T21:33:18","guid":{"rendered":"https:\/\/perfectestetica.al\/?post_type=product&#038;p=3282"},"modified":"2023-02-03T22:37:04","modified_gmt":"2023-02-03T21:37:04","slug":"almond-exfoliating-cream","status":"publish","type":"product","link":"https:\/\/perfectestetica.al\/en\/product\/almond-exfoliating-cream\/","title":{"rendered":"Almond Exfoliating Cream"},"content":{"rendered":"","protected":false},"excerpt":{"rendered":"<p>Nj\u00eb krem trupi n\u00eb form\u00eb eksfolianti me kokrriza bajameje p\u00ebr t\u00eb gjitha llojet e l\u00ebkur\u00ebs.<\/p>\n<p>Veprimi: Heq dinamikisht qelizat e vdekura t\u00eb l\u00ebkur\u00ebs pa shkaktuar that\u00ebsi, duke e l\u00ebn\u00eb l\u00ebkur\u00ebn t\u00eb qet\u00eb dhe plot\u00ebsisht t\u00eb fresk\u00ebt.<\/p>\n<p>P\u00ebrdorimi: Masazhoje derisa t\u00eb jet\u00eb absorbuar t\u00ebr\u00ebsisht nga l\u00ebkura dhe shp\u00eblaje q\u00eb t\u00eb largosh kokrrizat.<\/p>\n<p>Ingredient\u00ebt kryesor\u00eb: Almond Shells Granules,Kaolin.<\/p>\n<table class=\"woocommerce-product-attributes shop_attributes\">\n<tbody>\n<tr class=\"woocommerce-product-attributes-item woocommerce-product-attributes-item--attribute_pa_size\">\n<th class=\"woocommerce-product-attributes-item__label\">Paketimi<\/th>\n<td class=\"woocommerce-product-attributes-item__value\">200mL<\/td>\n<\/tr>\n<tr class=\"woocommerce-product-attributes-item woocommerce-product-attributes-item--attribute_pa_llojet-e-lekures\">\n<th class=\"woocommerce-product-attributes-item__label\">Llojet e l\u00ebkur\u00ebs<\/th>\n<td class=\"woocommerce-product-attributes-item__value\">t\u00eb gjitha llojet<\/td>\n<\/tr>\n<\/tbody>\n<\/table>","protected":false},"featured_media":3290,"comment_status":"open","ping_status":"closed","template":"","meta":[],"product_brand":[],"product_cat":[57],"product_tag":[],"class_list":{"0":"post-3282","1":"product","2":"type-product","3":"status-publish","4":"has-post-thumbnail","6":"product_cat-kujdesi-i-trupit","8":"first","9":"instock","10":"shipping-taxable","11":"purchasable","12":"product-type-simple"},"_links":{"self":[{"href":"https:\/\/perfectestetica.al\/en\/wp-json\/wp\/v2\/product\/3282","targetHints":{"allow":["GET"]}}],"collection":[{"href":"https:\/\/perfectestetica.al\/en\/wp-json\/wp\/v2\/product"}],"about":[{"href":"https:\/\/perfectestetica.al\/en\/wp-json\/wp\/v2\/types\/product"}],"replies":[{"embeddable":true,"href":"https:\/\/perfectestetica.al\/en\/wp-json\/wp\/v2\/comments?post=3282"}],"version-history":[{"count":2,"href":"https:\/\/perfectestetica.al\/en\/wp-json\/wp\/v2\/product\/3282\/revisions"}],"predecessor-version":[{"id":3295,"href":"https:\/\/perfectestetica.al\/en\/wp-json\/wp\/v2\/product\/3282\/revisions\/3295"}],"wp:featuredmedia":[{"embeddable":true,"href":"https:\/\/perfectestetica.al\/en\/wp-json\/wp\/v2\/media\/3290"}],"wp:attachment":[{"href":"https:\/\/perfectestetica.al\/en\/wp-json\/wp\/v2\/media?parent=3282"}],"wp:term":[{"taxonomy":"product_brand","embeddable":true,"href":"https:\/\/perfectestetica.al\/en\/wp-json\/wp\/v2\/product_brand?post=3282"},{"taxonomy":"product_cat","embeddable":true,"href":"https:\/\/perfectestetica.al\/en\/wp-json\/wp\/v2\/product_cat?post=3282"},{"taxonomy":"product_tag","embeddable":true,"href":"https:\/\/perfectestetica.al\/en\/wp-json\/wp\/v2\/product_tag?post=3282"}],"curies":[{"name":"wp","href":"https:\/\/api.w.org\/{rel}","templated":true}]}}