{"id":3281,"date":"2023-02-03T22:33:02","date_gmt":"2023-02-03T21:33:02","guid":{"rendered":"https:\/\/perfectestetica.al\/?post_type=product&#038;p=3281"},"modified":"2023-02-03T22:33:02","modified_gmt":"2023-02-03T21:33:02","slug":"aha-liposlim-cream","status":"publish","type":"product","link":"https:\/\/perfectestetica.al\/en\/product\/aha-liposlim-cream\/","title":{"rendered":"AHA Liposlim Cream"},"content":{"rendered":"","protected":false},"excerpt":{"rendered":"<p>Nje krem trupi me AHA dhe kafein\u00eb p\u00ebr trupa me celulit dhe dhjam lokal.<\/p>\n<p>Veprimi: Krem me 12% AHA (acid glikolik dhe laktik). Ai heq qelizat e vdekura, ndihmon n\u00eb forcimin e pro\u00e7esit natyror t\u00eb rigjenerimit t\u00eb l\u00ebkur\u00ebs dhe nxit dep\u00ebrtimin m\u00eb t\u00eb mir\u00eb t\u00eb p\u00ebrb\u00ebr\u00ebsve aktiv\u00eb. N\u00eb kombinim me forma t\u00eb ndryshme t\u00eb kafein\u00ebs, ekstraktit t\u00eb ruscus dhe isoflavone, ai stimulon<br \/>\nlipoliz\u00ebn, rrit djegien e triglicerideve dhe tonifikon trupin. P\u00ebrforcuar me kamomil, panthenol dhe keratoplast, ai hidraton dhe p\u00ebrmir\u00ebson tekstur\u00ebn e epiderm\u00eb. Ofron elasticitet t\u00eb lart\u00eb dhe \u00ebsht\u00eb i p\u00ebrshtatsh\u00ebm p\u00ebr masazh pa l\u00ebn\u00eb yndyr\u00eb.<\/p>\n<p>P\u00ebrdorimi: Masazhoje derisa t\u00eb absorbohet.<\/p>\n<p>Ingredient\u00ebt kryesor\u00eb<\/p>\n<table class=\"woocommerce-product-attributes shop_attributes\">\n<tbody>\n<tr class=\"woocommerce-product-attributes-item woocommerce-product-attributes-item--attribute_pa_size\">\n<th class=\"woocommerce-product-attributes-item__label\">Paketimi<\/th>\n<td class=\"woocommerce-product-attributes-item__value\">200mL<\/td>\n<\/tr>\n<tr class=\"woocommerce-product-attributes-item woocommerce-product-attributes-item--attribute_pa_llojet-e-lekures\">\n<th class=\"woocommerce-product-attributes-item__label\">Llojet e l\u00ebkur\u00ebs<\/th>\n<td class=\"woocommerce-product-attributes-item__value\">t\u00eb gjitha llojet<\/td>\n<\/tr>\n<\/tbody>\n<\/table>\n<p>Glycolic Acid 4.9%, Lactic Acid 4.5%, Caffeine, Keratoplast, Ecoslim, Isoslim Complex, Ruscus Extract, Chamomile Oil, Panthenol.<\/p>","protected":false},"featured_media":3285,"comment_status":"open","ping_status":"closed","template":"","meta":[],"product_brand":[],"product_cat":[57],"product_tag":[],"class_list":{"0":"post-3281","1":"product","2":"type-product","3":"status-publish","4":"has-post-thumbnail","6":"product_cat-kujdesi-i-trupit","8":"first","9":"instock","10":"shipping-taxable","11":"purchasable","12":"product-type-simple"},"_links":{"self":[{"href":"https:\/\/perfectestetica.al\/en\/wp-json\/wp\/v2\/product\/3281","targetHints":{"allow":["GET"]}}],"collection":[{"href":"https:\/\/perfectestetica.al\/en\/wp-json\/wp\/v2\/product"}],"about":[{"href":"https:\/\/perfectestetica.al\/en\/wp-json\/wp\/v2\/types\/product"}],"replies":[{"embeddable":true,"href":"https:\/\/perfectestetica.al\/en\/wp-json\/wp\/v2\/comments?post=3281"}],"version-history":[{"count":1,"href":"https:\/\/perfectestetica.al\/en\/wp-json\/wp\/v2\/product\/3281\/revisions"}],"predecessor-version":[{"id":3286,"href":"https:\/\/perfectestetica.al\/en\/wp-json\/wp\/v2\/product\/3281\/revisions\/3286"}],"wp:featuredmedia":[{"embeddable":true,"href":"https:\/\/perfectestetica.al\/en\/wp-json\/wp\/v2\/media\/3285"}],"wp:attachment":[{"href":"https:\/\/perfectestetica.al\/en\/wp-json\/wp\/v2\/media?parent=3281"}],"wp:term":[{"taxonomy":"product_brand","embeddable":true,"href":"https:\/\/perfectestetica.al\/en\/wp-json\/wp\/v2\/product_brand?post=3281"},{"taxonomy":"product_cat","embeddable":true,"href":"https:\/\/perfectestetica.al\/en\/wp-json\/wp\/v2\/product_cat?post=3281"},{"taxonomy":"product_tag","embeddable":true,"href":"https:\/\/perfectestetica.al\/en\/wp-json\/wp\/v2\/product_tag?post=3281"}],"curies":[{"name":"wp","href":"https:\/\/api.w.org\/{rel}","templated":true}]}}