{"id":3274,"date":"2023-02-03T22:28:13","date_gmt":"2023-02-03T21:28:13","guid":{"rendered":"https:\/\/perfectestetica.al\/?post_type=product&#038;p=3274"},"modified":"2023-02-03T22:28:14","modified_gmt":"2023-02-03T21:28:14","slug":"white-argile-mask","status":"publish","type":"product","link":"https:\/\/perfectestetica.al\/en\/product\/white-argile-mask\/","title":{"rendered":"White Argile Mask"},"content":{"rendered":"","protected":false},"excerpt":{"rendered":"<p>Mask\u00eb pastruese me argjil\u00eb t\u00eb bardhe, p\u00ebr l\u00ebkur\u00ebn me probleme me pigmentimin.<\/p>\n<p>Veprimi: Nj\u00eb mask\u00eb argjile q\u00eb p\u00ebrmban Asyntra (Hexylresorcinol &amp; Ethyl Linoleate) q\u00eb p\u00ebrshpejton degradimin proteolitik t\u00eb tirosinaz\u00ebs, p\u00ebr efektet e menj\u00ebhershme n\u00eb rregullimin e tonit t\u00eb l\u00ebkur\u00ebs. Aloe Vera, Panthenol dhe Calmosensine hidratojn\u00eb dhe zbusin l\u00ebkur\u00ebn. Ajo heq mbetjet dhe sebumin e tep\u00ebrt nga l\u00ebkura, duke rezultuar n\u00eb nj\u00eb ton m\u00eb t\u00eb unifikuar dhe me shk\u00eblqim.<\/p>\n<p>P\u00ebrdorimi: Apliko nj\u00eb shtres\u00eb t\u00eb trash\u00eb, lejoje t\u00eb thahet dhe hiqe me uj\u00eb.<\/p>\n<p>Ingredient\u00ebt kryesor\u00eb: White Clay, Asyntra, Calmosensine, Panthenol, Aloe Vera, A-Bisabolol, Allantoin.<\/p>\n<table class=\"woocommerce-product-attributes shop_attributes\">\n<tbody>\n<tr class=\"woocommerce-product-attributes-item woocommerce-product-attributes-item--attribute_pa_size\">\n<th class=\"woocommerce-product-attributes-item__label\">Paketimi<\/th>\n<td class=\"woocommerce-product-attributes-item__value\">50mL<\/td>\n<\/tr>\n<tr class=\"woocommerce-product-attributes-item woocommerce-product-attributes-item--attribute_pa_llojet-e-lekures\">\n<th class=\"woocommerce-product-attributes-item__label\">Llojet e l\u00ebkur\u00ebs<\/th>\n<td class=\"woocommerce-product-attributes-item__value\">t\u00eb gjitha llojet<\/td>\n<\/tr>\n<\/tbody>\n<\/table>","protected":false},"featured_media":3277,"comment_status":"open","ping_status":"closed","template":"","meta":[],"product_brand":[],"product_cat":[56],"product_tag":[],"class_list":{"0":"post-3274","1":"product","2":"type-product","3":"status-publish","4":"has-post-thumbnail","6":"product_cat-glow","8":"first","9":"instock","10":"shipping-taxable","11":"purchasable","12":"product-type-simple"},"_links":{"self":[{"href":"https:\/\/perfectestetica.al\/en\/wp-json\/wp\/v2\/product\/3274","targetHints":{"allow":["GET"]}}],"collection":[{"href":"https:\/\/perfectestetica.al\/en\/wp-json\/wp\/v2\/product"}],"about":[{"href":"https:\/\/perfectestetica.al\/en\/wp-json\/wp\/v2\/types\/product"}],"replies":[{"embeddable":true,"href":"https:\/\/perfectestetica.al\/en\/wp-json\/wp\/v2\/comments?post=3274"}],"version-history":[{"count":1,"href":"https:\/\/perfectestetica.al\/en\/wp-json\/wp\/v2\/product\/3274\/revisions"}],"predecessor-version":[{"id":3280,"href":"https:\/\/perfectestetica.al\/en\/wp-json\/wp\/v2\/product\/3274\/revisions\/3280"}],"wp:featuredmedia":[{"embeddable":true,"href":"https:\/\/perfectestetica.al\/en\/wp-json\/wp\/v2\/media\/3277"}],"wp:attachment":[{"href":"https:\/\/perfectestetica.al\/en\/wp-json\/wp\/v2\/media?parent=3274"}],"wp:term":[{"taxonomy":"product_brand","embeddable":true,"href":"https:\/\/perfectestetica.al\/en\/wp-json\/wp\/v2\/product_brand?post=3274"},{"taxonomy":"product_cat","embeddable":true,"href":"https:\/\/perfectestetica.al\/en\/wp-json\/wp\/v2\/product_cat?post=3274"},{"taxonomy":"product_tag","embeddable":true,"href":"https:\/\/perfectestetica.al\/en\/wp-json\/wp\/v2\/product_tag?post=3274"}],"curies":[{"name":"wp","href":"https:\/\/api.w.org\/{rel}","templated":true}]}}