{"id":3273,"date":"2023-02-03T22:28:10","date_gmt":"2023-02-03T21:28:10","guid":{"rendered":"https:\/\/perfectestetica.al\/?post_type=product&#038;p=3273"},"modified":"2023-02-03T22:28:10","modified_gmt":"2023-02-03T21:28:10","slug":"glow-c-12","status":"publish","type":"product","link":"https:\/\/perfectestetica.al\/en\/product\/glow-c-12\/","title":{"rendered":"Glow C 12%"},"content":{"rendered":"","protected":false},"excerpt":{"rendered":"<p>Serum me vitamin C t\u00eb past\u00ebr dhe esktrakt peony, p\u00ebr l\u00ebkurat me probleme me pigmentimin dhe njolla.<\/p>\n<p>Veprimi: Vitamina C e past\u00ebr n\u00eb form\u00eb pluhuri (L-askorbik acid) prodhon nj\u00eb serum me solucion n\u00eb nj\u00eb p\u00ebrmbajtje prej 12% n\u00eb sinergji me Peonia Extract dhe Acid Fytik, para p\u00ebrdorimit t\u00eb par\u00eb. Vitamina C kryen nj\u00eb gam\u00eb t\u00eb gjer\u00eb veprimesh: antioksidues, hidratues, forcues, rigjenerues dhe zbardhues. Ekstrakt Peonia (biofermentation) dhe Acidi Phitic pengojn\u00eb formimin e melanin\u00ebs duke reduktuar njollat dhe pigmentimin.<\/p>\n<p>P\u00ebrdorimi: Shtyp valvul\u00ebn p\u00ebr lirimin e pluhurit dhe shkunde mir\u00eb derisa t\u00eb jet\u00eb tretur plot\u00ebsisht. Apliko disa pika n\u00eb l\u00ebkur\u00eb t\u00eb past\u00ebr dhe masazhoje derisa t\u00eb absorbohet.<\/p>\n<p>Ingredient\u00ebt kryesor\u00eb: L-Ascorbic Acid 12%, A-Bisabolol, Aloe Vera, Peonia Flower Extract 1%, Phytic Acid.<\/p>\n<table class=\"woocommerce-product-attributes shop_attributes\">\n<tbody>\n<tr class=\"woocommerce-product-attributes-item woocommerce-product-attributes-item--attribute_pa_size\">\n<th class=\"woocommerce-product-attributes-item__label\">Paketimi<\/th>\n<td class=\"woocommerce-product-attributes-item__value\">10mL<\/td>\n<\/tr>\n<tr class=\"woocommerce-product-attributes-item woocommerce-product-attributes-item--attribute_pa_llojet-e-lekures\">\n<th class=\"woocommerce-product-attributes-item__label\">Llojet e l\u00ebkur\u00ebs<\/th>\n<td class=\"woocommerce-product-attributes-item__value\">t\u00eb gjitha llojet<\/td>\n<\/tr>\n<\/tbody>\n<\/table>","protected":false},"featured_media":3276,"comment_status":"open","ping_status":"closed","template":"","meta":[],"product_brand":[],"product_cat":[56],"product_tag":[],"class_list":{"0":"post-3273","1":"product","2":"type-product","3":"status-publish","4":"has-post-thumbnail","6":"product_cat-glow","8":"first","9":"instock","10":"shipping-taxable","11":"purchasable","12":"product-type-simple"},"_links":{"self":[{"href":"https:\/\/perfectestetica.al\/en\/wp-json\/wp\/v2\/product\/3273","targetHints":{"allow":["GET"]}}],"collection":[{"href":"https:\/\/perfectestetica.al\/en\/wp-json\/wp\/v2\/product"}],"about":[{"href":"https:\/\/perfectestetica.al\/en\/wp-json\/wp\/v2\/types\/product"}],"replies":[{"embeddable":true,"href":"https:\/\/perfectestetica.al\/en\/wp-json\/wp\/v2\/comments?post=3273"}],"version-history":[{"count":1,"href":"https:\/\/perfectestetica.al\/en\/wp-json\/wp\/v2\/product\/3273\/revisions"}],"predecessor-version":[{"id":3279,"href":"https:\/\/perfectestetica.al\/en\/wp-json\/wp\/v2\/product\/3273\/revisions\/3279"}],"wp:featuredmedia":[{"embeddable":true,"href":"https:\/\/perfectestetica.al\/en\/wp-json\/wp\/v2\/media\/3276"}],"wp:attachment":[{"href":"https:\/\/perfectestetica.al\/en\/wp-json\/wp\/v2\/media?parent=3273"}],"wp:term":[{"taxonomy":"product_brand","embeddable":true,"href":"https:\/\/perfectestetica.al\/en\/wp-json\/wp\/v2\/product_brand?post=3273"},{"taxonomy":"product_cat","embeddable":true,"href":"https:\/\/perfectestetica.al\/en\/wp-json\/wp\/v2\/product_cat?post=3273"},{"taxonomy":"product_tag","embeddable":true,"href":"https:\/\/perfectestetica.al\/en\/wp-json\/wp\/v2\/product_tag?post=3273"}],"curies":[{"name":"wp","href":"https:\/\/api.w.org\/{rel}","templated":true}]}}