{"id":3272,"date":"2023-02-03T22:28:07","date_gmt":"2023-02-03T21:28:07","guid":{"rendered":"https:\/\/perfectestetica.al\/?post_type=product&#038;p=3272"},"modified":"2023-02-03T22:28:07","modified_gmt":"2023-02-03T21:28:07","slug":"brightening-serum","status":"publish","type":"product","link":"https:\/\/perfectestetica.al\/en\/product\/brightening-serum\/","title":{"rendered":"Brightening Serum"},"content":{"rendered":"","protected":false},"excerpt":{"rendered":"<p>Serum ofron shk\u00eblqim dhe zbardhim, i p\u00ebrshtatsh\u00ebm p\u00ebr l\u00ebkur\u00ebn me probleme pigmentimi dhe njolla.<\/p>\n<p>Veprimi: Nj\u00eb serum q\u00eb p\u00ebrmban Asyntra, Acid gallik, Acid phytic, Vitamin\u00eb C, Rumex dhe licorice, p\u00ebrb\u00ebr\u00ebsit q\u00eb ofrojn\u00eb nj\u00eb ton uniform t\u00eb l\u00ebkur\u00ebs. Efekti sinergjik i p\u00ebrb\u00ebr\u00ebsve, synon t\u00eb frenoj\u00eb enzim\u00ebn Tirosinaz\u00eb, q\u00eb \u00ebsht\u00eb p\u00ebrgjegj\u00ebse p\u00ebr prodhimin e melanin\u00ebs, ashtu si dhe synon rritjen e aktivitetit antioksidues q\u00eb forcon mekanizmin mbrojt\u00ebs t\u00eb qelizave nga kushtet inflamatore q\u00eb shkaktojn\u00eb spote t\u00eb pigmentuara. Redukton njollat, dhe pigmentimin dhe l\u00ebkura rifiton nj\u00eb ton uniform dhe shk\u00eblqim.<\/p>\n<p>P\u00ebrdorimi: Apliko disa pika n\u00eb l\u00ebkur\u00eb t\u00eb that\u00eb dhe masazhoje derisa t\u00eb absorbohet. Mund t\u00eb p\u00ebrdoret dhe gjat\u00eb dit\u00ebs p\u00ebr nj\u00eb kujdes parandalues.<\/p>\n<p>Ingredient\u00ebt kryesor\u00eb: Asyntra, Rumex Extract, Ascorbic Acid (Tyrostat), Licorice Extract, Phytic Acid, Gallic Acid, A-Bisabolol.<\/p>\n<table class=\"woocommerce-product-attributes shop_attributes\">\n<tbody>\n<tr class=\"woocommerce-product-attributes-item woocommerce-product-attributes-item--attribute_pa_size\">\n<th class=\"woocommerce-product-attributes-item__label\">Paketimi<\/th>\n<td class=\"woocommerce-product-attributes-item__value\">50mL<\/td>\n<\/tr>\n<tr class=\"woocommerce-product-attributes-item woocommerce-product-attributes-item--attribute_pa_llojet-e-lekures\">\n<th class=\"woocommerce-product-attributes-item__label\">Llojet e l\u00ebkur\u00ebs<\/th>\n<td class=\"woocommerce-product-attributes-item__value\">t\u00eb gjitha llojet<\/td>\n<\/tr>\n<\/tbody>\n<\/table>","protected":false},"featured_media":3275,"comment_status":"open","ping_status":"closed","template":"","meta":[],"product_brand":[],"product_cat":[56],"product_tag":[],"class_list":{"0":"post-3272","1":"product","2":"type-product","3":"status-publish","4":"has-post-thumbnail","6":"product_cat-glow","8":"first","9":"instock","10":"shipping-taxable","11":"purchasable","12":"product-type-simple"},"_links":{"self":[{"href":"https:\/\/perfectestetica.al\/en\/wp-json\/wp\/v2\/product\/3272","targetHints":{"allow":["GET"]}}],"collection":[{"href":"https:\/\/perfectestetica.al\/en\/wp-json\/wp\/v2\/product"}],"about":[{"href":"https:\/\/perfectestetica.al\/en\/wp-json\/wp\/v2\/types\/product"}],"replies":[{"embeddable":true,"href":"https:\/\/perfectestetica.al\/en\/wp-json\/wp\/v2\/comments?post=3272"}],"version-history":[{"count":1,"href":"https:\/\/perfectestetica.al\/en\/wp-json\/wp\/v2\/product\/3272\/revisions"}],"predecessor-version":[{"id":3278,"href":"https:\/\/perfectestetica.al\/en\/wp-json\/wp\/v2\/product\/3272\/revisions\/3278"}],"wp:featuredmedia":[{"embeddable":true,"href":"https:\/\/perfectestetica.al\/en\/wp-json\/wp\/v2\/media\/3275"}],"wp:attachment":[{"href":"https:\/\/perfectestetica.al\/en\/wp-json\/wp\/v2\/media?parent=3272"}],"wp:term":[{"taxonomy":"product_brand","embeddable":true,"href":"https:\/\/perfectestetica.al\/en\/wp-json\/wp\/v2\/product_brand?post=3272"},{"taxonomy":"product_cat","embeddable":true,"href":"https:\/\/perfectestetica.al\/en\/wp-json\/wp\/v2\/product_cat?post=3272"},{"taxonomy":"product_tag","embeddable":true,"href":"https:\/\/perfectestetica.al\/en\/wp-json\/wp\/v2\/product_tag?post=3272"}],"curies":[{"name":"wp","href":"https:\/\/api.w.org\/{rel}","templated":true}]}}