{"id":3260,"date":"2023-02-03T22:24:22","date_gmt":"2023-02-03T21:24:22","guid":{"rendered":"https:\/\/perfectestetica.al\/?post_type=product&#038;p=3260"},"modified":"2023-02-03T22:24:36","modified_gmt":"2023-02-03T21:24:36","slug":"eye-shine-serum","status":"publish","type":"product","link":"https:\/\/perfectestetica.al\/en\/product\/eye-shine-serum\/","title":{"rendered":"Eye Shine Serum"},"content":{"rendered":"","protected":false},"excerpt":{"rendered":"<p>Serum multifunksional i targetuar p\u00ebr zon\u00ebn rreth syve.<\/p>\n<p>Veprimi: Nj\u00eb serum q\u00eb p\u00ebrmban peptidin Matrixyl q\u00eb aktivizon prodhimin e kolagjenit dhe acidit hialuronik, i cili zbut linjat e shprehjes dhe rrudhat. Eyedeline, nj\u00eb p\u00ebrb\u00ebr\u00ebs bioteknik me origjin\u00eb detare, rigjeneron dhe detoksifikon l\u00ebkur\u00ebn, duke reduktuar rrathz\u00ebt e zinj, syt\u00eb e enjtur dhe rrudhat rreth zon\u00ebs s\u00eb syrit. Veprimi i serumit fuqizohet nga p\u00ebrb\u00ebr\u00ebsi antioksidant i specializuar Venecuane, i cili pengon veprimin e radikaleve t\u00eb lira dhe mbron l\u00ebkur\u00ebn nga d\u00ebmtimet e rrezeve UVA. L\u00ebkura e k\u00ebsaj zone do t\u00eb ngelet e hidratuar, e tendosur dhe me shk\u00eblqim t\u00eb sh\u00ebndetsh\u00ebm.<\/p>\n<p>P\u00ebrdorimi: Apliko disa pika n\u00eb l\u00ebkur\u00eb t\u00eb past\u00ebr dhe masazhoje derisa t\u00eb absorbohet.<\/p>\n<p>Ingredient\u00ebt kryesor\u00eb: Venuceane 5%,<br \/>\nEyedeline 2%, Matrixyl 5%.<\/p>\n<table class=\"woocommerce-product-attributes shop_attributes\">\n<tbody>\n<tr class=\"woocommerce-product-attributes-item woocommerce-product-attributes-item--attribute_pa_size\">\n<th class=\"woocommerce-product-attributes-item__label\">Paketimi<\/th>\n<td class=\"woocommerce-product-attributes-item__value\">20mL<\/td>\n<\/tr>\n<tr class=\"woocommerce-product-attributes-item woocommerce-product-attributes-item--attribute_pa_llojet-e-lekures\">\n<th class=\"woocommerce-product-attributes-item__label\">Llojet e l\u00ebkur\u00ebs<\/th>\n<td class=\"woocommerce-product-attributes-item__value\">dehidratuar, t\u00eb gjitha llojet<\/td>\n<\/tr>\n<\/tbody>\n<\/table>","protected":false},"featured_media":3264,"comment_status":"open","ping_status":"closed","template":"","meta":[],"product_brand":[],"product_cat":[55],"product_tag":[],"class_list":{"0":"post-3260","1":"product","2":"type-product","3":"status-publish","4":"has-post-thumbnail","6":"product_cat-kujdesi-i-syve","8":"first","9":"instock","10":"shipping-taxable","11":"purchasable","12":"product-type-simple"},"_links":{"self":[{"href":"https:\/\/perfectestetica.al\/en\/wp-json\/wp\/v2\/product\/3260","targetHints":{"allow":["GET"]}}],"collection":[{"href":"https:\/\/perfectestetica.al\/en\/wp-json\/wp\/v2\/product"}],"about":[{"href":"https:\/\/perfectestetica.al\/en\/wp-json\/wp\/v2\/types\/product"}],"replies":[{"embeddable":true,"href":"https:\/\/perfectestetica.al\/en\/wp-json\/wp\/v2\/comments?post=3260"}],"version-history":[{"count":1,"href":"https:\/\/perfectestetica.al\/en\/wp-json\/wp\/v2\/product\/3260\/revisions"}],"predecessor-version":[{"id":3268,"href":"https:\/\/perfectestetica.al\/en\/wp-json\/wp\/v2\/product\/3260\/revisions\/3268"}],"wp:featuredmedia":[{"embeddable":true,"href":"https:\/\/perfectestetica.al\/en\/wp-json\/wp\/v2\/media\/3264"}],"wp:attachment":[{"href":"https:\/\/perfectestetica.al\/en\/wp-json\/wp\/v2\/media?parent=3260"}],"wp:term":[{"taxonomy":"product_brand","embeddable":true,"href":"https:\/\/perfectestetica.al\/en\/wp-json\/wp\/v2\/product_brand?post=3260"},{"taxonomy":"product_cat","embeddable":true,"href":"https:\/\/perfectestetica.al\/en\/wp-json\/wp\/v2\/product_cat?post=3260"},{"taxonomy":"product_tag","embeddable":true,"href":"https:\/\/perfectestetica.al\/en\/wp-json\/wp\/v2\/product_tag?post=3260"}],"curies":[{"name":"wp","href":"https:\/\/api.w.org\/{rel}","templated":true}]}}