{"id":3259,"date":"2023-02-03T22:24:18","date_gmt":"2023-02-03T21:24:18","guid":{"rendered":"https:\/\/perfectestetica.al\/?post_type=product&#038;p=3259"},"modified":"2023-02-03T22:24:40","modified_gmt":"2023-02-03T21:24:40","slug":"eye-shine-mask","status":"publish","type":"product","link":"https:\/\/perfectestetica.al\/en\/product\/eye-shine-mask\/","title":{"rendered":"Eye Shine Mask"},"content":{"rendered":"","protected":false},"excerpt":{"rendered":"<p>Mask\u00eb multi-funksionale e targetuar p\u00ebr zon\u00ebn rreth syve.<\/p>\n<p>Veprimi: Hidraton, revitalizon, stimulon dhe zbut l\u00ebkur\u00ebn. P\u00ebrmir\u00ebson pamjen e saj, duke zvog\u00ebluar rrath\u00ebt e zinj dhe syt\u00eb e enjtur. Ka konsistenc\u00eb kremoze q\u00eb p\u00ebrmban peptidin Matrixyl, q\u00eb aktivizon prodhimin e kolagjenit dhe acidit hialuronik duke zbutur linjat e mimik\u00ebs dhe rrudhat. Eyedeline, nj\u00eb p\u00ebrb\u00ebr\u00ebs bioteknik me origjin\u00eb detare, rigjeneron dhe detoksifikon l\u00ebkur\u00ebn, duke reduktuar rrath\u00ebt e zinj dhe syt\u00eb e enjtur, si dhe rrudhat rreth zon\u00ebs s\u00eb syrit. Kolagjeni ndihmon n\u00eb rivendosjen e q\u00ebndrueshm\u00ebris\u00eb dhe but\u00ebsis\u00eb s\u00eb l\u00ebkur\u00ebs.<\/p>\n<p>P\u00ebrdorimi: Apliko nj\u00eb shtres\u00eb t\u00eb trash\u00eb rreth syve (jo mbi qepalla), lejoje t\u00eb thahet dhe hiqe me uj\u00eb.<\/p>\n<p>Ingredient\u00ebt kryesor\u00eb: Marine Collagen, Eyedeline, Matrixyl, Kaolin.<\/p>\n<table class=\"woocommerce-product-attributes shop_attributes\">\n<tbody>\n<tr class=\"woocommerce-product-attributes-item woocommerce-product-attributes-item--attribute_pa_size\">\n<th class=\"woocommerce-product-attributes-item__label\">Paketimi<\/th>\n<td class=\"woocommerce-product-attributes-item__value\">50mL<\/td>\n<\/tr>\n<tr class=\"woocommerce-product-attributes-item woocommerce-product-attributes-item--attribute_pa_llojet-e-lekures\">\n<th class=\"woocommerce-product-attributes-item__label\">Llojet e l\u00ebkur\u00ebs<\/th>\n<td class=\"woocommerce-product-attributes-item__value\">dehidratuar, t\u00eb gjitha llojet<\/td>\n<\/tr>\n<\/tbody>\n<\/table>","protected":false},"featured_media":3263,"comment_status":"open","ping_status":"closed","template":"","meta":[],"product_brand":[],"product_cat":[55],"product_tag":[],"class_list":{"0":"post-3259","1":"product","2":"type-product","3":"status-publish","4":"has-post-thumbnail","6":"product_cat-kujdesi-i-syve","8":"first","9":"instock","10":"shipping-taxable","11":"purchasable","12":"product-type-simple"},"_links":{"self":[{"href":"https:\/\/perfectestetica.al\/en\/wp-json\/wp\/v2\/product\/3259","targetHints":{"allow":["GET"]}}],"collection":[{"href":"https:\/\/perfectestetica.al\/en\/wp-json\/wp\/v2\/product"}],"about":[{"href":"https:\/\/perfectestetica.al\/en\/wp-json\/wp\/v2\/types\/product"}],"replies":[{"embeddable":true,"href":"https:\/\/perfectestetica.al\/en\/wp-json\/wp\/v2\/comments?post=3259"}],"version-history":[{"count":1,"href":"https:\/\/perfectestetica.al\/en\/wp-json\/wp\/v2\/product\/3259\/revisions"}],"predecessor-version":[{"id":3267,"href":"https:\/\/perfectestetica.al\/en\/wp-json\/wp\/v2\/product\/3259\/revisions\/3267"}],"wp:featuredmedia":[{"embeddable":true,"href":"https:\/\/perfectestetica.al\/en\/wp-json\/wp\/v2\/media\/3263"}],"wp:attachment":[{"href":"https:\/\/perfectestetica.al\/en\/wp-json\/wp\/v2\/media?parent=3259"}],"wp:term":[{"taxonomy":"product_brand","embeddable":true,"href":"https:\/\/perfectestetica.al\/en\/wp-json\/wp\/v2\/product_brand?post=3259"},{"taxonomy":"product_cat","embeddable":true,"href":"https:\/\/perfectestetica.al\/en\/wp-json\/wp\/v2\/product_cat?post=3259"},{"taxonomy":"product_tag","embeddable":true,"href":"https:\/\/perfectestetica.al\/en\/wp-json\/wp\/v2\/product_tag?post=3259"}],"curies":[{"name":"wp","href":"https:\/\/api.w.org\/{rel}","templated":true}]}}