{"id":3258,"date":"2023-02-03T22:24:15","date_gmt":"2023-02-03T21:24:15","guid":{"rendered":"https:\/\/perfectestetica.al\/?post_type=product&#038;p=3258"},"modified":"2023-02-03T22:24:46","modified_gmt":"2023-02-03T21:24:46","slug":"eye-shine-cream","status":"publish","type":"product","link":"https:\/\/perfectestetica.al\/en\/product\/eye-shine-cream\/","title":{"rendered":"Eye Shine Cream"},"content":{"rendered":"","protected":false},"excerpt":{"rendered":"<p>Krem multifunksional i targetuar p\u00ebr zon\u00ebn rreth syve.<\/p>\n<p>Veprimi: Nj\u00eb xhel-krem i specializuar, q\u00eb kombinon vitamin\u00eb C, Hesperidin A-G, ekstrakt Aldavine dhe Chrysanthemum, nj\u00eb koktej i fuqish\u00ebm q\u00eb zvog\u00eblon n\u00eb m\u00ebnyr\u00eb drastike rrath\u00ebt e zinj dhe syt\u00eb e enjtur, duke ruajtur integritetin e kapilar\u00ebve t\u00eb zon\u00ebs s\u00eb syve. I pasuruar me ekstraktin e lules Sambucus, lufton fryrjet e syve, rrath\u00ebt e zinj dhe redukton inflamacionet e l\u00ebkur\u00ebs. Vitamina E dhe Matrixyl zbusin linjat fine dhe rrudhat dhe aktivizojn\u00eb prodhimin e kolagjenit dhe<br \/>\nacidit hyaluronik, duke p\u00ebrmir\u00ebsuar k\u00ebshtu konsistenc\u00ebn e l\u00ebkur\u00ebs. Thithet leht\u00eb dhe nuk shkakton irritim.<\/p>\n<p>Perdorimi: Apliko rreth syve (jo mbi qepalla) dhe masazhoje but\u00ebsisht derisa t\u00eb absorbohet.<\/p>\n<p>Ingredient\u00ebt kryesor\u00eb: Vitamin E, Ascorbic Acid (3-O Ethyl Ascorbic Acid), A-G Hesperidin, Aldavine, A2 Blockers, Matrixyl, Sambucus Flower Extract, Arginine.<\/p>\n<table class=\"woocommerce-product-attributes shop_attributes\">\n<tbody>\n<tr class=\"woocommerce-product-attributes-item woocommerce-product-attributes-item--attribute_pa_size\">\n<th class=\"woocommerce-product-attributes-item__label\">Paketimi<\/th>\n<td class=\"woocommerce-product-attributes-item__value\">20mL<\/td>\n<\/tr>\n<tr class=\"woocommerce-product-attributes-item woocommerce-product-attributes-item--attribute_pa_llojet-e-lekures\">\n<th class=\"woocommerce-product-attributes-item__label\">Llojet e l\u00ebkur\u00ebs<\/th>\n<td class=\"woocommerce-product-attributes-item__value\">dehidratuar, e maturuar, t\u00eb gjitha llojet<\/td>\n<\/tr>\n<\/tbody>\n<\/table>","protected":false},"featured_media":3262,"comment_status":"open","ping_status":"closed","template":"","meta":[],"product_brand":[],"product_cat":[55],"product_tag":[],"class_list":{"0":"post-3258","1":"product","2":"type-product","3":"status-publish","4":"has-post-thumbnail","6":"product_cat-kujdesi-i-syve","8":"first","9":"instock","10":"shipping-taxable","11":"purchasable","12":"product-type-simple"},"_links":{"self":[{"href":"https:\/\/perfectestetica.al\/en\/wp-json\/wp\/v2\/product\/3258","targetHints":{"allow":["GET"]}}],"collection":[{"href":"https:\/\/perfectestetica.al\/en\/wp-json\/wp\/v2\/product"}],"about":[{"href":"https:\/\/perfectestetica.al\/en\/wp-json\/wp\/v2\/types\/product"}],"replies":[{"embeddable":true,"href":"https:\/\/perfectestetica.al\/en\/wp-json\/wp\/v2\/comments?post=3258"}],"version-history":[{"count":1,"href":"https:\/\/perfectestetica.al\/en\/wp-json\/wp\/v2\/product\/3258\/revisions"}],"predecessor-version":[{"id":3266,"href":"https:\/\/perfectestetica.al\/en\/wp-json\/wp\/v2\/product\/3258\/revisions\/3266"}],"wp:featuredmedia":[{"embeddable":true,"href":"https:\/\/perfectestetica.al\/en\/wp-json\/wp\/v2\/media\/3262"}],"wp:attachment":[{"href":"https:\/\/perfectestetica.al\/en\/wp-json\/wp\/v2\/media?parent=3258"}],"wp:term":[{"taxonomy":"product_brand","embeddable":true,"href":"https:\/\/perfectestetica.al\/en\/wp-json\/wp\/v2\/product_brand?post=3258"},{"taxonomy":"product_cat","embeddable":true,"href":"https:\/\/perfectestetica.al\/en\/wp-json\/wp\/v2\/product_cat?post=3258"},{"taxonomy":"product_tag","embeddable":true,"href":"https:\/\/perfectestetica.al\/en\/wp-json\/wp\/v2\/product_tag?post=3258"}],"curies":[{"name":"wp","href":"https:\/\/api.w.org\/{rel}","templated":true}]}}