{"id":3257,"date":"2023-02-03T22:24:10","date_gmt":"2023-02-03T21:24:10","guid":{"rendered":"https:\/\/perfectestetica.al\/?post_type=product&#038;p=3257"},"modified":"2023-02-03T22:24:11","modified_gmt":"2023-02-03T21:24:11","slug":"biphase-eye-make-up-remover","status":"publish","type":"product","link":"https:\/\/perfectestetica.al\/en\/product\/biphase-eye-make-up-remover\/","title":{"rendered":"Biphase Eye Make Up Remover"},"content":{"rendered":"","protected":false},"excerpt":{"rendered":"<p>Produkt pastrues dy-fazor (vaj, uj\u00eb) p\u00ebr zon\u00ebn rreth syve.<\/p>\n<p>Veprimi: Nj\u00eb produkt pastrimi me aloe dhe me nj\u00eb p\u00ebrzierje t\u00eb ve\u00e7ant\u00eb t\u00eb vajrave bimore jo-irrituese p\u00ebr heqjen e shpejt\u00eb dhe t\u00eb leht\u00eb t\u00eb grimit nga zona e ndjeshme e syve. E heq leht\u00ebsisht grimin pa shkaktuar irritim dhe that\u00ebsi.<\/p>\n<p>P\u00ebrdorimi: Apliko nj\u00eb sasi t\u00eb vog\u00ebl n\u00eb zon\u00ebn rreth syve duke p\u00ebrdorur pambuk. Shkunde mir\u00eb para p\u00ebrdorimi.<\/p>\n<p>Ingredient\u00ebt kryesor\u00eb: Emollients Blend Oils, Aloe Vera.<\/p>\n<table class=\"woocommerce-product-attributes shop_attributes\">\n<tbody>\n<tr class=\"woocommerce-product-attributes-item woocommerce-product-attributes-item--attribute_pa_size\">\n<th class=\"woocommerce-product-attributes-item__label\">Paketimi<\/th>\n<td class=\"woocommerce-product-attributes-item__value\">210mL<\/td>\n<\/tr>\n<tr class=\"woocommerce-product-attributes-item woocommerce-product-attributes-item--attribute_pa_llojet-e-lekures\">\n<th class=\"woocommerce-product-attributes-item__label\">Llojet e l\u00ebkur\u00ebs<\/th>\n<td class=\"woocommerce-product-attributes-item__value\">dehidratuar, t\u00eb gjitha llojet<\/td>\n<\/tr>\n<\/tbody>\n<\/table>","protected":false},"featured_media":3261,"comment_status":"open","ping_status":"closed","template":"","meta":[],"product_brand":[],"product_cat":[55],"product_tag":[],"class_list":{"0":"post-3257","1":"product","2":"type-product","3":"status-publish","4":"has-post-thumbnail","6":"product_cat-kujdesi-i-syve","8":"first","9":"instock","10":"shipping-taxable","11":"purchasable","12":"product-type-simple"},"_links":{"self":[{"href":"https:\/\/perfectestetica.al\/en\/wp-json\/wp\/v2\/product\/3257","targetHints":{"allow":["GET"]}}],"collection":[{"href":"https:\/\/perfectestetica.al\/en\/wp-json\/wp\/v2\/product"}],"about":[{"href":"https:\/\/perfectestetica.al\/en\/wp-json\/wp\/v2\/types\/product"}],"replies":[{"embeddable":true,"href":"https:\/\/perfectestetica.al\/en\/wp-json\/wp\/v2\/comments?post=3257"}],"version-history":[{"count":1,"href":"https:\/\/perfectestetica.al\/en\/wp-json\/wp\/v2\/product\/3257\/revisions"}],"predecessor-version":[{"id":3265,"href":"https:\/\/perfectestetica.al\/en\/wp-json\/wp\/v2\/product\/3257\/revisions\/3265"}],"wp:featuredmedia":[{"embeddable":true,"href":"https:\/\/perfectestetica.al\/en\/wp-json\/wp\/v2\/media\/3261"}],"wp:attachment":[{"href":"https:\/\/perfectestetica.al\/en\/wp-json\/wp\/v2\/media?parent=3257"}],"wp:term":[{"taxonomy":"product_brand","embeddable":true,"href":"https:\/\/perfectestetica.al\/en\/wp-json\/wp\/v2\/product_brand?post=3257"},{"taxonomy":"product_cat","embeddable":true,"href":"https:\/\/perfectestetica.al\/en\/wp-json\/wp\/v2\/product_cat?post=3257"},{"taxonomy":"product_tag","embeddable":true,"href":"https:\/\/perfectestetica.al\/en\/wp-json\/wp\/v2\/product_tag?post=3257"}],"curies":[{"name":"wp","href":"https:\/\/api.w.org\/{rel}","templated":true}]}}