{"id":3254,"date":"2023-02-03T22:20:56","date_gmt":"2023-02-03T21:20:56","guid":{"rendered":"https:\/\/perfectestetica.al\/?post_type=product&#038;p=3254"},"modified":"2023-02-03T22:20:56","modified_gmt":"2023-02-03T21:20:56","slug":"vitamin-c-serum","status":"publish","type":"product","link":"https:\/\/perfectestetica.al\/en\/product\/vitamin-c-serum\/","title":{"rendered":"Vitamin C Serum"},"content":{"rendered":"","protected":false},"excerpt":{"rendered":"<p>Serum hidratues dhe antikosidues per te gjitha llojet e lekur\u00ebs.<\/p>\n<p>Veprimi: Nj\u00eb serum i stabilizuar me vitamin\u00eb C me glukoz\u00eb (AA2G) q\u00eb ka nj\u00eb mekaniz\u00ebm veprimi q\u00eb ofron stabilitet dhe efektivitet t\u00eb lart\u00eb. Kur forma specifike e vitamin\u00ebs vjen n\u00eb kontakt me l\u00ebkur\u00ebn, enzima a-glucosidase n\u00eb l\u00ebkur\u00eb, \u201cndan\u201d AA2G dhe l\u00eb t\u00eb lir\u00eb Vitamin\u00ebn C. AA2G rrit sintez\u00ebn e kolagjenit n\u00eb fibroblaste, redukton diskolorimet, eritem\u00ebn dhe edem\u00ebn, si dhe rrudhat dhe linjat fine. Hidraton dhe ndihmon n\u00eb p\u00ebrmir\u00ebsimin e l\u00ebkur\u00ebs me pap\u00ebrsosm\u00ebri, rikthen nj\u00eb shk\u00eblqim t\u00eb sh\u00ebndetsh\u00ebm, rigjeneron gjith\u00eb kompleksitetin. Ideal p\u00ebr parandalimin e photo-aging.<\/p>\n<p>P\u00ebrdorimi: Apliko disa pika n\u00eb l\u00ebkur\u00eb t\u00eb past\u00ebr dhe masazhoje derisa t\u00eb absorbohet.<\/p>\n<p>Ingredient\u00ebt kryesor\u00eb: Vitamin C (AA2G) 1%.<\/p>\n<table class=\"woocommerce-product-attributes shop_attributes\">\n<tbody>\n<tr class=\"woocommerce-product-attributes-item woocommerce-product-attributes-item--attribute_pa_size\">\n<th class=\"woocommerce-product-attributes-item__label\">Paketimi<\/th>\n<td class=\"woocommerce-product-attributes-item__value\">20mL<\/td>\n<\/tr>\n<tr class=\"woocommerce-product-attributes-item woocommerce-product-attributes-item--attribute_pa_llojet-e-lekures\">\n<th class=\"woocommerce-product-attributes-item__label\">Llojet e l\u00ebkur\u00ebs<\/th>\n<td class=\"woocommerce-product-attributes-item__value\">t\u00eb gjitha llojet<\/td>\n<\/tr>\n<\/tbody>\n<\/table>","protected":false},"featured_media":3255,"comment_status":"open","ping_status":"closed","template":"","meta":[],"product_brand":[],"product_cat":[54],"product_tag":[],"class_list":{"0":"post-3254","1":"product","2":"type-product","3":"status-publish","4":"has-post-thumbnail","6":"product_cat-serumet","8":"first","9":"instock","10":"shipping-taxable","11":"purchasable","12":"product-type-simple"},"_links":{"self":[{"href":"https:\/\/perfectestetica.al\/en\/wp-json\/wp\/v2\/product\/3254","targetHints":{"allow":["GET"]}}],"collection":[{"href":"https:\/\/perfectestetica.al\/en\/wp-json\/wp\/v2\/product"}],"about":[{"href":"https:\/\/perfectestetica.al\/en\/wp-json\/wp\/v2\/types\/product"}],"replies":[{"embeddable":true,"href":"https:\/\/perfectestetica.al\/en\/wp-json\/wp\/v2\/comments?post=3254"}],"version-history":[{"count":1,"href":"https:\/\/perfectestetica.al\/en\/wp-json\/wp\/v2\/product\/3254\/revisions"}],"predecessor-version":[{"id":3256,"href":"https:\/\/perfectestetica.al\/en\/wp-json\/wp\/v2\/product\/3254\/revisions\/3256"}],"wp:featuredmedia":[{"embeddable":true,"href":"https:\/\/perfectestetica.al\/en\/wp-json\/wp\/v2\/media\/3255"}],"wp:attachment":[{"href":"https:\/\/perfectestetica.al\/en\/wp-json\/wp\/v2\/media?parent=3254"}],"wp:term":[{"taxonomy":"product_brand","embeddable":true,"href":"https:\/\/perfectestetica.al\/en\/wp-json\/wp\/v2\/product_brand?post=3254"},{"taxonomy":"product_cat","embeddable":true,"href":"https:\/\/perfectestetica.al\/en\/wp-json\/wp\/v2\/product_cat?post=3254"},{"taxonomy":"product_tag","embeddable":true,"href":"https:\/\/perfectestetica.al\/en\/wp-json\/wp\/v2\/product_tag?post=3254"}],"curies":[{"name":"wp","href":"https:\/\/api.w.org\/{rel}","templated":true}]}}