{"id":3234,"date":"2023-02-03T22:17:33","date_gmt":"2023-02-03T21:17:33","guid":{"rendered":"https:\/\/perfectestetica.al\/?post_type=product&#038;p=3234"},"modified":"2023-02-03T22:17:33","modified_gmt":"2023-02-03T21:17:33","slug":"hydra-repairing-serum","status":"publish","type":"product","link":"https:\/\/perfectestetica.al\/en\/product\/hydra-repairing-serum\/","title":{"rendered":"Hydra Repairing Serum"},"content":{"rendered":"","protected":false},"excerpt":{"rendered":"<p>Serum hidratues, riparues p\u00ebr t\u00eb gjitha llojet e l\u00ebkur\u00ebs.<\/p>\n<p>Veprimi: Nj\u00eb serum q\u00eb p\u00ebrmban bakter Bifidus dhe proteina t\u00eb qum\u00ebshtit. Stimulon sistemin enzimatik t\u00eb l\u00ebkur\u00ebs dhe \u00ebsht\u00eb n\u00eb gjendje t\u00eb identifikoj\u00eb dhe riparoj\u00eb d\u00ebmet e ADN-s\u00eb n\u00eb qelizat e l\u00ebkur\u00ebs. I fuqizuar me Ceramides 3B (biofermentim) ndihmon n\u00eb rregullimin e lipideve t\u00eb stratum corneum dhe forcon barrier\u00ebn e l\u00ebkur\u00ebs duke rritur kapacitetet rigjeneruese t\u00eb saj. Hidraton dhe p\u00ebrmir\u00ebson tekstur\u00ebn e l\u00ebkur\u00ebs. Rekomandohet p\u00ebr shenjat e hershme t\u00eb plakjes dhe p\u00ebr mbrojtje parandaluese.<\/p>\n<p>P\u00ebrdorimi: Apliko disa pika n\u00eb l\u00ebkur\u00eb t\u00eb past\u00ebr dhe masazhoje derisa t\u00eb absorbohet.<\/p>\n<p>Ingredient\u00ebt kryesor\u00eb: Bifidus (Repair Complex)1 0% , Lac tokine (Milk Peptide) 5% ,Ceramide 3B<\/p>\n<table class=\"woocommerce-product-attributes shop_attributes\">\n<tbody>\n<tr class=\"woocommerce-product-attributes-item woocommerce-product-attributes-item--attribute_pa_size\">\n<th class=\"woocommerce-product-attributes-item__label\">Paketimi<\/th>\n<td class=\"woocommerce-product-attributes-item__value\">20mL<\/td>\n<\/tr>\n<tr class=\"woocommerce-product-attributes-item woocommerce-product-attributes-item--attribute_pa_llojet-e-lekures\">\n<th class=\"woocommerce-product-attributes-item__label\">Llojet e l\u00ebkur\u00ebs<\/th>\n<td class=\"woocommerce-product-attributes-item__value\">t\u00eb gjitha llojet<\/td>\n<\/tr>\n<\/tbody>\n<\/table>","protected":false},"featured_media":3241,"comment_status":"open","ping_status":"closed","template":"","meta":[],"product_brand":[],"product_cat":[54],"product_tag":[],"class_list":{"0":"post-3234","1":"product","2":"type-product","3":"status-publish","4":"has-post-thumbnail","6":"product_cat-serumet","8":"first","9":"instock","10":"shipping-taxable","11":"purchasable","12":"product-type-simple"},"_links":{"self":[{"href":"https:\/\/perfectestetica.al\/en\/wp-json\/wp\/v2\/product\/3234","targetHints":{"allow":["GET"]}}],"collection":[{"href":"https:\/\/perfectestetica.al\/en\/wp-json\/wp\/v2\/product"}],"about":[{"href":"https:\/\/perfectestetica.al\/en\/wp-json\/wp\/v2\/types\/product"}],"replies":[{"embeddable":true,"href":"https:\/\/perfectestetica.al\/en\/wp-json\/wp\/v2\/comments?post=3234"}],"version-history":[{"count":1,"href":"https:\/\/perfectestetica.al\/en\/wp-json\/wp\/v2\/product\/3234\/revisions"}],"predecessor-version":[{"id":3249,"href":"https:\/\/perfectestetica.al\/en\/wp-json\/wp\/v2\/product\/3234\/revisions\/3249"}],"wp:featuredmedia":[{"embeddable":true,"href":"https:\/\/perfectestetica.al\/en\/wp-json\/wp\/v2\/media\/3241"}],"wp:attachment":[{"href":"https:\/\/perfectestetica.al\/en\/wp-json\/wp\/v2\/media?parent=3234"}],"wp:term":[{"taxonomy":"product_brand","embeddable":true,"href":"https:\/\/perfectestetica.al\/en\/wp-json\/wp\/v2\/product_brand?post=3234"},{"taxonomy":"product_cat","embeddable":true,"href":"https:\/\/perfectestetica.al\/en\/wp-json\/wp\/v2\/product_cat?post=3234"},{"taxonomy":"product_tag","embeddable":true,"href":"https:\/\/perfectestetica.al\/en\/wp-json\/wp\/v2\/product_tag?post=3234"}],"curies":[{"name":"wp","href":"https:\/\/api.w.org\/{rel}","templated":true}]}}