{"id":3233,"date":"2023-02-03T22:17:12","date_gmt":"2023-02-03T21:17:12","guid":{"rendered":"https:\/\/perfectestetica.al\/?post_type=product&#038;p=3233"},"modified":"2023-02-03T22:17:12","modified_gmt":"2023-02-03T21:17:12","slug":"hydra-bonding-serum","status":"publish","type":"product","link":"https:\/\/perfectestetica.al\/en\/product\/hydra-bonding-serum\/","title":{"rendered":"Hydra Bonding Serum"},"content":{"rendered":"","protected":false},"excerpt":{"rendered":"<p>Serum hidratues, qet\u00ebsues i formuluar posa\u00e7\u00ebrisht p\u00ebr temperatura jasht\u00ebzakonisht t\u00eb ul\u00ebta dhe kushtet e that\u00ebsir\u00ebs. P\u00ebr t\u00eb gjitha llojet e l\u00ebkur\u00ebs.<\/p>\n<p>Veprimi: Ai p\u00ebrmban ANTARCTICINE (glycoprotein) dhe PENTAVITIN q\u00eb mbrojn\u00eb l\u00ebkur\u00ebn n\u00eb sinergji me dy lloje t\u00eb acidit hialuronic (HMW &amp; XSMW), q\u00eb rrisin rezervat e ujit t\u00eb l\u00ebkur\u00ebs dhe reduktojn\u00eb humbjen transdermale t\u00eb ujit. Gjithashtu, p\u00ebrmban DERMASOOTH, nj\u00eb p\u00ebrzierje t\u00eb ekstrakteve bimore dhe panthenol, q\u00eb redukton skuqjen e shkaktuar nga irritimet dhe inflamacionet dhe p\u00ebr t\u00eb mbrojtur barrier\u00ebn e l\u00ebkur\u00ebs. Shum\u00eb i p\u00ebrshtatsh\u00ebm p\u00ebr kushtet e that\u00ebsis\u00eb s\u00eb lart\u00eb n\u00eb kabin\u00ebn e aeroplanit.<\/p>\n<p>P\u00ebrdorimi: Apliko disa pika n\u00eb l\u00ebkur\u00eb t\u00eb past\u00ebr dhe masazhoje derisa t\u00eb absorbohet.<\/p>\n<p>Ingredient\u00ebt kryesor\u00eb: HMW Hyaluronic Acid 0,1%, XS Hyaluronic Acid 0.1%, Pentavitin 5%, Antarcticin 1%, Dermasooth 1.5%, Arginine, Panthenol.<\/p>\n<table class=\"woocommerce-product-attributes shop_attributes\">\n<tbody>\n<tr class=\"woocommerce-product-attributes-item woocommerce-product-attributes-item--attribute_pa_size\">\n<th class=\"woocommerce-product-attributes-item__label\">Paketimi<\/th>\n<td class=\"woocommerce-product-attributes-item__value\">20mL<\/td>\n<\/tr>\n<tr class=\"woocommerce-product-attributes-item woocommerce-product-attributes-item--attribute_pa_llojet-e-lekures\">\n<th class=\"woocommerce-product-attributes-item__label\">Llojet e l\u00ebkur\u00ebs<\/th>\n<td class=\"woocommerce-product-attributes-item__value\">t\u00eb gjitha llojet<\/td>\n<\/tr>\n<\/tbody>\n<\/table>","protected":false},"featured_media":3242,"comment_status":"open","ping_status":"closed","template":"","meta":[],"product_brand":[],"product_cat":[54],"product_tag":[],"class_list":{"0":"post-3233","1":"product","2":"type-product","3":"status-publish","4":"has-post-thumbnail","6":"product_cat-serumet","8":"first","9":"instock","10":"shipping-taxable","11":"purchasable","12":"product-type-simple"},"_links":{"self":[{"href":"https:\/\/perfectestetica.al\/en\/wp-json\/wp\/v2\/product\/3233","targetHints":{"allow":["GET"]}}],"collection":[{"href":"https:\/\/perfectestetica.al\/en\/wp-json\/wp\/v2\/product"}],"about":[{"href":"https:\/\/perfectestetica.al\/en\/wp-json\/wp\/v2\/types\/product"}],"replies":[{"embeddable":true,"href":"https:\/\/perfectestetica.al\/en\/wp-json\/wp\/v2\/comments?post=3233"}],"version-history":[{"count":1,"href":"https:\/\/perfectestetica.al\/en\/wp-json\/wp\/v2\/product\/3233\/revisions"}],"predecessor-version":[{"id":3248,"href":"https:\/\/perfectestetica.al\/en\/wp-json\/wp\/v2\/product\/3233\/revisions\/3248"}],"wp:featuredmedia":[{"embeddable":true,"href":"https:\/\/perfectestetica.al\/en\/wp-json\/wp\/v2\/media\/3242"}],"wp:attachment":[{"href":"https:\/\/perfectestetica.al\/en\/wp-json\/wp\/v2\/media?parent=3233"}],"wp:term":[{"taxonomy":"product_brand","embeddable":true,"href":"https:\/\/perfectestetica.al\/en\/wp-json\/wp\/v2\/product_brand?post=3233"},{"taxonomy":"product_cat","embeddable":true,"href":"https:\/\/perfectestetica.al\/en\/wp-json\/wp\/v2\/product_cat?post=3233"},{"taxonomy":"product_tag","embeddable":true,"href":"https:\/\/perfectestetica.al\/en\/wp-json\/wp\/v2\/product_tag?post=3233"}],"curies":[{"name":"wp","href":"https:\/\/api.w.org\/{rel}","templated":true}]}}