{"id":3232,"date":"2023-02-03T22:16:43","date_gmt":"2023-02-03T21:16:43","guid":{"rendered":"https:\/\/perfectestetica.al\/?post_type=product&#038;p=3232"},"modified":"2023-02-03T22:16:43","modified_gmt":"2023-02-03T21:16:43","slug":"hyaluronic-acid-serum","status":"publish","type":"product","link":"https:\/\/perfectestetica.al\/en\/product\/hyaluronic-acid-serum\/","title":{"rendered":"Hyaluronic Acid Serum"},"content":{"rendered":"","protected":false},"excerpt":{"rendered":"<p>Serum hidratues dhe tonifikues fytyre, p\u00ebr t\u00eb gjitha llojet e l\u00ebkur\u00ebs.<\/p>\n<p>Veprimi: Acidi hyaluronic me pesh\u00eb molekulare mesatare (MMW), krijon nj\u00eb film hidratues n\u00eb l\u00ebkur\u00eb duke zvog\u00ebluar humbjen transdermale t\u00eb ujit. Ai kontribuon n\u00eb integritetin e matriksit ekstraqelizor t\u00eb l\u00ebkur\u00ebs, duke krijuar nj\u00eb rrjet\u00eb suporti p\u00ebr fibrat e kolagjenit dhe elastin\u00ebs, duke p\u00ebrmir\u00ebsuar k\u00ebshtu konsistenc\u00ebn, elasticitetin dhe tonusin e l\u00ebkur\u00ebs. Rregullon balanc\u00ebn e ujit n\u00eb l\u00ebkur\u00eb. Rekomandohet p\u00ebr l\u00ebkur\u00ebn e that\u00eb me munges\u00eb hidratimi.<\/p>\n<p>P\u00ebrdorimi: Apliko disa pika n\u00eb l\u00ebkur\u00eb t\u00eb past\u00ebr dhe masazhoje derisa t\u00eb absorbohet.<\/p>\n<p>Ingredient\u00ebt kryesore: MMW Hyaluronic Acid 0,2%.<\/p>\n<table class=\"woocommerce-product-attributes shop_attributes\">\n<tbody>\n<tr class=\"woocommerce-product-attributes-item woocommerce-product-attributes-item--attribute_pa_size\">\n<th class=\"woocommerce-product-attributes-item__label\">Paketimi<\/th>\n<td class=\"woocommerce-product-attributes-item__value\">20mL<\/td>\n<\/tr>\n<tr class=\"woocommerce-product-attributes-item woocommerce-product-attributes-item--attribute_pa_llojet-e-lekures\">\n<th class=\"woocommerce-product-attributes-item__label\">Llojet e l\u00ebkur\u00ebs<\/th>\n<td class=\"woocommerce-product-attributes-item__value\">t\u00eb gjitha llojet<\/td>\n<\/tr>\n<\/tbody>\n<\/table>","protected":false},"featured_media":3243,"comment_status":"open","ping_status":"closed","template":"","meta":[],"product_brand":[],"product_cat":[54],"product_tag":[],"class_list":{"0":"post-3232","1":"product","2":"type-product","3":"status-publish","4":"has-post-thumbnail","6":"product_cat-serumet","8":"first","9":"instock","10":"shipping-taxable","11":"purchasable","12":"product-type-simple"},"_links":{"self":[{"href":"https:\/\/perfectestetica.al\/en\/wp-json\/wp\/v2\/product\/3232","targetHints":{"allow":["GET"]}}],"collection":[{"href":"https:\/\/perfectestetica.al\/en\/wp-json\/wp\/v2\/product"}],"about":[{"href":"https:\/\/perfectestetica.al\/en\/wp-json\/wp\/v2\/types\/product"}],"replies":[{"embeddable":true,"href":"https:\/\/perfectestetica.al\/en\/wp-json\/wp\/v2\/comments?post=3232"}],"version-history":[{"count":2,"href":"https:\/\/perfectestetica.al\/en\/wp-json\/wp\/v2\/product\/3232\/revisions"}],"predecessor-version":[{"id":3247,"href":"https:\/\/perfectestetica.al\/en\/wp-json\/wp\/v2\/product\/3232\/revisions\/3247"}],"wp:featuredmedia":[{"embeddable":true,"href":"https:\/\/perfectestetica.al\/en\/wp-json\/wp\/v2\/media\/3243"}],"wp:attachment":[{"href":"https:\/\/perfectestetica.al\/en\/wp-json\/wp\/v2\/media?parent=3232"}],"wp:term":[{"taxonomy":"product_brand","embeddable":true,"href":"https:\/\/perfectestetica.al\/en\/wp-json\/wp\/v2\/product_brand?post=3232"},{"taxonomy":"product_cat","embeddable":true,"href":"https:\/\/perfectestetica.al\/en\/wp-json\/wp\/v2\/product_cat?post=3232"},{"taxonomy":"product_tag","embeddable":true,"href":"https:\/\/perfectestetica.al\/en\/wp-json\/wp\/v2\/product_tag?post=3232"}],"curies":[{"name":"wp","href":"https:\/\/api.w.org\/{rel}","templated":true}]}}