{"id":3231,"date":"2023-02-03T22:16:23","date_gmt":"2023-02-03T21:16:23","guid":{"rendered":"https:\/\/perfectestetica.al\/?post_type=product&#038;p=3231"},"modified":"2023-02-03T22:16:23","modified_gmt":"2023-02-03T21:16:23","slug":"forte-c-12","status":"publish","type":"product","link":"https:\/\/perfectestetica.al\/en\/product\/forte-c-12\/","title":{"rendered":"Forte C 12%"},"content":{"rendered":"","protected":false},"excerpt":{"rendered":"<p>Serum me vitamin\u00eb C t\u00eb past\u00ebr, p\u00ebr t\u00eb<br \/>\ngjitha llojet e l\u00ebkur\u00ebs.<\/p>\n<p>Veprimi: Vitamin C e past\u00ebr n\u00eb form\u00eb pluhuri (L-ascorbic acid) krijon serumin me p\u00ebrq\u00ebndrim 12% (sol.) p\u00ebrpara p\u00ebrdorimit t\u00eb par\u00eb. Vitamina C ka nj\u00eb rang t\u00eb gjer\u00eb veprimesh. Sipas studimeve klinike ajo sh\u00ebrben si antioksidant, hidratant, tonifikon l\u00ebkur\u00ebn dhe e rigjeneron at\u00eb. Gjithashtu ka dhe veti zbardhuese. Hidraton dhe e rigjall\u00ebron l\u00ebkur\u00ebn duke e p\u00ebrmir\u00ebsuar pamjen, tonalitetin dhe cil\u00ebsin\u00eb e saj.<\/p>\n<p>P\u00ebrdorimi: Shtyp valvul\u00ebn p\u00ebr t\u00eb liruar pluhurin n\u00eb tret\u00ebsir\u00eb dhe shkunde mir\u00eb derisa t\u00eb jet\u00eb tretur plot\u00ebsisht. Apliko disa pika n\u00eb l\u00ebkur\u00eb t\u00eb past\u00ebr duke masazhuar derisa t\u00eb absorbohet.<\/p>\n<p>Ingredient\u00ebt kryesor\u00eb: L-Ascorbic Acid 12%,A-Bisabolol, Aloe Vera.<\/p>\n<table class=\"woocommerce-product-attributes shop_attributes\">\n<tbody>\n<tr class=\"woocommerce-product-attributes-item woocommerce-product-attributes-item--attribute_pa_size\">\n<th class=\"woocommerce-product-attributes-item__label\">Paketimi<\/th>\n<td class=\"woocommerce-product-attributes-item__value\">10mL<\/td>\n<\/tr>\n<tr class=\"woocommerce-product-attributes-item woocommerce-product-attributes-item--attribute_pa_llojet-e-lekures\">\n<th class=\"woocommerce-product-attributes-item__label\">Llojet e l\u00ebkur\u00ebs<\/th>\n<td class=\"woocommerce-product-attributes-item__value\">t\u00eb gjitha llojet<\/td>\n<\/tr>\n<\/tbody>\n<\/table>","protected":false},"featured_media":3244,"comment_status":"open","ping_status":"closed","template":"","meta":[],"product_brand":[],"product_cat":[54],"product_tag":[],"class_list":{"0":"post-3231","1":"product","2":"type-product","3":"status-publish","4":"has-post-thumbnail","6":"product_cat-serumet","8":"first","9":"instock","10":"shipping-taxable","11":"purchasable","12":"product-type-simple"},"_links":{"self":[{"href":"https:\/\/perfectestetica.al\/en\/wp-json\/wp\/v2\/product\/3231","targetHints":{"allow":["GET"]}}],"collection":[{"href":"https:\/\/perfectestetica.al\/en\/wp-json\/wp\/v2\/product"}],"about":[{"href":"https:\/\/perfectestetica.al\/en\/wp-json\/wp\/v2\/types\/product"}],"replies":[{"embeddable":true,"href":"https:\/\/perfectestetica.al\/en\/wp-json\/wp\/v2\/comments?post=3231"}],"version-history":[{"count":1,"href":"https:\/\/perfectestetica.al\/en\/wp-json\/wp\/v2\/product\/3231\/revisions"}],"predecessor-version":[{"id":3245,"href":"https:\/\/perfectestetica.al\/en\/wp-json\/wp\/v2\/product\/3231\/revisions\/3245"}],"wp:featuredmedia":[{"embeddable":true,"href":"https:\/\/perfectestetica.al\/en\/wp-json\/wp\/v2\/media\/3244"}],"wp:attachment":[{"href":"https:\/\/perfectestetica.al\/en\/wp-json\/wp\/v2\/media?parent=3231"}],"wp:term":[{"taxonomy":"product_brand","embeddable":true,"href":"https:\/\/perfectestetica.al\/en\/wp-json\/wp\/v2\/product_brand?post=3231"},{"taxonomy":"product_cat","embeddable":true,"href":"https:\/\/perfectestetica.al\/en\/wp-json\/wp\/v2\/product_cat?post=3231"},{"taxonomy":"product_tag","embeddable":true,"href":"https:\/\/perfectestetica.al\/en\/wp-json\/wp\/v2\/product_tag?post=3231"}],"curies":[{"name":"wp","href":"https:\/\/api.w.org\/{rel}","templated":true}]}}