{"id":3222,"date":"2023-02-03T14:34:16","date_gmt":"2023-02-03T13:34:16","guid":{"rendered":"https:\/\/perfectestetica.al\/?post_type=product&#038;p=3222"},"modified":"2023-02-03T14:34:17","modified_gmt":"2023-02-03T13:34:17","slug":"folic-acid-b9-serum","status":"publish","type":"product","link":"https:\/\/perfectestetica.al\/en\/product\/folic-acid-b9-serum\/","title":{"rendered":"Folic Acid (B9) Serum"},"content":{"rendered":"","protected":false},"excerpt":{"rendered":"<p>Serum rinovues p\u00ebr t\u00eb gjitha llojet e l\u00ebkur\u00ebs.<\/p>\n<p>Veprimi: Acidi folik i cili rrjedh nga fermentimi bakterial (Biofermentation) ofron efekte t\u00eb shumta n\u00eb l\u00ebkur\u00eb. Ai stimulon metabolizmin e proteinave dhe forcon sistemin imunitar. P\u00ebrmir\u00ebson dhe redukton pap\u00ebrsosm\u00ebrit\u00eb e l\u00ebkur\u00ebs<br \/>\nduke stimuluar rritjen qelizore, dhe ofron hidratim dhe efekt anti-histaminik. Ai mbron l\u00ebkur\u00ebn nga rrezatimi UV, nd\u00ebrkoh\u00eb q\u00eb korrigjon pap\u00ebrsosm\u00ebrit\u00eb dhe shenjat e koh\u00ebs.<\/p>\n<p>P\u00ebrdorimi: Apliko disa pika n\u00eb l\u00ebkur\u00eb t\u00eb past\u00ebr dhe masazhoje derisa t\u00eb absorbohet.<\/p>\n<p>Ingredient\u00ebt kryesor\u00eb: Vitamin B9 (Folic Acid) 3%.<\/p>\n<table class=\"woocommerce-product-attributes shop_attributes\">\n<tbody>\n<tr class=\"woocommerce-product-attributes-item woocommerce-product-attributes-item--attribute_pa_size\">\n<th class=\"woocommerce-product-attributes-item__label\">Paketimi<\/th>\n<td class=\"woocommerce-product-attributes-item__value\">20mL<\/td>\n<\/tr>\n<tr class=\"woocommerce-product-attributes-item woocommerce-product-attributes-item--attribute_pa_llojet-e-lekures\">\n<th class=\"woocommerce-product-attributes-item__label\">Llojet e l\u00ebkur\u00ebs<\/th>\n<td class=\"woocommerce-product-attributes-item__value\">t\u00eb gjitha llojet<\/td>\n<\/tr>\n<\/tbody>\n<\/table>","protected":false},"featured_media":3226,"comment_status":"open","ping_status":"closed","template":"","meta":[],"product_brand":[],"product_cat":[54],"product_tag":[],"class_list":{"0":"post-3222","1":"product","2":"type-product","3":"status-publish","4":"has-post-thumbnail","6":"product_cat-serumet","8":"first","9":"instock","10":"shipping-taxable","11":"purchasable","12":"product-type-simple"},"_links":{"self":[{"href":"https:\/\/perfectestetica.al\/en\/wp-json\/wp\/v2\/product\/3222","targetHints":{"allow":["GET"]}}],"collection":[{"href":"https:\/\/perfectestetica.al\/en\/wp-json\/wp\/v2\/product"}],"about":[{"href":"https:\/\/perfectestetica.al\/en\/wp-json\/wp\/v2\/types\/product"}],"replies":[{"embeddable":true,"href":"https:\/\/perfectestetica.al\/en\/wp-json\/wp\/v2\/comments?post=3222"}],"version-history":[{"count":1,"href":"https:\/\/perfectestetica.al\/en\/wp-json\/wp\/v2\/product\/3222\/revisions"}],"predecessor-version":[{"id":3230,"href":"https:\/\/perfectestetica.al\/en\/wp-json\/wp\/v2\/product\/3222\/revisions\/3230"}],"wp:featuredmedia":[{"embeddable":true,"href":"https:\/\/perfectestetica.al\/en\/wp-json\/wp\/v2\/media\/3226"}],"wp:attachment":[{"href":"https:\/\/perfectestetica.al\/en\/wp-json\/wp\/v2\/media?parent=3222"}],"wp:term":[{"taxonomy":"product_brand","embeddable":true,"href":"https:\/\/perfectestetica.al\/en\/wp-json\/wp\/v2\/product_brand?post=3222"},{"taxonomy":"product_cat","embeddable":true,"href":"https:\/\/perfectestetica.al\/en\/wp-json\/wp\/v2\/product_cat?post=3222"},{"taxonomy":"product_tag","embeddable":true,"href":"https:\/\/perfectestetica.al\/en\/wp-json\/wp\/v2\/product_tag?post=3222"}],"curies":[{"name":"wp","href":"https:\/\/api.w.org\/{rel}","templated":true}]}}