{"id":3221,"date":"2023-02-03T14:33:57","date_gmt":"2023-02-03T13:33:57","guid":{"rendered":"https:\/\/perfectestetica.al\/?post_type=product&#038;p=3221"},"modified":"2023-02-03T14:33:57","modified_gmt":"2023-02-03T13:33:57","slug":"flashlifting-serum","status":"publish","type":"product","link":"https:\/\/perfectestetica.al\/en\/product\/flashlifting-serum\/","title":{"rendered":"FlashLifting Serum"},"content":{"rendered":"","protected":false},"excerpt":{"rendered":"<p>Serum p\u00ebr lifting t\u00eb menj\u00ebhersh\u00ebm p\u00ebr t\u00eb gjitha llojet e l\u00ebkur\u00ebs.<\/p>\n<p>Veprimi: Serum q\u00eb p\u00ebrmban Tensea Lift e cila rrjedh nga nj\u00eb polimer detar, q\u00eb n\u00eb \u00e7ast dhe intensivisht t\u00ebrheq l\u00ebkur\u00ebn. Veprimi i serumit fillon n\u00eb 5 minuta dhe rezultati mund t\u00eb zgjas\u00eb deri n\u00eb 12 or\u00eb. Ofron nj\u00eb ndjesi t\u00eb menj\u00ebhershme lifting dhe rrit tonusin e l\u00ebkur\u00ebs. Ideal p\u00ebr rezultate t\u00eb dukshme t\u00eb menj\u00ebher\u00eb (raste eventesh p\u00ebrpara grimit; televizion etj.).<\/p>\n<p>P\u00ebrdorimi: Apliko disa pika n\u00eb l\u00ebkur\u00eb t\u00eb past\u00ebr dhe masazhoje derisa t\u00eb absorbohet. L\u00ebre p\u00ebr 5 minuta dhe vazhdo rutin\u00ebn e grimit.<\/p>\n<p>Ingredient\u00ebt kryesor\u00eb: Tensea Lift.<\/p>\n<table class=\"woocommerce-product-attributes shop_attributes\">\n<tbody>\n<tr class=\"woocommerce-product-attributes-item woocommerce-product-attributes-item--attribute_pa_size\">\n<th class=\"woocommerce-product-attributes-item__label\">Paketimi<\/th>\n<td class=\"woocommerce-product-attributes-item__value\">20mL<\/td>\n<\/tr>\n<tr class=\"woocommerce-product-attributes-item woocommerce-product-attributes-item--attribute_pa_llojet-e-lekures\">\n<th class=\"woocommerce-product-attributes-item__label\">Llojet e l\u00ebkur\u00ebs<\/th>\n<td class=\"woocommerce-product-attributes-item__value\">t\u00eb gjitha llojet<\/td>\n<\/tr>\n<\/tbody>\n<\/table>","protected":false},"featured_media":3225,"comment_status":"open","ping_status":"closed","template":"","meta":[],"product_brand":[],"product_cat":[54],"product_tag":[],"class_list":{"0":"post-3221","1":"product","2":"type-product","3":"status-publish","4":"has-post-thumbnail","6":"product_cat-serumet","8":"first","9":"instock","10":"shipping-taxable","11":"purchasable","12":"product-type-simple"},"_links":{"self":[{"href":"https:\/\/perfectestetica.al\/en\/wp-json\/wp\/v2\/product\/3221","targetHints":{"allow":["GET"]}}],"collection":[{"href":"https:\/\/perfectestetica.al\/en\/wp-json\/wp\/v2\/product"}],"about":[{"href":"https:\/\/perfectestetica.al\/en\/wp-json\/wp\/v2\/types\/product"}],"replies":[{"embeddable":true,"href":"https:\/\/perfectestetica.al\/en\/wp-json\/wp\/v2\/comments?post=3221"}],"version-history":[{"count":1,"href":"https:\/\/perfectestetica.al\/en\/wp-json\/wp\/v2\/product\/3221\/revisions"}],"predecessor-version":[{"id":3229,"href":"https:\/\/perfectestetica.al\/en\/wp-json\/wp\/v2\/product\/3221\/revisions\/3229"}],"wp:featuredmedia":[{"embeddable":true,"href":"https:\/\/perfectestetica.al\/en\/wp-json\/wp\/v2\/media\/3225"}],"wp:attachment":[{"href":"https:\/\/perfectestetica.al\/en\/wp-json\/wp\/v2\/media?parent=3221"}],"wp:term":[{"taxonomy":"product_brand","embeddable":true,"href":"https:\/\/perfectestetica.al\/en\/wp-json\/wp\/v2\/product_brand?post=3221"},{"taxonomy":"product_cat","embeddable":true,"href":"https:\/\/perfectestetica.al\/en\/wp-json\/wp\/v2\/product_cat?post=3221"},{"taxonomy":"product_tag","embeddable":true,"href":"https:\/\/perfectestetica.al\/en\/wp-json\/wp\/v2\/product_tag?post=3221"}],"curies":[{"name":"wp","href":"https:\/\/api.w.org\/{rel}","templated":true}]}}