{"id":3220,"date":"2023-02-03T14:33:35","date_gmt":"2023-02-03T13:33:35","guid":{"rendered":"https:\/\/perfectestetica.al\/?post_type=product&#038;p=3220"},"modified":"2023-02-03T14:33:35","modified_gmt":"2023-02-03T13:33:35","slug":"collagen-elastin-serum","status":"publish","type":"product","link":"https:\/\/perfectestetica.al\/en\/product\/collagen-elastin-serum\/","title":{"rendered":"Collagen Elastin Serum"},"content":{"rendered":"","protected":false},"excerpt":{"rendered":"<p>Serum i fort\u00eb, hidratues p\u00ebr l\u00ebkur\u00eb normale dhe t\u00eb that\u00eb.<\/p>\n<p>Veprimi: Nj\u00eb serum me p\u00ebrb\u00ebrje t\u00eb elastin\u00ebs s\u00eb hidrolizuar dhe kolagjenit detar. Kolagjeni dhe elastina p\u00ebrb\u00ebjn\u00eb shumic\u00ebn e proteinave t\u00eb l\u00ebkur\u00ebs dhe jan\u00eb p\u00ebrgjegj\u00ebse p\u00ebr q\u00ebndrueshm\u00ebrin\u00eb, tonicitetin dhe elasticitetin e saj, duke ndihmuar rigjenerimin e qelizave t\u00eb l\u00ebkur\u00ebs. Biosinteza dhe funksionaliteti i fibrave t\u00eb kolagjenit dhe elastin\u00ebs zvog\u00eblohet<br \/>\nme kalimin e koh\u00ebs, duke rezultuar n\u00eb linja fine, rrudha dhe relaksim t\u00eb l\u00ebkur\u00ebs. Serumi forcon rezervat e kolagjenit<br \/>\ndhe elastin\u00ebs, mban ujin dhe rrit nivelin e lag\u00ebshtis\u00eb s\u00eb l\u00ebkur\u00ebs.<\/p>\n<p>Perdorimi: Apliko nj\u00eb sasi t\u00eb vog\u00ebl n\u00eb l\u00ebkur\u00eb<br \/>\nt\u00eb past\u00ebr dhe masazhoje derisa t\u00eb absorbohet.<\/p>\n<p>Ingredient\u00ebt kryesor\u00eb: Elastin Marine 2% , Marine Collagen 10%.<\/p>\n<table class=\"woocommerce-product-attributes shop_attributes\">\n<tbody>\n<tr class=\"woocommerce-product-attributes-item woocommerce-product-attributes-item--attribute_pa_size\">\n<th class=\"woocommerce-product-attributes-item__label\">Paketimi<\/th>\n<td class=\"woocommerce-product-attributes-item__value\">20mL<\/td>\n<\/tr>\n<tr class=\"woocommerce-product-attributes-item woocommerce-product-attributes-item--attribute_pa_llojet-e-lekures\">\n<th class=\"woocommerce-product-attributes-item__label\">Llojet e l\u00ebkur\u00ebs<\/th>\n<td class=\"woocommerce-product-attributes-item__value\">e that\u00eb, normale<\/td>\n<\/tr>\n<\/tbody>\n<\/table>","protected":false},"featured_media":3224,"comment_status":"open","ping_status":"closed","template":"","meta":[],"product_brand":[],"product_cat":[54],"product_tag":[],"class_list":{"0":"post-3220","1":"product","2":"type-product","3":"status-publish","4":"has-post-thumbnail","6":"product_cat-serumet","8":"first","9":"instock","10":"shipping-taxable","11":"purchasable","12":"product-type-simple"},"_links":{"self":[{"href":"https:\/\/perfectestetica.al\/en\/wp-json\/wp\/v2\/product\/3220","targetHints":{"allow":["GET"]}}],"collection":[{"href":"https:\/\/perfectestetica.al\/en\/wp-json\/wp\/v2\/product"}],"about":[{"href":"https:\/\/perfectestetica.al\/en\/wp-json\/wp\/v2\/types\/product"}],"replies":[{"embeddable":true,"href":"https:\/\/perfectestetica.al\/en\/wp-json\/wp\/v2\/comments?post=3220"}],"version-history":[{"count":1,"href":"https:\/\/perfectestetica.al\/en\/wp-json\/wp\/v2\/product\/3220\/revisions"}],"predecessor-version":[{"id":3228,"href":"https:\/\/perfectestetica.al\/en\/wp-json\/wp\/v2\/product\/3220\/revisions\/3228"}],"wp:featuredmedia":[{"embeddable":true,"href":"https:\/\/perfectestetica.al\/en\/wp-json\/wp\/v2\/media\/3224"}],"wp:attachment":[{"href":"https:\/\/perfectestetica.al\/en\/wp-json\/wp\/v2\/media?parent=3220"}],"wp:term":[{"taxonomy":"product_brand","embeddable":true,"href":"https:\/\/perfectestetica.al\/en\/wp-json\/wp\/v2\/product_brand?post=3220"},{"taxonomy":"product_cat","embeddable":true,"href":"https:\/\/perfectestetica.al\/en\/wp-json\/wp\/v2\/product_cat?post=3220"},{"taxonomy":"product_tag","embeddable":true,"href":"https:\/\/perfectestetica.al\/en\/wp-json\/wp\/v2\/product_tag?post=3220"}],"curies":[{"name":"wp","href":"https:\/\/api.w.org\/{rel}","templated":true}]}}