{"id":3216,"date":"2023-02-03T14:31:09","date_gmt":"2023-02-03T13:31:09","guid":{"rendered":"https:\/\/perfectestetica.al\/?post_type=product&#038;p=3216"},"modified":"2023-02-03T14:31:09","modified_gmt":"2023-02-03T13:31:09","slug":"chocolate-sensi-mask","status":"publish","type":"product","link":"https:\/\/perfectestetica.al\/en\/product\/chocolate-sensi-mask\/","title":{"rendered":"Chocolate Sensi Mask"},"content":{"rendered":"","protected":false},"excerpt":{"rendered":"<p>Mask\u00eb p\u00ebr rigjenerim dhe mir\u00ebmbajtje t\u00eb l\u00ebkur\u00ebs s\u00eb lodhur, pa jet\u00eb dhe t\u00eb ndjeshme.<\/p>\n<p>Veprimi: Zbut irritimet dhe l\u00eb l\u00ebkur\u00ebn t\u00eb rifreskuar dhe rinovuar. Kjo mask\u00eb e pasur dhe e but\u00eb \u00e7okollate, stimulon prodhimin e b-endorfinave, nj\u00eb faktor natyror, q\u00eb ndikon pozitivisht n\u00eb ndjenj\u00ebn e mir\u00ebqenies. Ajo p\u00ebrmban gjalp\u00eb kakao, karamel, vitamin\u00eb A-E dhe Monoi de Tahiti q\u00eb sjellin hidratim afatgjat\u00eb. Ajo \u00ebsht\u00eb zgjeruar me p\u00ebrb\u00ebr\u00ebs t\u00eb ve\u00e7ant\u00eb VENUCEANE, q\u00eb mbron l\u00ebkur\u00ebn nga stresi oksidativ dhe d\u00ebmtimi i shkaktuar nga rrezatimi UVA.<\/p>\n<p>P\u00ebrdorimi: Apliko nj\u00eb shtres\u00eb t\u00eb trash\u00eb, lejoje t\u00eb thahet dhe hiqe me uj\u00eb.<\/p>\n<p>Ingredient\u00ebt kryesor\u00eb: Chocolate, Monoi DeTahiti, Vitamin A-E, Venuceane, Allantoin.<\/p>\n<table class=\"woocommerce-product-attributes shop_attributes\">\n<tbody>\n<tr class=\"woocommerce-product-attributes-item woocommerce-product-attributes-item--attribute_pa_size\">\n<th class=\"woocommerce-product-attributes-item__label\">Paketimi<\/th>\n<td class=\"woocommerce-product-attributes-item__value\">50mL<\/td>\n<\/tr>\n<tr class=\"woocommerce-product-attributes-item woocommerce-product-attributes-item--attribute_pa_llojet-e-lekures\">\n<th class=\"woocommerce-product-attributes-item__label\">Llojet e l\u00ebkur\u00ebs<\/th>\n<td class=\"woocommerce-product-attributes-item__value\">sensitive, t\u00eb gjitha llojet<\/td>\n<\/tr>\n<\/tbody>\n<\/table>","protected":false},"featured_media":3217,"comment_status":"open","ping_status":"closed","template":"","meta":[],"product_brand":[],"product_cat":[53],"product_tag":[],"class_list":{"0":"post-3216","1":"product","2":"type-product","3":"status-publish","4":"has-post-thumbnail","6":"product_cat-maskat","8":"first","9":"instock","10":"shipping-taxable","11":"purchasable","12":"product-type-simple"},"_links":{"self":[{"href":"https:\/\/perfectestetica.al\/en\/wp-json\/wp\/v2\/product\/3216","targetHints":{"allow":["GET"]}}],"collection":[{"href":"https:\/\/perfectestetica.al\/en\/wp-json\/wp\/v2\/product"}],"about":[{"href":"https:\/\/perfectestetica.al\/en\/wp-json\/wp\/v2\/types\/product"}],"replies":[{"embeddable":true,"href":"https:\/\/perfectestetica.al\/en\/wp-json\/wp\/v2\/comments?post=3216"}],"version-history":[{"count":1,"href":"https:\/\/perfectestetica.al\/en\/wp-json\/wp\/v2\/product\/3216\/revisions"}],"predecessor-version":[{"id":3218,"href":"https:\/\/perfectestetica.al\/en\/wp-json\/wp\/v2\/product\/3216\/revisions\/3218"}],"wp:featuredmedia":[{"embeddable":true,"href":"https:\/\/perfectestetica.al\/en\/wp-json\/wp\/v2\/media\/3217"}],"wp:attachment":[{"href":"https:\/\/perfectestetica.al\/en\/wp-json\/wp\/v2\/media?parent=3216"}],"wp:term":[{"taxonomy":"product_brand","embeddable":true,"href":"https:\/\/perfectestetica.al\/en\/wp-json\/wp\/v2\/product_brand?post=3216"},{"taxonomy":"product_cat","embeddable":true,"href":"https:\/\/perfectestetica.al\/en\/wp-json\/wp\/v2\/product_cat?post=3216"},{"taxonomy":"product_tag","embeddable":true,"href":"https:\/\/perfectestetica.al\/en\/wp-json\/wp\/v2\/product_tag?post=3216"}],"curies":[{"name":"wp","href":"https:\/\/api.w.org\/{rel}","templated":true}]}}