{"id":3213,"date":"2023-02-03T14:29:49","date_gmt":"2023-02-03T13:29:49","guid":{"rendered":"https:\/\/perfectestetica.al\/?post_type=product&#038;p=3213"},"modified":"2023-02-03T14:29:49","modified_gmt":"2023-02-03T13:29:49","slug":"chlorophyll-firming-mask","status":"publish","type":"product","link":"https:\/\/perfectestetica.al\/en\/product\/chlorophyll-firming-mask\/","title":{"rendered":"Chlorophyll Firming Mask"},"content":{"rendered":"","protected":false},"excerpt":{"rendered":"<p>Mask\u00eb tonifikuese pastruese p\u00ebr fytyr\u00eb dhe kraharor, p\u00ebr l\u00ebkur\u00eb mikse dhe t\u00eb yndyrshme.<\/p>\n<p>Veprimi: Rinovon, pastron poret, zvog\u00eblon yndyr\u00ebn e tep\u00ebrt dhe e forcon struktur\u00ebn e l\u00ebkur\u00ebs. Nj\u00eb mask\u00eb klorofili q\u00eb zgjerohet me nj\u00eb num\u00ebr p\u00ebrb\u00ebr\u00ebsish aktiv\u00eb. Klorofili n\u00eb kombinim me amamel dhe panthenol ka veti pastruese dhe astrigjente, q\u00eb nuk irritojn\u00eb l\u00ebkur\u00ebn. Sinergjia e Kalendul\u00ebs dhe vitamin\u00ebs A stimulon pro\u00e7esin e rigjenerimit t\u00eb qelizave dhe rivitalizon l\u00ebkur\u00ebn. Ajo rrit mikroqarkullimin dhe ndihmon n\u00eb zvog\u00eblimin e linjave t\u00eb im\u00ebta dhe rrudhave.<\/p>\n<p>P\u00ebrdorimi: Apliko nj\u00eb shtres\u00eb t\u00eb trash\u00eb, lejoje t\u00eb thahet dhe hiqe me uj\u00eb.<\/p>\n<p>Ingredient\u00ebt kryesor\u00eb: Chlorophyll, Hamamelis Extract, Centella Extract, Vitamin A, Panthenol, Allantoin, Kaolin.<\/p>\n<table class=\"woocommerce-product-attributes shop_attributes\">\n<tbody>\n<tr class=\"woocommerce-product-attributes-item woocommerce-product-attributes-item--attribute_pa_size\">\n<th class=\"woocommerce-product-attributes-item__label\">Paketimi<\/th>\n<td class=\"woocommerce-product-attributes-item__value\">50mL<\/td>\n<\/tr>\n<tr class=\"woocommerce-product-attributes-item woocommerce-product-attributes-item--attribute_pa_llojet-e-lekures\">\n<th class=\"woocommerce-product-attributes-item__label\">Llojet e l\u00ebkur\u00ebs<\/th>\n<td class=\"woocommerce-product-attributes-item__value\">e yndyrshme, mikse<\/td>\n<\/tr>\n<\/tbody>\n<\/table>","protected":false},"featured_media":3214,"comment_status":"open","ping_status":"closed","template":"","meta":[],"product_brand":[],"product_cat":[53],"product_tag":[],"class_list":{"0":"post-3213","1":"product","2":"type-product","3":"status-publish","4":"has-post-thumbnail","6":"product_cat-maskat","8":"first","9":"instock","10":"shipping-taxable","11":"purchasable","12":"product-type-simple"},"_links":{"self":[{"href":"https:\/\/perfectestetica.al\/en\/wp-json\/wp\/v2\/product\/3213","targetHints":{"allow":["GET"]}}],"collection":[{"href":"https:\/\/perfectestetica.al\/en\/wp-json\/wp\/v2\/product"}],"about":[{"href":"https:\/\/perfectestetica.al\/en\/wp-json\/wp\/v2\/types\/product"}],"replies":[{"embeddable":true,"href":"https:\/\/perfectestetica.al\/en\/wp-json\/wp\/v2\/comments?post=3213"}],"version-history":[{"count":1,"href":"https:\/\/perfectestetica.al\/en\/wp-json\/wp\/v2\/product\/3213\/revisions"}],"predecessor-version":[{"id":3215,"href":"https:\/\/perfectestetica.al\/en\/wp-json\/wp\/v2\/product\/3213\/revisions\/3215"}],"wp:featuredmedia":[{"embeddable":true,"href":"https:\/\/perfectestetica.al\/en\/wp-json\/wp\/v2\/media\/3214"}],"wp:attachment":[{"href":"https:\/\/perfectestetica.al\/en\/wp-json\/wp\/v2\/media?parent=3213"}],"wp:term":[{"taxonomy":"product_brand","embeddable":true,"href":"https:\/\/perfectestetica.al\/en\/wp-json\/wp\/v2\/product_brand?post=3213"},{"taxonomy":"product_cat","embeddable":true,"href":"https:\/\/perfectestetica.al\/en\/wp-json\/wp\/v2\/product_cat?post=3213"},{"taxonomy":"product_tag","embeddable":true,"href":"https:\/\/perfectestetica.al\/en\/wp-json\/wp\/v2\/product_tag?post=3213"}],"curies":[{"name":"wp","href":"https:\/\/api.w.org\/{rel}","templated":true}]}}