{"id":3210,"date":"2023-02-03T14:28:43","date_gmt":"2023-02-03T13:28:43","guid":{"rendered":"https:\/\/perfectestetica.al\/?post_type=product&#038;p=3210"},"modified":"2023-02-03T14:28:43","modified_gmt":"2023-02-03T13:28:43","slug":"charcoal-detox-mask","status":"publish","type":"product","link":"https:\/\/perfectestetica.al\/en\/product\/charcoal-detox-mask\/","title":{"rendered":"Charcoal Detox Mask"},"content":{"rendered":"","protected":false},"excerpt":{"rendered":"<p>Mask\u00eb pastruese detoksifikuese p\u00ebr t\u00eb gjitha llojet e l\u00ebkur\u00ebs.<\/p>\n<p>Veprimi: Ajo heq papast\u00ebrtit\u00eb dhe sebumin e tep\u00ebrt nga l\u00ebkura. Ofron nj\u00eb pamje t\u00eb ndritshme dhe t\u00eb rinovuar. Nj\u00eb mask\u00eb balte q\u00eb kombinon qymyr aktiv me dru bambuje dhe ekstrakt brokoli. Qymyri i aktivizuar ka vetin\u00eb t\u00eb absorboj\u00eb minerale, toksina dhe substanca t\u00eb tjera t\u00eb d\u00ebmshme nga l\u00ebkura. Ndihmon n\u00eb heqjen e qelizave t\u00eb vdekura t\u00eb l\u00ebkur\u00ebs dhe detoksifikimin qelizor. P\u00ebrve\u00e7 k\u00ebsaj, stimulon rritjen qelizore dhe ndihmon n\u00eb zbutjen e l\u00ebkur\u00ebs. Brokoli i ofron asaj nj\u00eb efekt t\u00eb fuqish\u00ebm antioksidues dhe detoksifikues dhe e mbron at\u00eb nga papast\u00ebrtit\u00eb dhe faktor\u00ebt e stresit mjedisor.<\/p>\n<p>P\u00ebrdorimi: Apliko nj\u00eb shtres\u00eb t\u00eb trash\u00eb, lejoje t\u00eb thahet dhe hiqe me uj\u00eb.<\/p>\n<p>Ingredient\u00ebt kryesor\u00eb: Active Charcoal, Brocoli Extract, Kaolin, Bentonite.<\/p>\n<table class=\"woocommerce-product-attributes shop_attributes\">\n<tbody>\n<tr class=\"woocommerce-product-attributes-item woocommerce-product-attributes-item--attribute_pa_size\">\n<th class=\"woocommerce-product-attributes-item__label\">Paketimi<\/th>\n<td class=\"woocommerce-product-attributes-item__value\">50mL<\/td>\n<\/tr>\n<tr class=\"woocommerce-product-attributes-item woocommerce-product-attributes-item--attribute_pa_llojet-e-lekures\">\n<th class=\"woocommerce-product-attributes-item__label\">Llojet e l\u00ebkur\u00ebs<\/th>\n<td class=\"woocommerce-product-attributes-item__value\">t\u00eb gjitha llojet<\/td>\n<\/tr>\n<\/tbody>\n<\/table>","protected":false},"featured_media":3211,"comment_status":"open","ping_status":"closed","template":"","meta":[],"product_brand":[],"product_cat":[53],"product_tag":[],"class_list":{"0":"post-3210","1":"product","2":"type-product","3":"status-publish","4":"has-post-thumbnail","6":"product_cat-maskat","8":"first","9":"instock","10":"shipping-taxable","11":"purchasable","12":"product-type-simple"},"_links":{"self":[{"href":"https:\/\/perfectestetica.al\/en\/wp-json\/wp\/v2\/product\/3210","targetHints":{"allow":["GET"]}}],"collection":[{"href":"https:\/\/perfectestetica.al\/en\/wp-json\/wp\/v2\/product"}],"about":[{"href":"https:\/\/perfectestetica.al\/en\/wp-json\/wp\/v2\/types\/product"}],"replies":[{"embeddable":true,"href":"https:\/\/perfectestetica.al\/en\/wp-json\/wp\/v2\/comments?post=3210"}],"version-history":[{"count":1,"href":"https:\/\/perfectestetica.al\/en\/wp-json\/wp\/v2\/product\/3210\/revisions"}],"predecessor-version":[{"id":3212,"href":"https:\/\/perfectestetica.al\/en\/wp-json\/wp\/v2\/product\/3210\/revisions\/3212"}],"wp:featuredmedia":[{"embeddable":true,"href":"https:\/\/perfectestetica.al\/en\/wp-json\/wp\/v2\/media\/3211"}],"wp:attachment":[{"href":"https:\/\/perfectestetica.al\/en\/wp-json\/wp\/v2\/media?parent=3210"}],"wp:term":[{"taxonomy":"product_brand","embeddable":true,"href":"https:\/\/perfectestetica.al\/en\/wp-json\/wp\/v2\/product_brand?post=3210"},{"taxonomy":"product_cat","embeddable":true,"href":"https:\/\/perfectestetica.al\/en\/wp-json\/wp\/v2\/product_cat?post=3210"},{"taxonomy":"product_tag","embeddable":true,"href":"https:\/\/perfectestetica.al\/en\/wp-json\/wp\/v2\/product_tag?post=3210"}],"curies":[{"name":"wp","href":"https:\/\/api.w.org\/{rel}","templated":true}]}}