{"id":3207,"date":"2023-02-03T14:24:00","date_gmt":"2023-02-03T13:24:00","guid":{"rendered":"https:\/\/perfectestetica.al\/?post_type=product&#038;p=3207"},"modified":"2023-02-03T14:24:01","modified_gmt":"2023-02-03T13:24:01","slug":"azulene-calming-mask","status":"publish","type":"product","link":"https:\/\/perfectestetica.al\/en\/product\/azulene-calming-mask\/","title":{"rendered":"Azulene Calming Mask"},"content":{"rendered":"","protected":false},"excerpt":{"rendered":"<p>Mask\u00eb qet\u00ebsuese dhe hidratuese, p\u00ebr t\u00eb gjitha llojet e l\u00ebkurave.<\/p>\n<p>Veprimi: Ajo hidraton dhe zbut l\u00ebkur\u00ebn nga irritimet. Ideale p\u00ebr l\u00ebkur\u00eb t\u00eb ndjeshme dhe t\u00eb irrituar. Kjo mask\u00eb balte, e zgjeruar me kamomil t\u00eb specializuar, ekstrakt aloe dhe panthenol, leht\u00ebson l\u00ebkur\u00ebn e ndjeshme dhe t\u00eb irrituar, duke rikthyer ekuilibrin natyror dhe mbrojtjen. Ajo hidraton dhe sh\u00ebron mikro-d\u00ebmtime, duke ndihmuar l\u00ebkur\u00ebn t\u00eb reduktojn\u00eb inflamacionin. Lipopeptidi Calmosensine, element p\u00ebrb\u00ebr\u00ebs i mask\u00ebs, ndihmon n\u00eb ruajtjen e pamjes rinore t\u00eb l\u00ebkur\u00ebs.<\/p>\n<p>P\u00ebrdorimi: Apliko nj\u00eb shtres\u00eb t\u00eb trash\u00eb, lejoje t\u00eb thahet dhe hiqe me uj\u00eb.<\/p>\n<p>Ingredint\u00ebt kryesor\u00eb: Azulene, A-Bisabolol, Panthenol, Aloe Vera, Calmosensine, Allantoin, Kaolin.<\/p>\n<table class=\"woocommerce-product-attributes shop_attributes\">\n<tbody>\n<tr class=\"woocommerce-product-attributes-item woocommerce-product-attributes-item--attribute_pa_size\">\n<th class=\"woocommerce-product-attributes-item__label\">Paketimi<\/th>\n<td class=\"woocommerce-product-attributes-item__value\">50mL<\/td>\n<\/tr>\n<tr class=\"woocommerce-product-attributes-item woocommerce-product-attributes-item--attribute_pa_llojet-e-lekures\">\n<th class=\"woocommerce-product-attributes-item__label\">Llojet e l\u00ebkur\u00ebs<\/th>\n<td class=\"woocommerce-product-attributes-item__value\">sensitive, t\u00eb gjitha llojet<\/td>\n<\/tr>\n<\/tbody>\n<\/table>","protected":false},"featured_media":3208,"comment_status":"open","ping_status":"closed","template":"","meta":[],"product_brand":[],"product_cat":[53],"product_tag":[],"class_list":{"0":"post-3207","1":"product","2":"type-product","3":"status-publish","4":"has-post-thumbnail","6":"product_cat-maskat","8":"first","9":"instock","10":"shipping-taxable","11":"purchasable","12":"product-type-simple"},"_links":{"self":[{"href":"https:\/\/perfectestetica.al\/en\/wp-json\/wp\/v2\/product\/3207","targetHints":{"allow":["GET"]}}],"collection":[{"href":"https:\/\/perfectestetica.al\/en\/wp-json\/wp\/v2\/product"}],"about":[{"href":"https:\/\/perfectestetica.al\/en\/wp-json\/wp\/v2\/types\/product"}],"replies":[{"embeddable":true,"href":"https:\/\/perfectestetica.al\/en\/wp-json\/wp\/v2\/comments?post=3207"}],"version-history":[{"count":1,"href":"https:\/\/perfectestetica.al\/en\/wp-json\/wp\/v2\/product\/3207\/revisions"}],"predecessor-version":[{"id":3209,"href":"https:\/\/perfectestetica.al\/en\/wp-json\/wp\/v2\/product\/3207\/revisions\/3209"}],"wp:featuredmedia":[{"embeddable":true,"href":"https:\/\/perfectestetica.al\/en\/wp-json\/wp\/v2\/media\/3208"}],"wp:attachment":[{"href":"https:\/\/perfectestetica.al\/en\/wp-json\/wp\/v2\/media?parent=3207"}],"wp:term":[{"taxonomy":"product_brand","embeddable":true,"href":"https:\/\/perfectestetica.al\/en\/wp-json\/wp\/v2\/product_brand?post=3207"},{"taxonomy":"product_cat","embeddable":true,"href":"https:\/\/perfectestetica.al\/en\/wp-json\/wp\/v2\/product_cat?post=3207"},{"taxonomy":"product_tag","embeddable":true,"href":"https:\/\/perfectestetica.al\/en\/wp-json\/wp\/v2\/product_tag?post=3207"}],"curies":[{"name":"wp","href":"https:\/\/api.w.org\/{rel}","templated":true}]}}