{"id":3204,"date":"2023-02-03T14:22:07","date_gmt":"2023-02-03T13:22:07","guid":{"rendered":"https:\/\/perfectestetica.al\/?post_type=product&#038;p=3204"},"modified":"2023-02-03T14:22:07","modified_gmt":"2023-02-03T13:22:07","slug":"nourishing-cream","status":"publish","type":"product","link":"https:\/\/perfectestetica.al\/en\/product\/nourishing-cream\/","title":{"rendered":"Nourishing Cream"},"content":{"rendered":"","protected":false},"excerpt":{"rendered":"<p>Krem ushqyes p\u00ebr fytyr\u00ebn, p\u00ebr l\u00ebkur\u00ebn e that\u00eb, normale dhe t\u00eb maturura.<\/p>\n<p>Veprimi: Krem ushqyes me vitamin\u00eb A, E dhe retinol. Ato penetrojn\u00eb shtresat e thella t\u00eb l\u00ebkur\u00ebs, p\u00ebr ushqyerje t\u00eb mir\u00eb qelizore. I p\u00ebrgjigjet d\u00ebmtimeve okidative qelizore dhe parandalon shkat\u00ebrrimin dhe degjenerimin e fibrave t\u00eb kolagjenit dhe elastin\u00ebs. Redukton shfaqjen e rrudhave dhe shenjat e lodhjes, duke rritur freskin\u00eb dhe gjall\u00ebrin\u00eb e saj. Ka nj\u00eb struktur\u00eb vajore dhe rekomandohet p\u00ebr masazh t\u00eb fytyr\u00ebs dhe qaf\u00ebs.<\/p>\n<p>P\u00ebrdorimi: Aplikoni nj\u00eb sasi t\u00eb vog\u00ebl n\u00eb t\u00ebr\u00eb fytyr\u00ebn 1 deri 2 her\u00eb n\u00eb dit\u00eb, duke masazhuar deri n\u00eb absorbim.<\/p>\n<p>Ingredient\u00ebt kryesor\u00eb: Glikosfera Retinol A, Unispheres (Vitamina A &amp; E), Allantoin.<\/p>\n<table class=\"woocommerce-product-attributes shop_attributes\">\n<tbody>\n<tr class=\"woocommerce-product-attributes-item woocommerce-product-attributes-item--attribute_pa_size\">\n<th class=\"woocommerce-product-attributes-item__label\">Paketimi<\/th>\n<td class=\"woocommerce-product-attributes-item__value\">50mL<\/td>\n<\/tr>\n<tr class=\"woocommerce-product-attributes-item woocommerce-product-attributes-item--attribute_pa_llojet-e-lekures\">\n<th class=\"woocommerce-product-attributes-item__label\">Llojet e l\u00ebkur\u00ebs<\/th>\n<td class=\"woocommerce-product-attributes-item__value\">e that\u00eb, normale<\/td>\n<\/tr>\n<\/tbody>\n<\/table>","protected":false},"featured_media":3205,"comment_status":"open","ping_status":"closed","template":"","meta":[],"product_brand":[],"product_cat":[52],"product_tag":[],"class_list":{"0":"post-3204","1":"product","2":"type-product","3":"status-publish","4":"has-post-thumbnail","6":"product_cat-kremrat","8":"first","9":"instock","10":"shipping-taxable","11":"purchasable","12":"product-type-simple"},"_links":{"self":[{"href":"https:\/\/perfectestetica.al\/en\/wp-json\/wp\/v2\/product\/3204","targetHints":{"allow":["GET"]}}],"collection":[{"href":"https:\/\/perfectestetica.al\/en\/wp-json\/wp\/v2\/product"}],"about":[{"href":"https:\/\/perfectestetica.al\/en\/wp-json\/wp\/v2\/types\/product"}],"replies":[{"embeddable":true,"href":"https:\/\/perfectestetica.al\/en\/wp-json\/wp\/v2\/comments?post=3204"}],"version-history":[{"count":1,"href":"https:\/\/perfectestetica.al\/en\/wp-json\/wp\/v2\/product\/3204\/revisions"}],"predecessor-version":[{"id":3206,"href":"https:\/\/perfectestetica.al\/en\/wp-json\/wp\/v2\/product\/3204\/revisions\/3206"}],"wp:featuredmedia":[{"embeddable":true,"href":"https:\/\/perfectestetica.al\/en\/wp-json\/wp\/v2\/media\/3205"}],"wp:attachment":[{"href":"https:\/\/perfectestetica.al\/en\/wp-json\/wp\/v2\/media?parent=3204"}],"wp:term":[{"taxonomy":"product_brand","embeddable":true,"href":"https:\/\/perfectestetica.al\/en\/wp-json\/wp\/v2\/product_brand?post=3204"},{"taxonomy":"product_cat","embeddable":true,"href":"https:\/\/perfectestetica.al\/en\/wp-json\/wp\/v2\/product_cat?post=3204"},{"taxonomy":"product_tag","embeddable":true,"href":"https:\/\/perfectestetica.al\/en\/wp-json\/wp\/v2\/product_tag?post=3204"}],"curies":[{"name":"wp","href":"https:\/\/api.w.org\/{rel}","templated":true}]}}