{"id":3200,"date":"2023-02-03T14:21:27","date_gmt":"2023-02-03T13:21:27","guid":{"rendered":"https:\/\/perfectestetica.al\/?post_type=product&#038;p=3200"},"modified":"2023-02-03T14:21:27","modified_gmt":"2023-02-03T13:21:27","slug":"multi-hydrating-cream","status":"publish","type":"product","link":"https:\/\/perfectestetica.al\/en\/product\/multi-hydrating-cream\/","title":{"rendered":"Multi Hydrating Cream"},"content":{"rendered":"","protected":false},"excerpt":{"rendered":"<p>Krem p\u00ebr fytyr\u00ebn, me nj\u00eb veprim t\u00eb plot\u00eb hidratues p\u00ebr t\u00eb gjitha llojet e l\u00ebkur\u00ebs.<\/p>\n<p>Veprimi: Forcon rezervat ujore t\u00eb l\u00ebkur\u00ebs dhe parandalon humbjen transdermale t\u00eb ujit n\u00eb t\u00eb, duke ruajtur ekuilibrin e lag\u00ebshtis\u00eb s\u00eb saj. Elementi kryesor, acidi hyaluronik, me dy pesh\u00eb molekulare (MW dhe LW), kombinuar me Moist 24, Vitamin E, Shea Butter, Jojoba Oil dhe Panthenol, rezultojn\u00eb n\u00eb nj\u00eb hidratim q\u00eb zgjat.<\/p>\n<p>P\u00ebrdorimi: Apliko nj\u00eb sasi t\u00eb vog\u00ebl n\u00eb t\u00ebr\u00eb fytyr\u00ebn 1 deri 2 her\u00eb n\u00eb dit\u00eb, duke masazhuar deri n\u00eb absorbim.<\/p>\n<p>Ingredient\u00ebt kryesor\u00eb: MMW Hyaluronic Acid, LMW Hyaluronic Acid, Moist 24, Vitamin E, Shea Butter, Panthenol, Jojoba Oil.<\/p>\n<table class=\"woocommerce-product-attributes shop_attributes\">\n<tbody>\n<tr class=\"woocommerce-product-attributes-item woocommerce-product-attributes-item--attribute_pa_size\">\n<th class=\"woocommerce-product-attributes-item__label\">Paketimi<\/th>\n<td class=\"woocommerce-product-attributes-item__value\">50mL<\/td>\n<\/tr>\n<tr class=\"woocommerce-product-attributes-item woocommerce-product-attributes-item--attribute_pa_llojet-e-lekures\">\n<th class=\"woocommerce-product-attributes-item__label\">Llojet e l\u00ebkur\u00ebs<\/th>\n<td class=\"woocommerce-product-attributes-item__value\">t\u00eb gjitha llojet<\/td>\n<\/tr>\n<\/tbody>\n<\/table>","protected":false},"featured_media":3201,"comment_status":"open","ping_status":"closed","template":"","meta":[],"product_brand":[],"product_cat":[52],"product_tag":[],"class_list":{"0":"post-3200","1":"product","2":"type-product","3":"status-publish","4":"has-post-thumbnail","6":"product_cat-kremrat","8":"first","9":"instock","10":"shipping-taxable","11":"purchasable","12":"product-type-simple"},"_links":{"self":[{"href":"https:\/\/perfectestetica.al\/en\/wp-json\/wp\/v2\/product\/3200","targetHints":{"allow":["GET"]}}],"collection":[{"href":"https:\/\/perfectestetica.al\/en\/wp-json\/wp\/v2\/product"}],"about":[{"href":"https:\/\/perfectestetica.al\/en\/wp-json\/wp\/v2\/types\/product"}],"replies":[{"embeddable":true,"href":"https:\/\/perfectestetica.al\/en\/wp-json\/wp\/v2\/comments?post=3200"}],"version-history":[{"count":2,"href":"https:\/\/perfectestetica.al\/en\/wp-json\/wp\/v2\/product\/3200\/revisions"}],"predecessor-version":[{"id":3203,"href":"https:\/\/perfectestetica.al\/en\/wp-json\/wp\/v2\/product\/3200\/revisions\/3203"}],"wp:featuredmedia":[{"embeddable":true,"href":"https:\/\/perfectestetica.al\/en\/wp-json\/wp\/v2\/media\/3201"}],"wp:attachment":[{"href":"https:\/\/perfectestetica.al\/en\/wp-json\/wp\/v2\/media?parent=3200"}],"wp:term":[{"taxonomy":"product_brand","embeddable":true,"href":"https:\/\/perfectestetica.al\/en\/wp-json\/wp\/v2\/product_brand?post=3200"},{"taxonomy":"product_cat","embeddable":true,"href":"https:\/\/perfectestetica.al\/en\/wp-json\/wp\/v2\/product_cat?post=3200"},{"taxonomy":"product_tag","embeddable":true,"href":"https:\/\/perfectestetica.al\/en\/wp-json\/wp\/v2\/product_tag?post=3200"}],"curies":[{"name":"wp","href":"https:\/\/api.w.org\/{rel}","templated":true}]}}