{"id":3197,"date":"2023-02-03T14:20:45","date_gmt":"2023-02-03T13:20:45","guid":{"rendered":"https:\/\/perfectestetica.al\/?post_type=product&#038;p=3197"},"modified":"2023-02-03T14:20:45","modified_gmt":"2023-02-03T13:20:45","slug":"lifting-cream","status":"publish","type":"product","link":"https:\/\/perfectestetica.al\/en\/product\/lifting-cream\/","title":{"rendered":"Lifting Cream"},"content":{"rendered":"","protected":false},"excerpt":{"rendered":"<p>Krem tonifikues dhe freskues i fytyr\u00ebs dhe qaf\u00ebs p\u00ebr t\u00eb gjitha llojet e l\u00ebkur\u00ebs.<\/p>\n<p>Veprimi: Kombinon veprimin tonifikues t\u00eb Phytodermina Lifting me nj\u00eb gam\u00eb t\u00eb gjer\u00eb p\u00ebrb\u00ebr\u00ebsish q\u00eb rrisin mekanizmat mbrojt\u00ebs natyrale t\u00eb l\u00ebkur\u00ebs dhe stimulojn\u00eb rigjenerimin qelizor. Kompleksi i vitaminave E-C-F, Drieline, Kombuchka and Oxyforce cellular active rrisin oksigjenimin indor epidermal dhe reduktojn\u00eb thell\u00ebsin\u00eb e rrudhave. Kremi p\u00ebrmir\u00ebson tekstur\u00ebn dhe permetrin e fytyr\u00ebs dhe qaf\u00ebs.<\/p>\n<p>P\u00ebrdorimi: Apliko nj\u00eb sasi t\u00eb vog\u00ebl n\u00eb t\u00ebr\u00eb fytyr\u00ebn 1 deri 2 her\u00eb n\u00eb dit\u00eb, duke e masazhuar deri n\u00eb absormim.<\/p>\n<p>Ingredient\u00ebt kryesor\u00eb: Phytodermina Lifting,Oxyforce Cellular Active, Phytosqual, Kombuchka, Lipexel, Drieline, Vitamin Complex E-C-F.<\/p>\n<table class=\"woocommerce-product-attributes shop_attributes\">\n<tbody>\n<tr class=\"woocommerce-product-attributes-item woocommerce-product-attributes-item--attribute_pa_size\">\n<th class=\"woocommerce-product-attributes-item__label\">Paketimi<\/th>\n<td class=\"woocommerce-product-attributes-item__value\">50mL<\/td>\n<\/tr>\n<tr class=\"woocommerce-product-attributes-item woocommerce-product-attributes-item--attribute_pa_llojet-e-lekures\">\n<th class=\"woocommerce-product-attributes-item__label\">Llojet e l\u00ebkur\u00ebs<\/th>\n<td class=\"woocommerce-product-attributes-item__value\">t\u00eb gjitha llojet<\/td>\n<\/tr>\n<\/tbody>\n<\/table>","protected":false},"featured_media":3198,"comment_status":"open","ping_status":"closed","template":"","meta":[],"product_brand":[],"product_cat":[52],"product_tag":[],"class_list":{"0":"post-3197","1":"product","2":"type-product","3":"status-publish","4":"has-post-thumbnail","6":"product_cat-kremrat","8":"first","9":"instock","10":"shipping-taxable","11":"purchasable","12":"product-type-simple"},"_links":{"self":[{"href":"https:\/\/perfectestetica.al\/en\/wp-json\/wp\/v2\/product\/3197","targetHints":{"allow":["GET"]}}],"collection":[{"href":"https:\/\/perfectestetica.al\/en\/wp-json\/wp\/v2\/product"}],"about":[{"href":"https:\/\/perfectestetica.al\/en\/wp-json\/wp\/v2\/types\/product"}],"replies":[{"embeddable":true,"href":"https:\/\/perfectestetica.al\/en\/wp-json\/wp\/v2\/comments?post=3197"}],"version-history":[{"count":1,"href":"https:\/\/perfectestetica.al\/en\/wp-json\/wp\/v2\/product\/3197\/revisions"}],"predecessor-version":[{"id":3199,"href":"https:\/\/perfectestetica.al\/en\/wp-json\/wp\/v2\/product\/3197\/revisions\/3199"}],"wp:featuredmedia":[{"embeddable":true,"href":"https:\/\/perfectestetica.al\/en\/wp-json\/wp\/v2\/media\/3198"}],"wp:attachment":[{"href":"https:\/\/perfectestetica.al\/en\/wp-json\/wp\/v2\/media?parent=3197"}],"wp:term":[{"taxonomy":"product_brand","embeddable":true,"href":"https:\/\/perfectestetica.al\/en\/wp-json\/wp\/v2\/product_brand?post=3197"},{"taxonomy":"product_cat","embeddable":true,"href":"https:\/\/perfectestetica.al\/en\/wp-json\/wp\/v2\/product_cat?post=3197"},{"taxonomy":"product_tag","embeddable":true,"href":"https:\/\/perfectestetica.al\/en\/wp-json\/wp\/v2\/product_tag?post=3197"}],"curies":[{"name":"wp","href":"https:\/\/api.w.org\/{rel}","templated":true}]}}