{"id":3194,"date":"2023-02-03T14:19:27","date_gmt":"2023-02-03T13:19:27","guid":{"rendered":"https:\/\/perfectestetica.al\/?post_type=product&#038;p=3194"},"modified":"2023-02-03T14:19:27","modified_gmt":"2023-02-03T13:19:27","slug":"hydra-repairing-cream","status":"publish","type":"product","link":"https:\/\/perfectestetica.al\/en\/product\/hydra-repairing-cream\/","title":{"rendered":"Hydra Repairing Cream"},"content":{"rendered":"","protected":false},"excerpt":{"rendered":"<p>Krem hidratues, riparues p\u00ebr t\u00eb gjitha llojet e l\u00ebkur\u00ebs.<\/p>\n<p>Veprimi: Hidraton, rrit funksionin natyral t\u00eb rigjenerimit t\u00eb l\u00ebkur\u00ebs dhe e mbron at\u00eb nga d\u00ebmtimet e shkaktuara nga rrezatimi diellor. Bakteria Bifidus dhe proteinat e qum\u00ebshtit stimulojn\u00eb sistemin enzimatik t\u00eb l\u00ebkur\u00ebs duke njohur dhe riparuar d\u00ebmtimet. Matrixyl 3000 redukton linjat e mimik\u00ebs, rrudhat dhe ashp\u00ebrsin\u00eb e l\u00ebkur\u00ebs. P\u00ebrmban dy lloje Ceramidesh q\u00eb rregullojn\u00eb dhe forcojn\u00eb barrier\u00ebn l\u00ebkurore.<\/p>\n<p>P\u00ebrdorimi: Aplikoni nj\u00eb sasi t\u00eb vog\u00ebl n\u00eb t\u00ebr\u00eb fytyr\u00ebn 1 deri n\u00eb 2 her\u00eb n\u00eb dit\u00eb, duke masazhuar deri n\u00eb absorbim.<\/p>\n<p>Ingredient\u00ebt kryesor\u00eb: Ceramide H03, Lactokine (Peptidi i qum\u00ebshtit), Bifidus (Kompleksi i Riparimit), Matrixyl 3000, Ceramide 3B, Sheter Buta, A-Bisabolol.<\/p>\n<table class=\"woocommerce-product-attributes shop_attributes\">\n<tbody>\n<tr class=\"woocommerce-product-attributes-item woocommerce-product-attributes-item--attribute_pa_size\">\n<th class=\"woocommerce-product-attributes-item__label\">Paketimi<\/th>\n<td class=\"woocommerce-product-attributes-item__value\">50mL<\/td>\n<\/tr>\n<tr class=\"woocommerce-product-attributes-item woocommerce-product-attributes-item--attribute_pa_llojet-e-lekures\">\n<th class=\"woocommerce-product-attributes-item__label\">Llojet e l\u00ebkur\u00ebs<\/th>\n<td class=\"woocommerce-product-attributes-item__value\">t\u00eb gjitha llojet<\/td>\n<\/tr>\n<\/tbody>\n<\/table>","protected":false},"featured_media":3195,"comment_status":"open","ping_status":"closed","template":"","meta":[],"product_brand":[],"product_cat":[52],"product_tag":[],"class_list":{"0":"post-3194","1":"product","2":"type-product","3":"status-publish","4":"has-post-thumbnail","6":"product_cat-kremrat","8":"first","9":"instock","10":"shipping-taxable","11":"purchasable","12":"product-type-simple"},"_links":{"self":[{"href":"https:\/\/perfectestetica.al\/en\/wp-json\/wp\/v2\/product\/3194","targetHints":{"allow":["GET"]}}],"collection":[{"href":"https:\/\/perfectestetica.al\/en\/wp-json\/wp\/v2\/product"}],"about":[{"href":"https:\/\/perfectestetica.al\/en\/wp-json\/wp\/v2\/types\/product"}],"replies":[{"embeddable":true,"href":"https:\/\/perfectestetica.al\/en\/wp-json\/wp\/v2\/comments?post=3194"}],"version-history":[{"count":1,"href":"https:\/\/perfectestetica.al\/en\/wp-json\/wp\/v2\/product\/3194\/revisions"}],"predecessor-version":[{"id":3196,"href":"https:\/\/perfectestetica.al\/en\/wp-json\/wp\/v2\/product\/3194\/revisions\/3196"}],"wp:featuredmedia":[{"embeddable":true,"href":"https:\/\/perfectestetica.al\/en\/wp-json\/wp\/v2\/media\/3195"}],"wp:attachment":[{"href":"https:\/\/perfectestetica.al\/en\/wp-json\/wp\/v2\/media?parent=3194"}],"wp:term":[{"taxonomy":"product_brand","embeddable":true,"href":"https:\/\/perfectestetica.al\/en\/wp-json\/wp\/v2\/product_brand?post=3194"},{"taxonomy":"product_cat","embeddable":true,"href":"https:\/\/perfectestetica.al\/en\/wp-json\/wp\/v2\/product_cat?post=3194"},{"taxonomy":"product_tag","embeddable":true,"href":"https:\/\/perfectestetica.al\/en\/wp-json\/wp\/v2\/product_tag?post=3194"}],"curies":[{"name":"wp","href":"https:\/\/api.w.org\/{rel}","templated":true}]}}