{"id":3191,"date":"2023-02-03T14:18:50","date_gmt":"2023-02-03T13:18:50","guid":{"rendered":"https:\/\/perfectestetica.al\/?post_type=product&#038;p=3191"},"modified":"2023-02-03T14:18:50","modified_gmt":"2023-02-03T13:18:50","slug":"hydra-protecting-cream","status":"publish","type":"product","link":"https:\/\/perfectestetica.al\/en\/product\/hydra-protecting-cream\/","title":{"rendered":"Hydra Protecting Cream"},"content":{"rendered":"","protected":false},"excerpt":{"rendered":"<p>Krem hidratues p\u00ebr fytyr\u00ebn q\u00eb mbron l\u00ebkur\u00ebn nga agresor\u00ebt e mjedisor\u00eb.<\/p>\n<p>Veprimi: Hidraton dhe mbron l\u00ebkur\u00ebn nga rrezet e diellit (SPF 10), ndotja atmosferike dhe faktor\u00ebt e d\u00ebmsh\u00ebm mjedisor\u00eb. Efekti kundra ndotjes i atribuohet aft\u00ebsis\u00eb s\u00eb karbonit t\u00eb aktivizuar t\u00eb absorboj\u00eb ndot\u00ebsit nga l\u00ebkura, si dhe mburoj\u00ebs s\u00eb krijuar nga Detoxophane dhe Pollushield. Ka konsistenc\u00eb leht\u00ebsisht t\u00eb absorbueshme nga l\u00ebkura, pa l\u00ebn\u00eb ndjesi yndyre.<\/p>\n<p>P\u00ebrdorimi: Aplikoni nj\u00eb sasi t\u00eb vog\u00ebl n\u00eb t\u00ebr\u00eb fytyr\u00ebn 1 deri n\u00eb 2 her\u00eb n\u00eb dit\u00eb, duke masazhuar deri n\u00eb absorbim.<\/p>\n<p>Ingredient\u00ebt kryesor\u00eb: MMW Hyaluronic Acid, Ascorbic Acid (3-O-Ethyl Ascorbic Acid), Detoxophane, Pollushield, Active Charcoal, Vitamin E, Uv Filters, Allantoin.<\/p>\n<table class=\"woocommerce-product-attributes shop_attributes\">\n<tbody>\n<tr class=\"woocommerce-product-attributes-item woocommerce-product-attributes-item--attribute_pa_size\">\n<th class=\"woocommerce-product-attributes-item__label\">Paketimi<\/th>\n<td class=\"woocommerce-product-attributes-item__value\">50mL<\/td>\n<\/tr>\n<tr class=\"woocommerce-product-attributes-item woocommerce-product-attributes-item--attribute_pa_llojet-e-lekures\">\n<th class=\"woocommerce-product-attributes-item__label\">Llojet e l\u00ebkur\u00ebs<\/th>\n<td class=\"woocommerce-product-attributes-item__value\">mikse, t\u00eb gjitha llojet<\/td>\n<\/tr>\n<\/tbody>\n<\/table>","protected":false},"featured_media":3192,"comment_status":"open","ping_status":"closed","template":"","meta":[],"product_brand":[],"product_cat":[52],"product_tag":[],"class_list":{"0":"post-3191","1":"product","2":"type-product","3":"status-publish","4":"has-post-thumbnail","6":"product_cat-kremrat","8":"first","9":"instock","10":"shipping-taxable","11":"purchasable","12":"product-type-simple"},"_links":{"self":[{"href":"https:\/\/perfectestetica.al\/en\/wp-json\/wp\/v2\/product\/3191","targetHints":{"allow":["GET"]}}],"collection":[{"href":"https:\/\/perfectestetica.al\/en\/wp-json\/wp\/v2\/product"}],"about":[{"href":"https:\/\/perfectestetica.al\/en\/wp-json\/wp\/v2\/types\/product"}],"replies":[{"embeddable":true,"href":"https:\/\/perfectestetica.al\/en\/wp-json\/wp\/v2\/comments?post=3191"}],"version-history":[{"count":1,"href":"https:\/\/perfectestetica.al\/en\/wp-json\/wp\/v2\/product\/3191\/revisions"}],"predecessor-version":[{"id":3193,"href":"https:\/\/perfectestetica.al\/en\/wp-json\/wp\/v2\/product\/3191\/revisions\/3193"}],"wp:featuredmedia":[{"embeddable":true,"href":"https:\/\/perfectestetica.al\/en\/wp-json\/wp\/v2\/media\/3192"}],"wp:attachment":[{"href":"https:\/\/perfectestetica.al\/en\/wp-json\/wp\/v2\/media?parent=3191"}],"wp:term":[{"taxonomy":"product_brand","embeddable":true,"href":"https:\/\/perfectestetica.al\/en\/wp-json\/wp\/v2\/product_brand?post=3191"},{"taxonomy":"product_cat","embeddable":true,"href":"https:\/\/perfectestetica.al\/en\/wp-json\/wp\/v2\/product_cat?post=3191"},{"taxonomy":"product_tag","embeddable":true,"href":"https:\/\/perfectestetica.al\/en\/wp-json\/wp\/v2\/product_tag?post=3191"}],"curies":[{"name":"wp","href":"https:\/\/api.w.org\/{rel}","templated":true}]}}