{"id":3188,"date":"2023-02-03T14:18:18","date_gmt":"2023-02-03T13:18:18","guid":{"rendered":"https:\/\/perfectestetica.al\/?post_type=product&#038;p=3188"},"modified":"2023-02-03T14:18:18","modified_gmt":"2023-02-03T13:18:18","slug":"hydra-firming-cream","status":"publish","type":"product","link":"https:\/\/perfectestetica.al\/en\/product\/hydra-firming-cream\/","title":{"rendered":"Hydra Firming Cream"},"content":{"rendered":"","protected":false},"excerpt":{"rendered":"<p>Krem hidratues, tonifikues p\u00ebr fytyr\u00ebn, p\u00ebr l\u00ebkur\u00eb normale, t\u00eb kombinuar dhe t\u00eb yndyrshme.<\/p>\n<p>Veprimi: P\u00ebrmban Phytodermina Lifting,<br \/>\nCyclodextrina nga bim\u00ebt (Osilift) dhe nj\u00eb kompleks proteinik nga qum\u00ebshti. Hidraton dhe forcon l\u00ebkur\u00ebn duke krijuar nj\u00eb film elastik, t\u00eb holl\u00eb mbi t\u00eb (pa i bllokuar ajrosjen) q\u00eb zbut rrudhat dhe p\u00ebrmir\u00ebson tekstur\u00ebn. P\u00ebrmban acid hialuronik dhe kolagjen detar q\u00eb rrisin hidratimin. Kombinuar me Pentacare dhe vaj avokado, ruan dhe mbron filmin hidrolipidik t\u00eb l\u00ebkur\u00ebs. Ka konsistenc\u00eb xhel-krem dhe arom\u00eb t\u00eb k\u00ebndshme menteje.<\/p>\n<p>P\u00ebrdorimi: Apliko nj\u00eb sasi t\u00eb vog\u00ebl n\u00eb t\u00ebr\u00eb fytyr\u00ebn 1 deri 2 her\u00eb n\u00eb dit\u00eb, duke masazhuar deri n\u00eb absorbim.<\/p>\n<p>Ingredient\u00ebt kryesor\u00eb: Acidi Hyaluronic MMW, Ms Hc (Silicium &amp; Marine Collagen), Kompleksi Peptid i Qum\u00ebshtit, Liftessence, Osilift, Pentacare, Avocado Oil, Menthol Crystal.<\/p>\n<table class=\"woocommerce-product-attributes shop_attributes\">\n<tbody>\n<tr class=\"woocommerce-product-attributes-item woocommerce-product-attributes-item--attribute_pa_size\">\n<th class=\"woocommerce-product-attributes-item__label\">Paketimi<\/th>\n<td class=\"woocommerce-product-attributes-item__value\">50mL<\/td>\n<\/tr>\n<tr class=\"woocommerce-product-attributes-item woocommerce-product-attributes-item--attribute_pa_llojet-e-lekures\">\n<th class=\"woocommerce-product-attributes-item__label\">Llojet e l\u00ebkur\u00ebs<\/th>\n<td class=\"woocommerce-product-attributes-item__value\">e yndyrshme, mikse, normale<\/td>\n<\/tr>\n<\/tbody>\n<\/table>","protected":false},"featured_media":3189,"comment_status":"open","ping_status":"closed","template":"","meta":[],"product_brand":[],"product_cat":[52],"product_tag":[],"class_list":{"0":"post-3188","1":"product","2":"type-product","3":"status-publish","4":"has-post-thumbnail","6":"product_cat-kremrat","8":"first","9":"instock","10":"shipping-taxable","11":"purchasable","12":"product-type-simple"},"_links":{"self":[{"href":"https:\/\/perfectestetica.al\/en\/wp-json\/wp\/v2\/product\/3188","targetHints":{"allow":["GET"]}}],"collection":[{"href":"https:\/\/perfectestetica.al\/en\/wp-json\/wp\/v2\/product"}],"about":[{"href":"https:\/\/perfectestetica.al\/en\/wp-json\/wp\/v2\/types\/product"}],"replies":[{"embeddable":true,"href":"https:\/\/perfectestetica.al\/en\/wp-json\/wp\/v2\/comments?post=3188"}],"version-history":[{"count":1,"href":"https:\/\/perfectestetica.al\/en\/wp-json\/wp\/v2\/product\/3188\/revisions"}],"predecessor-version":[{"id":3190,"href":"https:\/\/perfectestetica.al\/en\/wp-json\/wp\/v2\/product\/3188\/revisions\/3190"}],"wp:featuredmedia":[{"embeddable":true,"href":"https:\/\/perfectestetica.al\/en\/wp-json\/wp\/v2\/media\/3189"}],"wp:attachment":[{"href":"https:\/\/perfectestetica.al\/en\/wp-json\/wp\/v2\/media?parent=3188"}],"wp:term":[{"taxonomy":"product_brand","embeddable":true,"href":"https:\/\/perfectestetica.al\/en\/wp-json\/wp\/v2\/product_brand?post=3188"},{"taxonomy":"product_cat","embeddable":true,"href":"https:\/\/perfectestetica.al\/en\/wp-json\/wp\/v2\/product_cat?post=3188"},{"taxonomy":"product_tag","embeddable":true,"href":"https:\/\/perfectestetica.al\/en\/wp-json\/wp\/v2\/product_tag?post=3188"}],"curies":[{"name":"wp","href":"https:\/\/api.w.org\/{rel}","templated":true}]}}