{"id":3185,"date":"2023-02-03T14:17:31","date_gmt":"2023-02-03T13:17:31","guid":{"rendered":"https:\/\/perfectestetica.al\/?post_type=product&#038;p=3185"},"modified":"2023-02-03T14:17:31","modified_gmt":"2023-02-03T13:17:31","slug":"hydra-calming-cream","status":"publish","type":"product","link":"https:\/\/perfectestetica.al\/en\/product\/hydra-calming-cream\/","title":{"rendered":"Hydra Calming Cream"},"content":{"rendered":"","protected":false},"excerpt":{"rendered":"<p>Krem qet\u00ebsues dhe hidratues p\u00ebr fytyr\u00ebn, p\u00ebr l\u00ebkur\u00eb t\u00eb ndjeshme dhe t\u00eb irrituar.<\/p>\n<p>Nj\u00eb zgjedhje ideale p\u00ebr l\u00ebkur\u00ebn sensitive dhe t\u00eb irrituar, pasoj\u00eb e sinergjis\u00eb s\u00eb element\u00ebve qet\u00ebsues. Redukton eritem\u00ebn, hidraton dhe qet\u00ebson edhe l\u00ebkur\u00ebn m\u00eb sensitive. Celligent, Glycofilm, Dermasooth, Aloe Vera, D-Panthenoli and vaji i Kamomilit q\u00eb p\u00ebrmban, rrisin mbrojtjen e l\u00ebkur\u00ebs nga radikalet e lira, stresi oksidativ dhe nga faktor\u00ebt e d\u00ebmsh\u00ebm mjedisor\u00eb, duke reduktuar inflamacionin dhe skuqjen. Rivendos funksionin e barrier\u00ebs s\u00eb l\u00ebkur\u00ebs, hidraton dhe redukton humbjen transdermale t\u00eb ujit.<\/p>\n<p>P\u00ebrdorimi: Apliko nj\u00eb sasi t\u00eb vog\u00ebl n\u00eb t\u00ebr\u00eb fytyr\u00ebn 1 deri n\u00eb 2 her\u00eb n\u00eb dit\u00eb, masazhoje deri n\u00eb absorbim.<\/p>\n<p>Ingredient\u00ebt kryesor\u00eb: Celligent, Glycofilm, Dermasooth, Vaj Kamomili, Aloe Vera, Panthenol, Shea Butter.<\/p>\n<table class=\"woocommerce-product-attributes shop_attributes\">\n<tbody>\n<tr class=\"woocommerce-product-attributes-item woocommerce-product-attributes-item--attribute_pa_size\">\n<th class=\"woocommerce-product-attributes-item__label\">Paketimi<\/th>\n<td class=\"woocommerce-product-attributes-item__value\">50mL<\/td>\n<\/tr>\n<tr class=\"woocommerce-product-attributes-item woocommerce-product-attributes-item--attribute_pa_llojet-e-lekures\">\n<th class=\"woocommerce-product-attributes-item__label\">Llojet e l\u00ebkur\u00ebs<\/th>\n<td class=\"woocommerce-product-attributes-item__value\">mikse, sensitive<\/td>\n<\/tr>\n<\/tbody>\n<\/table>","protected":false},"featured_media":3186,"comment_status":"open","ping_status":"closed","template":"","meta":[],"product_brand":[],"product_cat":[52],"product_tag":[],"class_list":{"0":"post-3185","1":"product","2":"type-product","3":"status-publish","4":"has-post-thumbnail","6":"product_cat-kremrat","8":"first","9":"instock","10":"shipping-taxable","11":"purchasable","12":"product-type-simple"},"_links":{"self":[{"href":"https:\/\/perfectestetica.al\/en\/wp-json\/wp\/v2\/product\/3185","targetHints":{"allow":["GET"]}}],"collection":[{"href":"https:\/\/perfectestetica.al\/en\/wp-json\/wp\/v2\/product"}],"about":[{"href":"https:\/\/perfectestetica.al\/en\/wp-json\/wp\/v2\/types\/product"}],"replies":[{"embeddable":true,"href":"https:\/\/perfectestetica.al\/en\/wp-json\/wp\/v2\/comments?post=3185"}],"version-history":[{"count":1,"href":"https:\/\/perfectestetica.al\/en\/wp-json\/wp\/v2\/product\/3185\/revisions"}],"predecessor-version":[{"id":3187,"href":"https:\/\/perfectestetica.al\/en\/wp-json\/wp\/v2\/product\/3185\/revisions\/3187"}],"wp:featuredmedia":[{"embeddable":true,"href":"https:\/\/perfectestetica.al\/en\/wp-json\/wp\/v2\/media\/3186"}],"wp:attachment":[{"href":"https:\/\/perfectestetica.al\/en\/wp-json\/wp\/v2\/media?parent=3185"}],"wp:term":[{"taxonomy":"product_brand","embeddable":true,"href":"https:\/\/perfectestetica.al\/en\/wp-json\/wp\/v2\/product_brand?post=3185"},{"taxonomy":"product_cat","embeddable":true,"href":"https:\/\/perfectestetica.al\/en\/wp-json\/wp\/v2\/product_cat?post=3185"},{"taxonomy":"product_tag","embeddable":true,"href":"https:\/\/perfectestetica.al\/en\/wp-json\/wp\/v2\/product_tag?post=3185"}],"curies":[{"name":"wp","href":"https:\/\/api.w.org\/{rel}","templated":true}]}}