{"id":3182,"date":"2023-02-03T14:16:51","date_gmt":"2023-02-03T13:16:51","guid":{"rendered":"https:\/\/perfectestetica.al\/?post_type=product&#038;p=3182"},"modified":"2023-02-03T14:16:51","modified_gmt":"2023-02-03T13:16:51","slug":"extra-moisturizing-cream","status":"publish","type":"product","link":"https:\/\/perfectestetica.al\/en\/product\/extra-moisturizing-cream\/","title":{"rendered":"Extra Moisturizing Cream"},"content":{"rendered":"","protected":false},"excerpt":{"rendered":"<p>Krem hidratues dhe tonifikues p\u00ebr fytyr\u00ebn, p\u00ebr l\u00ebkur\u00eb t\u00eb that\u00eb dhe normale.<\/p>\n<p>Veprimi: Ai menj\u00ebher\u00eb plot\u00ebson ekuilibrin e ujit n\u00eb l\u00ebkur\u00ebn e that\u00eb dhe t\u00eb dehidratuar, nd\u00ebrsa ndihmon p\u00ebr t\u00eb rifituar tonicitetin e saj t\u00eb humbur. Acidi hialuronik HHW kombinuar me Mini HA, Myrothamnous Extract dhe Vitamin C, rrisin hidratimin dhe elasticitetin e l\u00ebkur\u00ebs dhe p\u00ebrmir\u00ebsojn\u00eb barrier\u00ebn hidro-lipidike.<\/p>\n<p>P\u00ebrdorimi: Apliko nj\u00eb sasi t\u00eb vog\u00ebl n\u00eb t\u00ebr\u00eb fytyr\u00ebn 1 deri n\u00eb 2 her\u00eb n\u00eb dit\u00eb, duke masazhuar deri n\u00eb absorbim.<\/p>\n<p>Ingredient\u00ebt kryesor\u00eb: HMW Hyaluronic Acid, Mini Hyaluronic Acid, Myrothamnus Extract, Ascorbic Acid, Allantoin, Arginine.<\/p>\n<table class=\"woocommerce-product-attributes shop_attributes\">\n<tbody>\n<tr class=\"woocommerce-product-attributes-item woocommerce-product-attributes-item--attribute_pa_size\">\n<th class=\"woocommerce-product-attributes-item__label\">Paketimi<\/th>\n<td class=\"woocommerce-product-attributes-item__value\">50mL<\/td>\n<\/tr>\n<tr class=\"woocommerce-product-attributes-item woocommerce-product-attributes-item--attribute_pa_llojet-e-lekures\">\n<th class=\"woocommerce-product-attributes-item__label\">Llojet e l\u00ebkur\u00ebs<\/th>\n<td class=\"woocommerce-product-attributes-item__value\">e that\u00eb, normale<\/td>\n<\/tr>\n<\/tbody>\n<\/table>","protected":false},"featured_media":3183,"comment_status":"open","ping_status":"closed","template":"","meta":[],"product_brand":[],"product_cat":[52],"product_tag":[],"class_list":{"0":"post-3182","1":"product","2":"type-product","3":"status-publish","4":"has-post-thumbnail","6":"product_cat-kremrat","8":"first","9":"instock","10":"shipping-taxable","11":"purchasable","12":"product-type-simple"},"_links":{"self":[{"href":"https:\/\/perfectestetica.al\/en\/wp-json\/wp\/v2\/product\/3182","targetHints":{"allow":["GET"]}}],"collection":[{"href":"https:\/\/perfectestetica.al\/en\/wp-json\/wp\/v2\/product"}],"about":[{"href":"https:\/\/perfectestetica.al\/en\/wp-json\/wp\/v2\/types\/product"}],"replies":[{"embeddable":true,"href":"https:\/\/perfectestetica.al\/en\/wp-json\/wp\/v2\/comments?post=3182"}],"version-history":[{"count":1,"href":"https:\/\/perfectestetica.al\/en\/wp-json\/wp\/v2\/product\/3182\/revisions"}],"predecessor-version":[{"id":3184,"href":"https:\/\/perfectestetica.al\/en\/wp-json\/wp\/v2\/product\/3182\/revisions\/3184"}],"wp:featuredmedia":[{"embeddable":true,"href":"https:\/\/perfectestetica.al\/en\/wp-json\/wp\/v2\/media\/3183"}],"wp:attachment":[{"href":"https:\/\/perfectestetica.al\/en\/wp-json\/wp\/v2\/media?parent=3182"}],"wp:term":[{"taxonomy":"product_brand","embeddable":true,"href":"https:\/\/perfectestetica.al\/en\/wp-json\/wp\/v2\/product_brand?post=3182"},{"taxonomy":"product_cat","embeddable":true,"href":"https:\/\/perfectestetica.al\/en\/wp-json\/wp\/v2\/product_cat?post=3182"},{"taxonomy":"product_tag","embeddable":true,"href":"https:\/\/perfectestetica.al\/en\/wp-json\/wp\/v2\/product_tag?post=3182"}],"curies":[{"name":"wp","href":"https:\/\/api.w.org\/{rel}","templated":true}]}}