{"id":3173,"date":"2023-02-03T14:14:03","date_gmt":"2023-02-03T13:14:03","guid":{"rendered":"https:\/\/perfectestetica.al\/?post_type=product&#038;p=3173"},"modified":"2023-02-03T14:14:03","modified_gmt":"2023-02-03T13:14:03","slug":"aha-smoothing-cream","status":"publish","type":"product","link":"https:\/\/perfectestetica.al\/en\/product\/aha-smoothing-cream\/","title":{"rendered":"AHA Smoothing Cream"},"content":{"rendered":"","protected":false},"excerpt":{"rendered":"<p>Krem rigjenerues me AHA p\u00ebr fytyr\u00ebn, p\u00ebr t\u00eb gjitha llojet e l\u00ebkur\u00ebs.<\/p>\n<p>Veprimi: Rivendos tekstur\u00ebn e but\u00eb t\u00eb l\u00ebkur\u00ebs, bazuar n\u00eb nj\u00eb p\u00ebrzgjedhje t\u00eb p\u00ebrmbajtjes s\u00eb AHA (acid glikolik, laktik, mandelik) me nje pH 5.0 kombinuar me keratoplast. Ka efekt t\u00eb leht\u00eb eksfoliant. P\u00ebrforcuar me acid hialuronic, panthenol, Centella extract and aloe vera, nxit regjenerimin natyral t\u00eb l\u00ebkur\u00ebs dhe e hidraton at\u00eb, duke i dh\u00ebn\u00eb nj\u00eb pamje t\u00eb shk\u00eblqyeshme. Nuk e l\u00eb l\u00ebkur\u00ebn t\u00eb yndryrshme pas aplikimit.<\/p>\n<p>P\u00ebrdorimi: Apliko n\u00eb t\u00eb gjith\u00eb fytyr\u00ebn dhe masazhoje deri sa t\u00eb absorbohet. Rekomandohet vendosja e kremit kundra diellit.<\/p>\n<p>Kundraindikacion: Nuk duhet t\u00eb p\u00ebrdoret n\u00eb l\u00ebkur\u00ebn q\u00eb vuan nga herpes zoster.<\/p>\n<p>Ingredient\u00ebt kryesor\u00eb: Acidi laktik 2.7%, Acidi glikolik 5.3%, Acidi Mandelic 1.0%, Acidi Hyaluronic MMW, Keratoplast, Centella Ekstrakt, Aloe Vera, A-Bisabolol.<\/p>\n<table class=\"woocommerce-product-attributes shop_attributes\">\n<tbody>\n<tr class=\"woocommerce-product-attributes-item woocommerce-product-attributes-item--attribute_pa_size\">\n<th class=\"woocommerce-product-attributes-item__label\">Paketimi<\/th>\n<td class=\"woocommerce-product-attributes-item__value\">50mL<\/td>\n<\/tr>\n<tr class=\"woocommerce-product-attributes-item woocommerce-product-attributes-item--attribute_pa_llojet-e-lekures\">\n<th class=\"woocommerce-product-attributes-item__label\">Llojet e l\u00ebkur\u00ebs<\/th>\n<td class=\"woocommerce-product-attributes-item__value\">t\u00eb gjitha llojet<\/td>\n<\/tr>\n<\/tbody>\n<\/table>","protected":false},"featured_media":3174,"comment_status":"open","ping_status":"closed","template":"","meta":[],"product_brand":[],"product_cat":[52],"product_tag":[],"class_list":{"0":"post-3173","1":"product","2":"type-product","3":"status-publish","4":"has-post-thumbnail","6":"product_cat-kremrat","8":"first","9":"instock","10":"shipping-taxable","11":"purchasable","12":"product-type-simple"},"_links":{"self":[{"href":"https:\/\/perfectestetica.al\/en\/wp-json\/wp\/v2\/product\/3173","targetHints":{"allow":["GET"]}}],"collection":[{"href":"https:\/\/perfectestetica.al\/en\/wp-json\/wp\/v2\/product"}],"about":[{"href":"https:\/\/perfectestetica.al\/en\/wp-json\/wp\/v2\/types\/product"}],"replies":[{"embeddable":true,"href":"https:\/\/perfectestetica.al\/en\/wp-json\/wp\/v2\/comments?post=3173"}],"version-history":[{"count":1,"href":"https:\/\/perfectestetica.al\/en\/wp-json\/wp\/v2\/product\/3173\/revisions"}],"predecessor-version":[{"id":3175,"href":"https:\/\/perfectestetica.al\/en\/wp-json\/wp\/v2\/product\/3173\/revisions\/3175"}],"wp:featuredmedia":[{"embeddable":true,"href":"https:\/\/perfectestetica.al\/en\/wp-json\/wp\/v2\/media\/3174"}],"wp:attachment":[{"href":"https:\/\/perfectestetica.al\/en\/wp-json\/wp\/v2\/media?parent=3173"}],"wp:term":[{"taxonomy":"product_brand","embeddable":true,"href":"https:\/\/perfectestetica.al\/en\/wp-json\/wp\/v2\/product_brand?post=3173"},{"taxonomy":"product_cat","embeddable":true,"href":"https:\/\/perfectestetica.al\/en\/wp-json\/wp\/v2\/product_cat?post=3173"},{"taxonomy":"product_tag","embeddable":true,"href":"https:\/\/perfectestetica.al\/en\/wp-json\/wp\/v2\/product_tag?post=3173"}],"curies":[{"name":"wp","href":"https:\/\/api.w.org\/{rel}","templated":true}]}}