{"id":3170,"date":"2023-02-03T14:12:42","date_gmt":"2023-02-03T13:12:42","guid":{"rendered":"https:\/\/perfectestetica.al\/?post_type=product&#038;p=3170"},"modified":"2023-02-03T14:12:42","modified_gmt":"2023-02-03T13:12:42","slug":"exfoliating-enzyme-gel","status":"publish","type":"product","link":"https:\/\/perfectestetica.al\/en\/product\/exfoliating-enzyme-gel\/","title":{"rendered":"Exfoliating Enzyme Gel"},"content":{"rendered":"","protected":false},"excerpt":{"rendered":"<p>Xhel eksfoliant freskues q\u00eb lihen n\u00eb fytyr\u00eb, p\u00ebr l\u00ebkur\u00eb normale, t\u00eb ndjeshme dhe t\u00eb that\u00eb.<\/p>\n<p>Veprimi: Heq qelizat e vdekura t\u00eb l\u00ebkur\u00ebs pa shkaktuar irritim, duke e rigjall\u00ebruar e shk\u00eblqyer kompleksitetin e l\u00ebkur\u00ebs. Kombinon efektin e eskfolimit enzimatik t\u00eb fikut t\u00eb detit me efektin qet\u00ebsues dhe hidratues t\u00eb aloes dhe ures\u00eb. Redukton rrudhat dhe linjat fine, teksa p\u00ebrmir\u00ebson qart\u00ebsin\u00eb dhe luminositetin e l\u00ebkur\u00ebs. I p\u00ebrshtatsh\u00ebm p\u00ebr p\u00ebrdorim t\u00eb shpesht\u00eb dhe l\u00ebkur\u00eb sensitive.<\/p>\n<p>P\u00ebrdorimi: Aplikoje n\u00eb l\u00ebkur\u00eb t\u00eb that\u00eb dhe mbas 10 minutash, apliko serumin ose kremin mbi xhelin. Nuk hiqet nga fytyra.<\/p>\n<p>Ingreditet\u00ebt kryesor\u00eb: Prickly Pear Extract, Aloe Vera, Urea.<\/p>\n<table class=\"woocommerce-product-attributes shop_attributes\">\n<tbody>\n<tr class=\"woocommerce-product-attributes-item woocommerce-product-attributes-item--attribute_pa_size\">\n<th class=\"woocommerce-product-attributes-item__label\">Paketimi<\/th>\n<td class=\"woocommerce-product-attributes-item__value\">50mL<\/td>\n<\/tr>\n<tr class=\"woocommerce-product-attributes-item woocommerce-product-attributes-item--attribute_pa_llojet-e-lekures\">\n<th class=\"woocommerce-product-attributes-item__label\">Llojet e l\u00ebkur\u00ebs<\/th>\n<td class=\"woocommerce-product-attributes-item__value\">e that\u00eb, normale, sensitive<\/td>\n<\/tr>\n<\/tbody>\n<\/table>\n<p>&nbsp;<\/p>","protected":false},"featured_media":3171,"comment_status":"open","ping_status":"closed","template":"","meta":[],"product_brand":[],"product_cat":[51],"product_tag":[],"class_list":{"0":"post-3170","1":"product","2":"type-product","3":"status-publish","4":"has-post-thumbnail","6":"product_cat-peelings","8":"first","9":"instock","10":"shipping-taxable","11":"purchasable","12":"product-type-simple"},"_links":{"self":[{"href":"https:\/\/perfectestetica.al\/en\/wp-json\/wp\/v2\/product\/3170","targetHints":{"allow":["GET"]}}],"collection":[{"href":"https:\/\/perfectestetica.al\/en\/wp-json\/wp\/v2\/product"}],"about":[{"href":"https:\/\/perfectestetica.al\/en\/wp-json\/wp\/v2\/types\/product"}],"replies":[{"embeddable":true,"href":"https:\/\/perfectestetica.al\/en\/wp-json\/wp\/v2\/comments?post=3170"}],"version-history":[{"count":1,"href":"https:\/\/perfectestetica.al\/en\/wp-json\/wp\/v2\/product\/3170\/revisions"}],"predecessor-version":[{"id":3172,"href":"https:\/\/perfectestetica.al\/en\/wp-json\/wp\/v2\/product\/3170\/revisions\/3172"}],"wp:featuredmedia":[{"embeddable":true,"href":"https:\/\/perfectestetica.al\/en\/wp-json\/wp\/v2\/media\/3171"}],"wp:attachment":[{"href":"https:\/\/perfectestetica.al\/en\/wp-json\/wp\/v2\/media?parent=3170"}],"wp:term":[{"taxonomy":"product_brand","embeddable":true,"href":"https:\/\/perfectestetica.al\/en\/wp-json\/wp\/v2\/product_brand?post=3170"},{"taxonomy":"product_cat","embeddable":true,"href":"https:\/\/perfectestetica.al\/en\/wp-json\/wp\/v2\/product_cat?post=3170"},{"taxonomy":"product_tag","embeddable":true,"href":"https:\/\/perfectestetica.al\/en\/wp-json\/wp\/v2\/product_tag?post=3170"}],"curies":[{"name":"wp","href":"https:\/\/api.w.org\/{rel}","templated":true}]}}