{"id":3167,"date":"2023-02-03T14:11:58","date_gmt":"2023-02-03T13:11:58","guid":{"rendered":"https:\/\/perfectestetica.al\/?post_type=product&#038;p=3167"},"modified":"2023-02-03T14:11:58","modified_gmt":"2023-02-03T13:11:58","slug":"dermabrasion-gel","status":"publish","type":"product","link":"https:\/\/perfectestetica.al\/en\/product\/dermabrasion-gel\/","title":{"rendered":"Dermabrasion Gel"},"content":{"rendered":"","protected":false},"excerpt":{"rendered":"<p>Xhel eksfoliant fytyre, me kokrriza perle, p\u00ebr t\u00eb gjitha llojet e l\u00ebkur\u00ebs.<\/p>\n<p>Veprimi: Heq qelizat e vdekura t\u00eb l\u00ebkur\u00ebs, teksa rigjeneron l\u00ebkur\u00ebn e duke i dhuruar shk\u00eblqim dhe bardh\u00ebsi. Kombinon peeling mekanik t\u00eb kokrrizave perlite dhe sfera bamboje, me \u201cmikrodermabrasionin\u201d e but\u00eb t\u00eb kristaleve t\u00eb oksidit t\u00eb aluminit.<\/p>\n<p>P\u00ebrdorimi: Apliko nj\u00eb sasi t\u00eb vog\u00ebl, leht\u00ebsisht masazho fytyr\u00ebn dhe hiqe me uj\u00eb.<\/p>\n<p>Ingreditet\u00ebt kryesore: Perlite, Bamboo Shells, Aluminum Oxide, Panthenol.<\/p>\n<table class=\"woocommerce-product-attributes shop_attributes\">\n<tbody>\n<tr class=\"woocommerce-product-attributes-item woocommerce-product-attributes-item--attribute_pa_size\">\n<th class=\"woocommerce-product-attributes-item__label\">Paketimi<\/th>\n<td class=\"woocommerce-product-attributes-item__value\">50mL<\/td>\n<\/tr>\n<tr class=\"woocommerce-product-attributes-item woocommerce-product-attributes-item--attribute_pa_llojet-e-lekures\">\n<th class=\"woocommerce-product-attributes-item__label\">Llojet e l\u00ebkur\u00ebs<\/th>\n<td class=\"woocommerce-product-attributes-item__value\">t\u00eb gjitha llojet<\/td>\n<\/tr>\n<\/tbody>\n<\/table>","protected":false},"featured_media":3168,"comment_status":"open","ping_status":"closed","template":"","meta":[],"product_brand":[],"product_cat":[51],"product_tag":[],"class_list":{"0":"post-3167","1":"product","2":"type-product","3":"status-publish","4":"has-post-thumbnail","6":"product_cat-peelings","8":"first","9":"instock","10":"shipping-taxable","11":"purchasable","12":"product-type-simple"},"_links":{"self":[{"href":"https:\/\/perfectestetica.al\/en\/wp-json\/wp\/v2\/product\/3167","targetHints":{"allow":["GET"]}}],"collection":[{"href":"https:\/\/perfectestetica.al\/en\/wp-json\/wp\/v2\/product"}],"about":[{"href":"https:\/\/perfectestetica.al\/en\/wp-json\/wp\/v2\/types\/product"}],"replies":[{"embeddable":true,"href":"https:\/\/perfectestetica.al\/en\/wp-json\/wp\/v2\/comments?post=3167"}],"version-history":[{"count":1,"href":"https:\/\/perfectestetica.al\/en\/wp-json\/wp\/v2\/product\/3167\/revisions"}],"predecessor-version":[{"id":3169,"href":"https:\/\/perfectestetica.al\/en\/wp-json\/wp\/v2\/product\/3167\/revisions\/3169"}],"wp:featuredmedia":[{"embeddable":true,"href":"https:\/\/perfectestetica.al\/en\/wp-json\/wp\/v2\/media\/3168"}],"wp:attachment":[{"href":"https:\/\/perfectestetica.al\/en\/wp-json\/wp\/v2\/media?parent=3167"}],"wp:term":[{"taxonomy":"product_brand","embeddable":true,"href":"https:\/\/perfectestetica.al\/en\/wp-json\/wp\/v2\/product_brand?post=3167"},{"taxonomy":"product_cat","embeddable":true,"href":"https:\/\/perfectestetica.al\/en\/wp-json\/wp\/v2\/product_cat?post=3167"},{"taxonomy":"product_tag","embeddable":true,"href":"https:\/\/perfectestetica.al\/en\/wp-json\/wp\/v2\/product_tag?post=3167"}],"curies":[{"name":"wp","href":"https:\/\/api.w.org\/{rel}","templated":true}]}}