{"id":3164,"date":"2023-02-03T14:10:59","date_gmt":"2023-02-03T13:10:59","guid":{"rendered":"https:\/\/perfectestetica.al\/?post_type=product&#038;p=3164"},"modified":"2023-02-03T14:10:59","modified_gmt":"2023-02-03T13:10:59","slug":"cacao-exfoliating-cream","status":"publish","type":"product","link":"https:\/\/perfectestetica.al\/en\/product\/cacao-exfoliating-cream\/","title":{"rendered":"Cacao Exfoliating Cream"},"content":{"rendered":"","protected":false},"excerpt":{"rendered":"<p>Krem eksfoliant me kokrriza bajamesh dhe kakaoje p\u00ebr l\u00ebkur\u00eb t\u00eb that\u00eb dhe sensitive.<\/p>\n<p>Veprimi: Kombinimi i kakaos dhe kokrrizave t\u00eb bajameve heq but\u00ebsisht qelizat e vdekura, pa shkaktuar irritim t\u00eb l\u00ebkur\u00ebs, duke rezultuar n\u00eb l\u00ebkur\u00eb t\u00eb but\u00eb e m\u00eb rrezatuese. Ekstrakti elastin detar ndihmon n\u00eb ruajtjen e elasticitetit t\u00eb l\u00ebkur\u00ebs.<\/p>\n<p>P\u00ebrdorimi: Apliko nj\u00eb sasi t\u00eb vog\u00ebl, leht\u00ebsisht masazho fytyr\u00ebn dhe hiqe me uj\u00eb.<\/p>\n<p>Ingreditet\u00ebt kryesor\u00eb: Cocoa Exfoliator, Almond Granules, Elastine Marine, Panthenol.<\/p>\n<table class=\"woocommerce-product-attributes shop_attributes\">\n<tbody>\n<tr class=\"woocommerce-product-attributes-item woocommerce-product-attributes-item--attribute_pa_size\">\n<th class=\"woocommerce-product-attributes-item__label\">Paketimi<\/th>\n<td class=\"woocommerce-product-attributes-item__value\">50mL<\/td>\n<\/tr>\n<tr class=\"woocommerce-product-attributes-item woocommerce-product-attributes-item--attribute_pa_llojet-e-lekures\">\n<th class=\"woocommerce-product-attributes-item__label\">Llojet e l\u00ebkur\u00ebs<\/th>\n<td class=\"woocommerce-product-attributes-item__value\">e that\u00eb, sensitive<\/td>\n<\/tr>\n<\/tbody>\n<\/table>","protected":false},"featured_media":3165,"comment_status":"open","ping_status":"closed","template":"","meta":[],"product_brand":[],"product_cat":[51],"product_tag":[],"class_list":{"0":"post-3164","1":"product","2":"type-product","3":"status-publish","4":"has-post-thumbnail","6":"product_cat-peelings","8":"first","9":"instock","10":"shipping-taxable","11":"purchasable","12":"product-type-simple"},"_links":{"self":[{"href":"https:\/\/perfectestetica.al\/en\/wp-json\/wp\/v2\/product\/3164","targetHints":{"allow":["GET"]}}],"collection":[{"href":"https:\/\/perfectestetica.al\/en\/wp-json\/wp\/v2\/product"}],"about":[{"href":"https:\/\/perfectestetica.al\/en\/wp-json\/wp\/v2\/types\/product"}],"replies":[{"embeddable":true,"href":"https:\/\/perfectestetica.al\/en\/wp-json\/wp\/v2\/comments?post=3164"}],"version-history":[{"count":1,"href":"https:\/\/perfectestetica.al\/en\/wp-json\/wp\/v2\/product\/3164\/revisions"}],"predecessor-version":[{"id":3166,"href":"https:\/\/perfectestetica.al\/en\/wp-json\/wp\/v2\/product\/3164\/revisions\/3166"}],"wp:featuredmedia":[{"embeddable":true,"href":"https:\/\/perfectestetica.al\/en\/wp-json\/wp\/v2\/media\/3165"}],"wp:attachment":[{"href":"https:\/\/perfectestetica.al\/en\/wp-json\/wp\/v2\/media?parent=3164"}],"wp:term":[{"taxonomy":"product_brand","embeddable":true,"href":"https:\/\/perfectestetica.al\/en\/wp-json\/wp\/v2\/product_brand?post=3164"},{"taxonomy":"product_cat","embeddable":true,"href":"https:\/\/perfectestetica.al\/en\/wp-json\/wp\/v2\/product_cat?post=3164"},{"taxonomy":"product_tag","embeddable":true,"href":"https:\/\/perfectestetica.al\/en\/wp-json\/wp\/v2\/product_tag?post=3164"}],"curies":[{"name":"wp","href":"https:\/\/api.w.org\/{rel}","templated":true}]}}