{"id":3161,"date":"2023-02-03T14:09:52","date_gmt":"2023-02-03T13:09:52","guid":{"rendered":"https:\/\/perfectestetica.al\/?post_type=product&#038;p=3161"},"modified":"2023-02-03T14:09:53","modified_gmt":"2023-02-03T13:09:53","slug":"sensitive-cleansing-gel","status":"publish","type":"product","link":"https:\/\/perfectestetica.al\/en\/product\/sensitive-cleansing-gel\/","title":{"rendered":"Sensitive Cleansing Gel"},"content":{"rendered":"","protected":false},"excerpt":{"rendered":"<p>Xhel pastrues i formuluar specifikisht p\u00ebr l\u00ebkur\u00ebn sensitive dhe p\u00ebr zon\u00ebn rreth syve.<\/p>\n<p>Veprimi: Nj\u00eb xhel q\u00eb p\u00ebrmban vaj ulliri kombinuar me Osmopure, si komponent\u00eb pastrues. Mbron qelizat e l\u00ebkur\u00ebs nga ndotja e ambjentit, dhe s\u00eb bashku me acidin hyaluronic, e hidraton at\u00eb dhe e l\u00eb t\u00eb but\u00eb. Heq papast\u00ebrtit\u00eb dhe make up-in, duke e mbrojtur nj\u00ebkoh\u00ebsisht at\u00eb.<\/p>\n<p>P\u00ebrdorimi: Apliko nj\u00eb sasi t\u00eb vog\u00ebl n\u00eb t\u00eb gjith\u00eb fytyr\u00ebn me l\u00ebvizje rrethore dhe hiqe me nj\u00eb pambuk t\u00eb lagur ose me uj\u00eb.<\/p>\n<p>Ingreditet\u00ebt kryesor\u00eb: Olive Oil, Arginine, Osmopure, MMW Hyaluronic Acid.<\/p>\n<p>&nbsp;<\/p>\n<table class=\"woocommerce-product-attributes shop_attributes\">\n<tbody>\n<tr class=\"woocommerce-product-attributes-item woocommerce-product-attributes-item--attribute_pa_size\">\n<th class=\"woocommerce-product-attributes-item__label\">Paketimi<\/th>\n<td class=\"woocommerce-product-attributes-item__value\">210mL<\/td>\n<\/tr>\n<tr class=\"woocommerce-product-attributes-item woocommerce-product-attributes-item--attribute_pa_llojet-e-lekures\">\n<th class=\"woocommerce-product-attributes-item__label\">Llojet e l\u00ebkur\u00ebs<\/th>\n<td class=\"woocommerce-product-attributes-item__value\">normale, sensitive<\/td>\n<\/tr>\n<\/tbody>\n<\/table>","protected":false},"featured_media":3162,"comment_status":"open","ping_status":"closed","template":"","meta":[],"product_brand":[],"product_cat":[16],"product_tag":[],"class_list":{"0":"post-3161","1":"product","2":"type-product","3":"status-publish","4":"has-post-thumbnail","6":"product_cat-pastruesit-locionet","8":"first","9":"instock","10":"shipping-taxable","11":"purchasable","12":"product-type-simple"},"_links":{"self":[{"href":"https:\/\/perfectestetica.al\/en\/wp-json\/wp\/v2\/product\/3161","targetHints":{"allow":["GET"]}}],"collection":[{"href":"https:\/\/perfectestetica.al\/en\/wp-json\/wp\/v2\/product"}],"about":[{"href":"https:\/\/perfectestetica.al\/en\/wp-json\/wp\/v2\/types\/product"}],"replies":[{"embeddable":true,"href":"https:\/\/perfectestetica.al\/en\/wp-json\/wp\/v2\/comments?post=3161"}],"version-history":[{"count":1,"href":"https:\/\/perfectestetica.al\/en\/wp-json\/wp\/v2\/product\/3161\/revisions"}],"predecessor-version":[{"id":3163,"href":"https:\/\/perfectestetica.al\/en\/wp-json\/wp\/v2\/product\/3161\/revisions\/3163"}],"wp:featuredmedia":[{"embeddable":true,"href":"https:\/\/perfectestetica.al\/en\/wp-json\/wp\/v2\/media\/3162"}],"wp:attachment":[{"href":"https:\/\/perfectestetica.al\/en\/wp-json\/wp\/v2\/media?parent=3161"}],"wp:term":[{"taxonomy":"product_brand","embeddable":true,"href":"https:\/\/perfectestetica.al\/en\/wp-json\/wp\/v2\/product_brand?post=3161"},{"taxonomy":"product_cat","embeddable":true,"href":"https:\/\/perfectestetica.al\/en\/wp-json\/wp\/v2\/product_cat?post=3161"},{"taxonomy":"product_tag","embeddable":true,"href":"https:\/\/perfectestetica.al\/en\/wp-json\/wp\/v2\/product_tag?post=3161"}],"curies":[{"name":"wp","href":"https:\/\/api.w.org\/{rel}","templated":true}]}}