{"id":3158,"date":"2023-02-03T14:09:18","date_gmt":"2023-02-03T13:09:18","guid":{"rendered":"https:\/\/perfectestetica.al\/?post_type=product&#038;p=3158"},"modified":"2023-02-03T14:09:18","modified_gmt":"2023-02-03T13:09:18","slug":"micellar-cleansing-foam","status":"publish","type":"product","link":"https:\/\/perfectestetica.al\/en\/product\/micellar-cleansing-foam\/","title":{"rendered":"Micellar Cleansing Foam"},"content":{"rendered":"","protected":false},"excerpt":{"rendered":"<p>Pastrues fytyre n\u00eb form\u00eb shkume, me mikrosfera vajore (micelles) p\u00ebr t\u00eb gjitha llojet e l\u00ebkur\u00ebs, madje dhe at\u00eb sensitive.<br \/>\n\u2800\u2800\u2800\u2800\u2800\u2800\u2800\u2800\u2800\u2800\u2800\u2800 \u2800\u2800\u2800\u2800\u2800\u2800\u2800\u2800\u2800\u2800\u2800\u2800<br \/>\nVeprimi: Molekulat e vogla vajore dhe pastruesit e but\u00eb surfactant q\u00eb p\u00ebrmban, heqin makeupin, papast\u00ebrtit\u00eb dhe yndyr\u00ebn e tep\u00ebrt nga fytyra dhe zona e syve, pa shkaktuar irritim apo tharje. Pasuruar me aloe vera, pastron l\u00ebkur\u00ebn duke mir\u00ebmbajtur balanc\u00ebn e saj hidrolipidike.<br \/>\n\u2800\u2800\u2800\u2800\u2800\u2800\u2800\u2800\u2800\u2800\u2800\u2800 \u2800\u2800\u2800\u2800\u2800\u2800\u2800\u2800\u2800\u2800\u2800\u2800 \u2800\u2800\u2800\u2800\u2800\u2800\u2800\u2800\u2800\u2800\u2800\u2800 \u2800\u2800\u2800\u2800\u2800\u2800<br \/>\nP\u00ebrdorimi: Apliko shkum\u00ebn n\u00eb t\u00eb gjith\u00eb fytyr\u00ebn n\u00eb m\u00ebnyr\u00eb rrethore dhe hiqe me pambuk t\u00eb lagur.<\/p>\n<p>Ingredient\u00ebt kryesor\u00eb: Blend Oils (Micelles), Mild Surfactants, Aloe Vera.<\/p>\n<table class=\"woocommerce-product-attributes shop_attributes\">\n<tbody>\n<tr class=\"woocommerce-product-attributes-item woocommerce-product-attributes-item--attribute_pa_size\">\n<th class=\"woocommerce-product-attributes-item__label\">Paketimi<\/th>\n<td class=\"woocommerce-product-attributes-item__value\">230mL<\/td>\n<\/tr>\n<tr class=\"woocommerce-product-attributes-item woocommerce-product-attributes-item--attribute_pa_llojet-e-lekures\">\n<th class=\"woocommerce-product-attributes-item__label\">Llojet e l\u00ebkur\u00ebs<\/th>\n<td class=\"woocommerce-product-attributes-item__value\">sensitive, t\u00eb gjitha llojet<\/td>\n<\/tr>\n<\/tbody>\n<\/table>","protected":false},"featured_media":3159,"comment_status":"open","ping_status":"closed","template":"","meta":[],"product_brand":[],"product_cat":[16],"product_tag":[],"class_list":{"0":"post-3158","1":"product","2":"type-product","3":"status-publish","4":"has-post-thumbnail","6":"product_cat-pastruesit-locionet","8":"first","9":"instock","10":"shipping-taxable","11":"purchasable","12":"product-type-simple"},"_links":{"self":[{"href":"https:\/\/perfectestetica.al\/en\/wp-json\/wp\/v2\/product\/3158","targetHints":{"allow":["GET"]}}],"collection":[{"href":"https:\/\/perfectestetica.al\/en\/wp-json\/wp\/v2\/product"}],"about":[{"href":"https:\/\/perfectestetica.al\/en\/wp-json\/wp\/v2\/types\/product"}],"replies":[{"embeddable":true,"href":"https:\/\/perfectestetica.al\/en\/wp-json\/wp\/v2\/comments?post=3158"}],"version-history":[{"count":1,"href":"https:\/\/perfectestetica.al\/en\/wp-json\/wp\/v2\/product\/3158\/revisions"}],"predecessor-version":[{"id":3160,"href":"https:\/\/perfectestetica.al\/en\/wp-json\/wp\/v2\/product\/3158\/revisions\/3160"}],"wp:featuredmedia":[{"embeddable":true,"href":"https:\/\/perfectestetica.al\/en\/wp-json\/wp\/v2\/media\/3159"}],"wp:attachment":[{"href":"https:\/\/perfectestetica.al\/en\/wp-json\/wp\/v2\/media?parent=3158"}],"wp:term":[{"taxonomy":"product_brand","embeddable":true,"href":"https:\/\/perfectestetica.al\/en\/wp-json\/wp\/v2\/product_brand?post=3158"},{"taxonomy":"product_cat","embeddable":true,"href":"https:\/\/perfectestetica.al\/en\/wp-json\/wp\/v2\/product_cat?post=3158"},{"taxonomy":"product_tag","embeddable":true,"href":"https:\/\/perfectestetica.al\/en\/wp-json\/wp\/v2\/product_tag?post=3158"}],"curies":[{"name":"wp","href":"https:\/\/api.w.org\/{rel}","templated":true}]}}