{"id":3155,"date":"2023-02-03T14:08:26","date_gmt":"2023-02-03T13:08:26","guid":{"rendered":"https:\/\/perfectestetica.al\/?post_type=product&#038;p=3155"},"modified":"2023-02-03T14:08:27","modified_gmt":"2023-02-03T13:08:27","slug":"hydra-cleansing-milk","status":"publish","type":"product","link":"https:\/\/perfectestetica.al\/en\/product\/hydra-cleansing-milk\/","title":{"rendered":"Hydra Cleansing Milk"},"content":{"rendered":"","protected":false},"excerpt":{"rendered":"<p>Qum\u00ebsht pastrues p\u00ebr fytyr\u00ebn, p\u00ebr l\u00ebkur\u00eb t\u00eb that\u00eb, normale dhe t\u00eb ndjeshme.<\/p>\n<p>Veprimi: Konsistenca e tij kremoze me p\u00ebrb\u00ebrje vajrash bimor\u00eb pastrues, thithet leht\u00ebsisht nga l\u00ebkura dhe pastron thell\u00ebsisht poret, pa shkaktuar irritim. Ai p\u00ebrmban ekstrakt kamomili dhe aloe vera q\u00eb zbusin, qet\u00ebsojn\u00eb dhe hidratojn\u00eb l\u00ebkur\u00ebn.<\/p>\n<p>P\u00ebrdorimi: Apliko nj\u00eb sasi t\u00eb vog\u00ebl n\u00eb t\u00eb gjith\u00eb fytyr\u00ebn, duke masazhuar n\u00eb m\u00ebnyr\u00eb rrethore dhe hiqe me nj\u00eb pambuk t\u00eb lagur ose me uj\u00eb.<\/p>\n<p>Ingredient\u00ebt kryesor\u00eb: Skin Conditioners &amp; Emollients Oils, Arginine, Chamomille Extract, Aloe Vera.<\/p>\n<table class=\"woocommerce-product-attributes shop_attributes\">\n<tbody>\n<tr class=\"woocommerce-product-attributes-item woocommerce-product-attributes-item--attribute_pa_size\">\n<th class=\"woocommerce-product-attributes-item__label\">Paketimi<\/th>\n<td class=\"woocommerce-product-attributes-item__value\">210mL<\/td>\n<\/tr>\n<tr class=\"woocommerce-product-attributes-item woocommerce-product-attributes-item--attribute_pa_llojet-e-lekures\">\n<th class=\"woocommerce-product-attributes-item__label\">Llojet e l\u00ebkur\u00ebs<\/th>\n<td class=\"woocommerce-product-attributes-item__value\">e that\u00eb, normale, sensitive<\/td>\n<\/tr>\n<\/tbody>\n<\/table>","protected":false},"featured_media":3156,"comment_status":"open","ping_status":"closed","template":"","meta":[],"product_brand":[],"product_cat":[16],"product_tag":[],"class_list":{"0":"post-3155","1":"product","2":"type-product","3":"status-publish","4":"has-post-thumbnail","6":"product_cat-pastruesit-locionet","8":"first","9":"instock","10":"shipping-taxable","11":"purchasable","12":"product-type-simple"},"_links":{"self":[{"href":"https:\/\/perfectestetica.al\/en\/wp-json\/wp\/v2\/product\/3155","targetHints":{"allow":["GET"]}}],"collection":[{"href":"https:\/\/perfectestetica.al\/en\/wp-json\/wp\/v2\/product"}],"about":[{"href":"https:\/\/perfectestetica.al\/en\/wp-json\/wp\/v2\/types\/product"}],"replies":[{"embeddable":true,"href":"https:\/\/perfectestetica.al\/en\/wp-json\/wp\/v2\/comments?post=3155"}],"version-history":[{"count":1,"href":"https:\/\/perfectestetica.al\/en\/wp-json\/wp\/v2\/product\/3155\/revisions"}],"predecessor-version":[{"id":3157,"href":"https:\/\/perfectestetica.al\/en\/wp-json\/wp\/v2\/product\/3155\/revisions\/3157"}],"wp:featuredmedia":[{"embeddable":true,"href":"https:\/\/perfectestetica.al\/en\/wp-json\/wp\/v2\/media\/3156"}],"wp:attachment":[{"href":"https:\/\/perfectestetica.al\/en\/wp-json\/wp\/v2\/media?parent=3155"}],"wp:term":[{"taxonomy":"product_brand","embeddable":true,"href":"https:\/\/perfectestetica.al\/en\/wp-json\/wp\/v2\/product_brand?post=3155"},{"taxonomy":"product_cat","embeddable":true,"href":"https:\/\/perfectestetica.al\/en\/wp-json\/wp\/v2\/product_cat?post=3155"},{"taxonomy":"product_tag","embeddable":true,"href":"https:\/\/perfectestetica.al\/en\/wp-json\/wp\/v2\/product_tag?post=3155"}],"curies":[{"name":"wp","href":"https:\/\/api.w.org\/{rel}","templated":true}]}}