{"id":3152,"date":"2023-02-03T14:05:41","date_gmt":"2023-02-03T13:05:41","guid":{"rendered":"https:\/\/perfectestetica.al\/?post_type=product&#038;p=3152"},"modified":"2023-02-03T14:05:42","modified_gmt":"2023-02-03T13:05:42","slug":"cleasing-hand-gel","status":"publish","type":"product","link":"https:\/\/perfectestetica.al\/en\/product\/cleasing-hand-gel\/","title":{"rendered":"Cleasing Hand Gel"},"content":{"rendered":"","protected":false},"excerpt":{"rendered":"<p>Xhel dezinfektant i cili b\u00ebn t\u00eb mundur mbrojtjen antimikrobiale t\u00eb duarve.<\/p>\n<p>Veprimi: Ky produkt i p\u00ebrgjigjet nevojave higjenike dhe siguris\u00eb s\u00eb nevojshme ndaj mikroorganizmave bakterial\u00eb dhe viral\u00eb (p\u00ebrfshir\u00eb Coronaviruset), duke p\u00ebrmbajtur 70% Alkool Etilik p\u00ebr mbrojtje t\u00eb menj\u00ebhershme.<\/p>\n<p>Ai gjithashtu p\u00ebrmban Acid Hyaluronic i cili hidraton l\u00ebkur\u00ebn, l\u00eb ndjesi but\u00ebsie n\u00eb duar dhe parandalon tharjen e tyre si pasoj\u00eb e dezinfektimit t\u00eb shpesht\u00eb.<\/p>\n<p>P\u00ebrdorimi: Aplikoni nj\u00eb sasi t\u00eb vog\u00ebl dhe f\u00ebrkoni duart n\u00eb gjith\u00eb sip\u00ebrfaqen e tyre derisa xheli t\u00eb absorbohet.<\/p>\n<p>Kund\u00ebrindikacione: Duhet t\u00eb p\u00ebrdoret larg zjarrit dhe t\u00eb shmanget kontakti i syve me k\u00ebt\u00eb produkt.<\/p>\n<p>Ingredient\u00ebt kryesor\u00eb: Hyaluronic Acid, Uj\u00eb, Denat alkooli,Butanediol glikol, Peg-8(Polietileni glikoli), Hidroksidi i natriumit ,Akrilatet\/ C10-30 Krospolimeri Akrilat Alkil, Sodium Hyaluronate, Parfum.<\/p>\n<table class=\"woocommerce-product-attributes shop_attributes\">\n<tbody>\n<tr class=\"woocommerce-product-attributes-item woocommerce-product-attributes-item--attribute_pa_size\">\n<th class=\"woocommerce-product-attributes-item__label\">Paketimi<\/th>\n<td class=\"woocommerce-product-attributes-item__value\">120ml<\/td>\n<\/tr>\n<tr class=\"woocommerce-product-attributes-item woocommerce-product-attributes-item--attribute_pa_llojet-e-lekures\">\n<th class=\"woocommerce-product-attributes-item__label\">Llojet e l\u00ebkur\u00ebs<\/th>\n<td class=\"woocommerce-product-attributes-item__value\">t\u00eb gjitha llojet<\/td>\n<\/tr>\n<\/tbody>\n<\/table>","protected":false},"featured_media":3153,"comment_status":"open","ping_status":"closed","template":"","meta":[],"product_brand":[],"product_cat":[16],"product_tag":[],"class_list":{"0":"post-3152","1":"product","2":"type-product","3":"status-publish","4":"has-post-thumbnail","6":"product_cat-pastruesit-locionet","8":"first","9":"instock","10":"shipping-taxable","11":"purchasable","12":"product-type-simple"},"_links":{"self":[{"href":"https:\/\/perfectestetica.al\/en\/wp-json\/wp\/v2\/product\/3152","targetHints":{"allow":["GET"]}}],"collection":[{"href":"https:\/\/perfectestetica.al\/en\/wp-json\/wp\/v2\/product"}],"about":[{"href":"https:\/\/perfectestetica.al\/en\/wp-json\/wp\/v2\/types\/product"}],"replies":[{"embeddable":true,"href":"https:\/\/perfectestetica.al\/en\/wp-json\/wp\/v2\/comments?post=3152"}],"version-history":[{"count":1,"href":"https:\/\/perfectestetica.al\/en\/wp-json\/wp\/v2\/product\/3152\/revisions"}],"predecessor-version":[{"id":3154,"href":"https:\/\/perfectestetica.al\/en\/wp-json\/wp\/v2\/product\/3152\/revisions\/3154"}],"wp:featuredmedia":[{"embeddable":true,"href":"https:\/\/perfectestetica.al\/en\/wp-json\/wp\/v2\/media\/3153"}],"wp:attachment":[{"href":"https:\/\/perfectestetica.al\/en\/wp-json\/wp\/v2\/media?parent=3152"}],"wp:term":[{"taxonomy":"product_brand","embeddable":true,"href":"https:\/\/perfectestetica.al\/en\/wp-json\/wp\/v2\/product_brand?post=3152"},{"taxonomy":"product_cat","embeddable":true,"href":"https:\/\/perfectestetica.al\/en\/wp-json\/wp\/v2\/product_cat?post=3152"},{"taxonomy":"product_tag","embeddable":true,"href":"https:\/\/perfectestetica.al\/en\/wp-json\/wp\/v2\/product_tag?post=3152"}],"curies":[{"name":"wp","href":"https:\/\/api.w.org\/{rel}","templated":true}]}}