{"id":3148,"date":"2023-01-25T22:11:23","date_gmt":"2023-01-25T21:11:23","guid":{"rendered":"https:\/\/perfectestetica.al\/?post_type=product&#038;p=3148"},"modified":"2023-01-25T22:11:58","modified_gmt":"2023-01-25T21:11:58","slug":"cleansing-tonic-lotion","status":"publish","type":"product","link":"https:\/\/perfectestetica.al\/en\/product\/cleansing-tonic-lotion\/","title":{"rendered":"Cleansing Tonic Lotion"},"content":{"rendered":"","protected":false},"excerpt":{"rendered":"<p>Tonik pastrues pa alkool dhe surfaktant\u00eb, p\u00ebr l\u00ebkur\u00eb normale, t\u00eb that\u00eb, mikse dhe sensitive.<\/p>\n<p>Veprimi: Heq papast\u00ebrtit\u00eb dhe yndyr\u00ebn e tep\u00ebrt nga l\u00ebkura, duke e rigjall\u00ebruar at\u00eb pa shkaktuar tharje apo irritim.<br \/>\nP\u00ebrmban ekstrakt lime, kamomili dhe vitamin\u00eb F, t\u00eb cilat rigjall\u00ebrojn\u00eb e hidratojn\u00eb l\u00ebkur\u00ebn, si dhe reduktojn\u00eb dukjen e poreve.<\/p>\n<p>P\u00ebrdorimi: Apliko nj\u00eb sasi t\u00eb vog\u00ebl n\u00eb fytyr\u00eb duke p\u00ebrdorur pambuk.<\/p>\n<p><strong>Ingredient\u00ebt kryesor\u00eb: Vitamin F (Linoleic Acid, Linolenic Acid), Chamomille Extract, Tiglio Extract.<\/p>\n<p>Paketimi<br \/>\n210mL<\/p>\n<p>Llojet e l\u00ebkur\u00ebs<br \/>\ne that\u00eb, mikse, normale, sensitive<\/strong><\/p>","protected":false},"featured_media":3149,"comment_status":"open","ping_status":"closed","template":"","meta":[],"product_brand":[],"product_cat":[16],"product_tag":[],"class_list":{"0":"post-3148","1":"product","2":"type-product","3":"status-publish","4":"has-post-thumbnail","6":"product_cat-pastruesit-locionet","8":"first","9":"instock","10":"shipping-taxable","11":"purchasable","12":"product-type-simple"},"_links":{"self":[{"href":"https:\/\/perfectestetica.al\/en\/wp-json\/wp\/v2\/product\/3148","targetHints":{"allow":["GET"]}}],"collection":[{"href":"https:\/\/perfectestetica.al\/en\/wp-json\/wp\/v2\/product"}],"about":[{"href":"https:\/\/perfectestetica.al\/en\/wp-json\/wp\/v2\/types\/product"}],"replies":[{"embeddable":true,"href":"https:\/\/perfectestetica.al\/en\/wp-json\/wp\/v2\/comments?post=3148"}],"version-history":[{"count":2,"href":"https:\/\/perfectestetica.al\/en\/wp-json\/wp\/v2\/product\/3148\/revisions"}],"predecessor-version":[{"id":3151,"href":"https:\/\/perfectestetica.al\/en\/wp-json\/wp\/v2\/product\/3148\/revisions\/3151"}],"wp:featuredmedia":[{"embeddable":true,"href":"https:\/\/perfectestetica.al\/en\/wp-json\/wp\/v2\/media\/3149"}],"wp:attachment":[{"href":"https:\/\/perfectestetica.al\/en\/wp-json\/wp\/v2\/media?parent=3148"}],"wp:term":[{"taxonomy":"product_brand","embeddable":true,"href":"https:\/\/perfectestetica.al\/en\/wp-json\/wp\/v2\/product_brand?post=3148"},{"taxonomy":"product_cat","embeddable":true,"href":"https:\/\/perfectestetica.al\/en\/wp-json\/wp\/v2\/product_cat?post=3148"},{"taxonomy":"product_tag","embeddable":true,"href":"https:\/\/perfectestetica.al\/en\/wp-json\/wp\/v2\/product_tag?post=3148"}],"curies":[{"name":"wp","href":"https:\/\/api.w.org\/{rel}","templated":true}]}}