{"id":2725,"date":"2022-11-11T19:45:27","date_gmt":"2022-11-11T18:45:27","guid":{"rendered":"https:\/\/perfectestetica.al\/?post_type=product&#038;p=2725"},"modified":"2022-11-11T19:45:27","modified_gmt":"2022-11-11T18:45:27","slug":"cleansing-face-foam","status":"publish","type":"product","link":"https:\/\/perfectestetica.al\/en\/product\/cleansing-face-foam\/","title":{"rendered":"Cleansing Face Foam"},"content":{"rendered":"","protected":false},"excerpt":{"rendered":"<p>Pastrues fytyre n\u00eb form\u00eb shkume p\u00ebr t\u00eb gjitha llojet e l\u00ebkur\u00ebs.<\/p>\n<p>Veprimi: Shkrum\u00eb e cila p\u00ebrmban ingredient\u00eb pastrues, e pasuruar me ekstrakte kastraveci, q\u00eb pastrojn\u00eb n\u00eb thell\u00ebsi dhe p\u00ebrmir\u00ebsojn\u00eb tekstur\u00ebn dhe tonin e l\u00ebkur\u00ebs. Largon papast\u00ebrtit\u00eb dhe make up-in duke reduktuar yndyr\u00ebn e tep\u00ebrt. Rigjall\u00ebron dhe t\u00ebrheq l\u00ebkur\u00ebn pa shkaktuar irritim dhe tharje.<\/p>\n<p>P\u00ebrdorimi: Aplikoje shkum\u00ebn n\u00eb fytyr\u00eb n\u00eb m\u00ebnyr\u00eb rrethore dhe hiqe me nj\u00eb pambuk t\u00eb lagur ose me uj\u00eb.<\/p>\n<p>Ingreditet\u00ebt kryesor\u00eb: Mild Surfactants, Cucumber Extract.<\/p>","protected":false},"featured_media":2728,"comment_status":"open","ping_status":"closed","template":"","meta":[],"product_brand":[],"product_cat":[16],"product_tag":[],"class_list":{"0":"post-2725","1":"product","2":"type-product","3":"status-publish","4":"has-post-thumbnail","6":"product_cat-pastruesit-locionet","8":"first","9":"instock","10":"shipping-taxable","11":"purchasable","12":"product-type-simple"},"_links":{"self":[{"href":"https:\/\/perfectestetica.al\/en\/wp-json\/wp\/v2\/product\/2725","targetHints":{"allow":["GET"]}}],"collection":[{"href":"https:\/\/perfectestetica.al\/en\/wp-json\/wp\/v2\/product"}],"about":[{"href":"https:\/\/perfectestetica.al\/en\/wp-json\/wp\/v2\/types\/product"}],"replies":[{"embeddable":true,"href":"https:\/\/perfectestetica.al\/en\/wp-json\/wp\/v2\/comments?post=2725"}],"version-history":[{"count":1,"href":"https:\/\/perfectestetica.al\/en\/wp-json\/wp\/v2\/product\/2725\/revisions"}],"predecessor-version":[{"id":2731,"href":"https:\/\/perfectestetica.al\/en\/wp-json\/wp\/v2\/product\/2725\/revisions\/2731"}],"wp:featuredmedia":[{"embeddable":true,"href":"https:\/\/perfectestetica.al\/en\/wp-json\/wp\/v2\/media\/2728"}],"wp:attachment":[{"href":"https:\/\/perfectestetica.al\/en\/wp-json\/wp\/v2\/media?parent=2725"}],"wp:term":[{"taxonomy":"product_brand","embeddable":true,"href":"https:\/\/perfectestetica.al\/en\/wp-json\/wp\/v2\/product_brand?post=2725"},{"taxonomy":"product_cat","embeddable":true,"href":"https:\/\/perfectestetica.al\/en\/wp-json\/wp\/v2\/product_cat?post=2725"},{"taxonomy":"product_tag","embeddable":true,"href":"https:\/\/perfectestetica.al\/en\/wp-json\/wp\/v2\/product_tag?post=2725"}],"curies":[{"name":"wp","href":"https:\/\/api.w.org\/{rel}","templated":true}]}}