{"id":2724,"date":"2022-11-11T19:45:24","date_gmt":"2022-11-11T18:45:24","guid":{"rendered":"https:\/\/perfectestetica.al\/?post_type=product&#038;p=2724"},"modified":"2022-11-11T19:45:25","modified_gmt":"2022-11-11T18:45:25","slug":"cleansing-cream-soap","status":"publish","type":"product","link":"https:\/\/perfectestetica.al\/en\/product\/cleansing-cream-soap\/","title":{"rendered":"Cleansing Cream Soap"},"content":{"rendered":"","protected":false},"excerpt":{"rendered":"<p>Pastrues n\u00eb form\u00eb kremoze p\u00ebr t\u00eb gjitha llojet e l\u00ebkur\u00ebs.<\/p>\n<p>Veprimi: Nj\u00eb lar\u00ebs me tekstur\u00eb kremoze me nj\u00eb p\u00ebrzjerje vajrash bimore q\u00eb kan\u00eb veti pastruese. Pasuruar me Damsel, Calenula dhe Arginine, pastron n\u00eb thell\u00ebsi dhe stimulon l\u00ebkur\u00ebn, pa shkaktuar irritim. Heq papast\u00ebrit\u00eb dhe yndyr\u00ebn duke rigjall\u00ebruar pa shkaktuar tharje.<\/p>\n<p>P\u00ebrdorimi: Apliko nj\u00eb sasi t\u00eb vog\u00ebl n\u00eb fytyr\u00eb t\u00eb lagur, masazhoje but\u00ebsisht dhe hiqe me uj\u00eb.<\/p>\n<p>Ingreditet\u00ebt kryesor\u00eb: Skin Conditioners dhe Emollient Oils , Arginine, Hamamelis Extract, Callendula Extract.<\/p>","protected":false},"featured_media":2727,"comment_status":"open","ping_status":"closed","template":"","meta":[],"product_brand":[],"product_cat":[16],"product_tag":[],"class_list":{"0":"post-2724","1":"product","2":"type-product","3":"status-publish","4":"has-post-thumbnail","6":"product_cat-pastruesit-locionet","8":"first","9":"instock","10":"shipping-taxable","11":"purchasable","12":"product-type-simple"},"_links":{"self":[{"href":"https:\/\/perfectestetica.al\/en\/wp-json\/wp\/v2\/product\/2724","targetHints":{"allow":["GET"]}}],"collection":[{"href":"https:\/\/perfectestetica.al\/en\/wp-json\/wp\/v2\/product"}],"about":[{"href":"https:\/\/perfectestetica.al\/en\/wp-json\/wp\/v2\/types\/product"}],"replies":[{"embeddable":true,"href":"https:\/\/perfectestetica.al\/en\/wp-json\/wp\/v2\/comments?post=2724"}],"version-history":[{"count":1,"href":"https:\/\/perfectestetica.al\/en\/wp-json\/wp\/v2\/product\/2724\/revisions"}],"predecessor-version":[{"id":2730,"href":"https:\/\/perfectestetica.al\/en\/wp-json\/wp\/v2\/product\/2724\/revisions\/2730"}],"wp:featuredmedia":[{"embeddable":true,"href":"https:\/\/perfectestetica.al\/en\/wp-json\/wp\/v2\/media\/2727"}],"wp:attachment":[{"href":"https:\/\/perfectestetica.al\/en\/wp-json\/wp\/v2\/media?parent=2724"}],"wp:term":[{"taxonomy":"product_brand","embeddable":true,"href":"https:\/\/perfectestetica.al\/en\/wp-json\/wp\/v2\/product_brand?post=2724"},{"taxonomy":"product_cat","embeddable":true,"href":"https:\/\/perfectestetica.al\/en\/wp-json\/wp\/v2\/product_cat?post=2724"},{"taxonomy":"product_tag","embeddable":true,"href":"https:\/\/perfectestetica.al\/en\/wp-json\/wp\/v2\/product_tag?post=2724"}],"curies":[{"name":"wp","href":"https:\/\/api.w.org\/{rel}","templated":true}]}}