{"id":2723,"date":"2022-11-11T19:45:20","date_gmt":"2022-11-11T18:45:20","guid":{"rendered":"https:\/\/perfectestetica.al\/?post_type=product&#038;p=2723"},"modified":"2022-11-11T19:45:21","modified_gmt":"2022-11-11T18:45:21","slug":"cleanser-wash","status":"publish","type":"product","link":"https:\/\/perfectestetica.al\/en\/product\/cleanser-wash\/","title":{"rendered":"Cleanser Wash"},"content":{"rendered":"","protected":false},"excerpt":{"rendered":"<p>Sapun i l\u00ebngsh\u00ebm fytyre, p\u00ebr t\u00eb gjitha llojet e l\u00ebkur\u00ebs.<\/p>\n<p>Veprimi: Sapun q\u00eb p\u00ebrmban pastrues surfaktant\u00eb te but\u00eb, i p\u00ebrforcuar me wheat gluten (nj\u00eb protein\u00eb gruri) q\u00eb ofron hidratim. Largon efektivisht papast\u00ebrtit\u00eb dhe make up-in, pa shkaktuar tharje dhe irritim.<\/p>\n<p>P\u00ebrdorimi: Apliko nj\u00eb sasi t\u00eb vog\u00ebl n\u00eb t\u00eb gjith\u00eb fytyr\u00ebn me l\u00ebvizje rrethore dhe hiqe me nj\u00eb pambuk\/cop\u00eb t\u00eb lagur.<\/p>\n<p>Ingreditet\u00ebt kryesor\u00eb: Olive Oil, Arginine, Osmopure, MMW Hyaluronic Acid.<\/p>","protected":false},"featured_media":2726,"comment_status":"open","ping_status":"closed","template":"","meta":[],"product_brand":[],"product_cat":[16],"product_tag":[],"class_list":{"0":"post-2723","1":"product","2":"type-product","3":"status-publish","4":"has-post-thumbnail","6":"product_cat-pastruesit-locionet","8":"first","9":"instock","10":"shipping-taxable","11":"purchasable","12":"product-type-simple"},"_links":{"self":[{"href":"https:\/\/perfectestetica.al\/en\/wp-json\/wp\/v2\/product\/2723","targetHints":{"allow":["GET"]}}],"collection":[{"href":"https:\/\/perfectestetica.al\/en\/wp-json\/wp\/v2\/product"}],"about":[{"href":"https:\/\/perfectestetica.al\/en\/wp-json\/wp\/v2\/types\/product"}],"replies":[{"embeddable":true,"href":"https:\/\/perfectestetica.al\/en\/wp-json\/wp\/v2\/comments?post=2723"}],"version-history":[{"count":1,"href":"https:\/\/perfectestetica.al\/en\/wp-json\/wp\/v2\/product\/2723\/revisions"}],"predecessor-version":[{"id":2729,"href":"https:\/\/perfectestetica.al\/en\/wp-json\/wp\/v2\/product\/2723\/revisions\/2729"}],"wp:featuredmedia":[{"embeddable":true,"href":"https:\/\/perfectestetica.al\/en\/wp-json\/wp\/v2\/media\/2726"}],"wp:attachment":[{"href":"https:\/\/perfectestetica.al\/en\/wp-json\/wp\/v2\/media?parent=2723"}],"wp:term":[{"taxonomy":"product_brand","embeddable":true,"href":"https:\/\/perfectestetica.al\/en\/wp-json\/wp\/v2\/product_brand?post=2723"},{"taxonomy":"product_cat","embeddable":true,"href":"https:\/\/perfectestetica.al\/en\/wp-json\/wp\/v2\/product_cat?post=2723"},{"taxonomy":"product_tag","embeddable":true,"href":"https:\/\/perfectestetica.al\/en\/wp-json\/wp\/v2\/product_tag?post=2723"}],"curies":[{"name":"wp","href":"https:\/\/api.w.org\/{rel}","templated":true}]}}