{"id":2717,"date":"2022-11-11T19:38:40","date_gmt":"2022-11-11T18:38:40","guid":{"rendered":"https:\/\/perfectestetica.al\/?post_type=product&#038;p=2717"},"modified":"2022-11-11T19:38:40","modified_gmt":"2022-11-11T18:38:40","slug":"aha-preparation-lotion","status":"publish","type":"product","link":"https:\/\/perfectestetica.al\/en\/product\/aha-preparation-lotion\/","title":{"rendered":"AHA Preparation Lotion"},"content":{"rendered":"","protected":false},"excerpt":{"rendered":"<div class=\"et_pb_module et_pb_wc_title et_pb_wc_title_0_tb_body et_pb_bg_layout_light\">\n<div class=\"et_pb_module_inner\">\n<p>Locion p\u00ebr fytyr\u00ebn me AHA q\u00eb redukton aciditetin (pH) e lekur\u00ebs dhe rrit efikasitetin e produkteve kozmetike. P\u00ebr t\u00eb gjitha llojet e l\u00ebkur\u00ebs.<\/p>\n<p>Veprimi: Acidi glikolik dhe laktik ofron nj\u00eb eksfolijim t\u00eb but\u00eb, duke e rigjall\u00ebruar dhe t\u00ebrhequr l\u00ebkur\u00ebn, pa shkaktuar irritim apo tharje. L\u00ebkura zbardhet dhe merr m\u00eb shum\u00eb shk\u00eblqim prej ekstrakteve t\u00eb peonit. Damsel, Iramoist dhe kamomili kan\u00eb veprim hidratues dhe astrigjent. Nuk p\u00ebrmban surfaktant\u00eb dhe as alkol. Ka nj\u00eb pH 3.5.<\/p>\n<p>P\u00ebrdorimi: Apliko nj\u00eb sasi t\u00eb vog\u00ebl n\u00eb fytyr\u00eb me an\u00eb t\u00eb nj\u00eb pambuku.<\/p>\n<p>Ingreditet\u00ebt kryesor\u00eb: Lactic Acid 3%, Glycolic Acid 2%, Peonia Flower Extract, Allantoin, Hamamelis Extract, Iramoistgs, A-Bisabolol.<\/p>\n<\/div>\n<\/div>","protected":false},"featured_media":2719,"comment_status":"open","ping_status":"closed","template":"","meta":[],"product_brand":[],"product_cat":[16],"product_tag":[],"class_list":{"0":"post-2717","1":"product","2":"type-product","3":"status-publish","4":"has-post-thumbnail","6":"product_cat-pastruesit-locionet","8":"first","9":"instock","10":"shipping-taxable","11":"purchasable","12":"product-type-simple"},"_links":{"self":[{"href":"https:\/\/perfectestetica.al\/en\/wp-json\/wp\/v2\/product\/2717","targetHints":{"allow":["GET"]}}],"collection":[{"href":"https:\/\/perfectestetica.al\/en\/wp-json\/wp\/v2\/product"}],"about":[{"href":"https:\/\/perfectestetica.al\/en\/wp-json\/wp\/v2\/types\/product"}],"replies":[{"embeddable":true,"href":"https:\/\/perfectestetica.al\/en\/wp-json\/wp\/v2\/comments?post=2717"}],"version-history":[{"count":1,"href":"https:\/\/perfectestetica.al\/en\/wp-json\/wp\/v2\/product\/2717\/revisions"}],"predecessor-version":[{"id":2720,"href":"https:\/\/perfectestetica.al\/en\/wp-json\/wp\/v2\/product\/2717\/revisions\/2720"}],"wp:featuredmedia":[{"embeddable":true,"href":"https:\/\/perfectestetica.al\/en\/wp-json\/wp\/v2\/media\/2719"}],"wp:attachment":[{"href":"https:\/\/perfectestetica.al\/en\/wp-json\/wp\/v2\/media?parent=2717"}],"wp:term":[{"taxonomy":"product_brand","embeddable":true,"href":"https:\/\/perfectestetica.al\/en\/wp-json\/wp\/v2\/product_brand?post=2717"},{"taxonomy":"product_cat","embeddable":true,"href":"https:\/\/perfectestetica.al\/en\/wp-json\/wp\/v2\/product_cat?post=2717"},{"taxonomy":"product_tag","embeddable":true,"href":"https:\/\/perfectestetica.al\/en\/wp-json\/wp\/v2\/product_tag?post=2717"}],"curies":[{"name":"wp","href":"https:\/\/api.w.org\/{rel}","templated":true}]}}