{"id":2964,"date":"2023-01-05T16:11:35","date_gmt":"2023-01-05T15:11:35","guid":{"rendered":"https:\/\/perfectestetica.al\/?page_id=2964"},"modified":"2025-12-06T13:37:24","modified_gmt":"2025-12-06T12:37:24","slug":"build","status":"publish","type":"page","link":"https:\/\/perfectestetica.al\/en\/services\/trupi\/build\/","title":{"rendered":"Build"},"content":{"rendered":"\t\t<div data-elementor-type=\"wp-page\" data-elementor-id=\"2964\" class=\"elementor elementor-2964\" data-elementor-post-type=\"page\">\n\t\t\t\t\t\t<section class=\"wd-negative-gap elementor-section elementor-top-section elementor-element elementor-element-4671e1f elementor-section-boxed elementor-section-height-default elementor-section-height-default\" data-id=\"4671e1f\" data-element_type=\"section\" data-e-type=\"section\">\n\t\t\t\t\t\t<div class=\"elementor-container elementor-column-gap-default\">\n\t\t\t\t\t<div class=\"elementor-column elementor-col-100 elementor-top-column elementor-element elementor-element-364c0e4\" data-id=\"364c0e4\" data-element_type=\"column\" data-e-type=\"column\">\n\t\t\t<div class=\"elementor-widget-wrap elementor-element-populated\">\n\t\t\t\t\t\t<div class=\"elementor-element elementor-element-75e5720 wd-width-100 elementor-widget elementor-widget-wd_title\" data-id=\"75e5720\" data-element_type=\"widget\" data-e-type=\"widget\" data-widget_type=\"wd_title.default\">\n\t\t\t\t<div class=\"elementor-widget-container\">\n\t\t\t\t\t\t\t<div class=\"title-wrapper wd-set-mb reset-last-child wd-title-color-primary wd-title-style-bordered wd-title-size-default text-center\">\n\n\t\t\t\n\t\t\t<div class=\"liner-continer\">\n\t\t\t\t<h4 class=\"woodmart-title-container title wd-fontsize-l\">Trupi<\/h4> \n\t\t\t\t\t\t\t<\/div>\n\n\t\t\t\t\t<\/div>\n\t\t\t\t\t\t<\/div>\n\t\t\t\t<\/div>\n\t\t\t\t\t<\/div>\n\t\t<\/div>\n\t\t\t\t\t<\/div>\n\t\t<\/section>\n\t\t\t\t<section class=\"wd-negative-gap elementor-section elementor-top-section elementor-element elementor-element-f9d85fa elementor-section-boxed elementor-section-height-default elementor-section-height-default\" data-id=\"f9d85fa\" data-element_type=\"section\" data-e-type=\"section\">\n\t\t\t\t\t\t<div class=\"elementor-container elementor-column-gap-default\">\n\t\t\t\t\t<div class=\"elementor-column elementor-col-50 elementor-top-column elementor-element elementor-element-31e3072 wd_sticky_offset_50 wd-elementor-sticky-column elementor-invisible\" data-id=\"31e3072\" data-element_type=\"column\" data-e-type=\"column\" data-settings=\"{&quot;animation&quot;:&quot;slideInLeft&quot;}\">\n\t\t\t<div class=\"elementor-widget-wrap elementor-element-populated\">\n\t\t\t\t\t\t<div class=\"elementor-element elementor-element-46f6491 elementor-widget elementor-widget-image\" data-id=\"46f6491\" data-element_type=\"widget\" data-e-type=\"widget\" data-widget_type=\"image.default\">\n\t\t\t\t<div class=\"elementor-widget-container\">\n\t\t\t\t\t\t\t\t\t\t\t\t\t\t\t<img loading=\"lazy\" decoding=\"async\" width=\"2560\" height=\"1297\" src=\"https:\/\/perfectestetica.al\/wp-content\/uploads\/2023\/01\/Build-Muscle-Burn-Fat.webp\" class=\"attachment-full size-full wp-image-2978\" alt=\"\" srcset=\"https:\/\/perfectestetica.al\/wp-content\/uploads\/2023\/01\/Build-Muscle-Burn-Fat.webp 2560w, https:\/\/perfectestetica.al\/wp-content\/uploads\/2023\/01\/Build-Muscle-Burn-Fat-150x76.webp 150w, https:\/\/perfectestetica.al\/wp-content\/uploads\/2023\/01\/Build-Muscle-Burn-Fat-1200x608.webp 1200w, https:\/\/perfectestetica.al\/wp-content\/uploads\/2023\/01\/Build-Muscle-Burn-Fat-300x152.webp 300w, https:\/\/perfectestetica.al\/wp-content\/uploads\/2023\/01\/Build-Muscle-Burn-Fat-1024x519.webp 1024w, https:\/\/perfectestetica.al\/wp-content\/uploads\/2023\/01\/Build-Muscle-Burn-Fat-768x389.webp 768w, https:\/\/perfectestetica.al\/wp-content\/uploads\/2023\/01\/Build-Muscle-Burn-Fat-1536x778.webp 1536w, https:\/\/perfectestetica.al\/wp-content\/uploads\/2023\/01\/Build-Muscle-Burn-Fat-2048x1038.webp 2048w, https:\/\/perfectestetica.al\/wp-content\/uploads\/2023\/01\/Build-Muscle-Burn-Fat-18x9.webp 18w\" sizes=\"auto, (max-width: 2560px) 100vw, 2560px\" \/>\t\t\t\t\t\t\t\t\t\t\t\t\t\t\t<\/div>\n\t\t\t\t<\/div>\n\t\t\t\t\t<\/div>\n\t\t<\/div>\n\t\t\t\t<div class=\"elementor-column elementor-col-50 elementor-top-column elementor-element elementor-element-1c61a2d elementor-invisible\" data-id=\"1c61a2d\" data-element_type=\"column\" data-e-type=\"column\" data-settings=\"{&quot;animation&quot;:&quot;slideInRight&quot;}\">\n\t\t\t<div class=\"elementor-widget-wrap elementor-element-populated\">\n\t\t\t\t\t\t<div class=\"elementor-element elementor-element-bce9f1c wd-width-100 elementor-widget elementor-widget-wd_title\" data-id=\"bce9f1c\" data-element_type=\"widget\" data-e-type=\"widget\" data-widget_type=\"wd_title.default\">\n\t\t\t\t<div class=\"elementor-widget-container\">\n\t\t\t\t\t\t\t<div class=\"title-wrapper wd-set-mb reset-last-child wd-title-color-primary wd-title-style-shadow wd-title-size-large text-left\">\n\n\t\t\t\t\t\t\t\t\t\t\t<div class=\"title-subtitle subtitle-color-primary subtitle-style-background wd-fontsize-xs\">\n\t\t\t\t\t25 \u20ac\t\t\t\t<\/div>\n\t\t\t\n\t\t\t<div class=\"liner-continer\">\n\t\t\t\t<h4 class=\"woodmart-title-container title wd-fontsize-xxl wd-underline-colored\">Build Muscle &amp; Burn Fat<\/h4> \n\t\t\t\t\t\t\t<\/div>\n\n\t\t\t\t\t\t\t<div class=\"title-after_title reset-last-child wd-fontsize-s\">\n\t\t\t\t\t<p>Build Muscle \u00ebsht\u00eb nj\u00eb trajtim i avancuar q\u00eb p\u00ebrdor teknologji elektromagnetike ose energji t\u00eb fokusuar p\u00ebr t\u00eb stimuluar kontraktimet e muskujve n\u00eb m\u00ebnyr\u00eb t\u00eb kontrolluar. Ky trajtim \u00ebsht\u00eb ideal p\u00ebr ata q\u00eb duan t\u00eb forcojn\u00eb, tonifikojn\u00eb dhe sculpturojn\u00eb trupin pa kalitur or\u00eb t\u00eb t\u00ebra n\u00eb palest\u00ebr.<\/p><p>\u2022Forcon muskujt<\/p><p>\u2022Tonifikon trupin<\/p><p>\u2022Rrit metabolizmin e muskujve<\/p><p>\u2022P\u00ebrmir\u00ebson forc\u00ebn dhe q\u00ebndrueshm\u00ebrin\u00eb<\/p><p>\u2022Pa dhimbje dhe pa koh\u00eb rikuperimi<\/p>\t\t\t\t<\/div>\n\t\t\t\t\t<\/div>\n\t\t\t\t\t\t<\/div>\n\t\t\t\t<\/div>\n\t\t\t\t<div class=\"elementor-element elementor-element-3f4b013 elementor-widget elementor-widget-heading\" data-id=\"3f4b013\" data-element_type=\"widget\" data-e-type=\"widget\" data-widget_type=\"heading.default\">\n\t\t\t\t<div class=\"elementor-widget-container\">\n\t\t\t\t\t<h2 class=\"elementor-heading-title elementor-size-default\">Rezervo<\/h2>\t\t\t\t<\/div>\n\t\t\t\t<\/div>\n\t\t\t\t<div class=\"elementor-element elementor-element-3a4b6f7 elementor-button-align-stretch elementor-widget elementor-widget-form\" data-id=\"3a4b6f7\" data-element_type=\"widget\" data-e-type=\"widget\" data-settings=\"{&quot;step_next_label&quot;:&quot;Next&quot;,&quot;step_previous_label&quot;:&quot;Previous&quot;,&quot;button_width&quot;:&quot;100&quot;,&quot;step_type&quot;:&quot;number_text&quot;,&quot;step_icon_shape&quot;:&quot;circle&quot;}\" data-widget_type=\"form.default\">\n\t\t\t\t<div class=\"elementor-widget-container\">\n\t\t\t\t\t\t\t<form class=\"elementor-form\" method=\"post\" name=\"New Form\" aria-label=\"New Form\">\n\t\t\t<input type=\"hidden\" name=\"post_id\" value=\"2964\"\/>\n\t\t\t<input type=\"hidden\" name=\"form_id\" value=\"3a4b6f7\"\/>\n\t\t\t<input type=\"hidden\" name=\"referer_title\" value=\"BuildPerfect Estetica\" \/>\n\n\t\t\t\t\t\t\t<input type=\"hidden\" name=\"queried_id\" value=\"2964\"\/>\n\t\t\t\n\t\t\t<div class=\"elementor-form-fields-wrapper elementor-labels-above\">\n\t\t\t\t\t\t\t\t<div class=\"elementor-field-type-text elementor-field-group elementor-column elementor-field-group-name elementor-col-33\">\n\t\t\t\t\t\t\t\t\t\t\t\t<label for=\"form-field-name\" class=\"elementor-field-label\">\n\t\t\t\t\t\t\t\tEmri\t\t\t\t\t\t\t<\/label>\n\t\t\t\t\t\t\t\t\t\t\t\t\t\t<input size=\"1\" type=\"text\" name=\"form_fields[name]\" id=\"form-field-name\" class=\"elementor-field elementor-size-sm  elementor-field-textual\" placeholder=\"Emri\">\n\t\t\t\t\t\t\t\t\t\t\t<\/div>\n\t\t\t\t\t\t\t\t<div class=\"elementor-field-type-tel elementor-field-group elementor-column elementor-field-group-field_e636b3d elementor-col-33\">\n\t\t\t\t\t\t\t\t\t\t\t\t<label for=\"form-field-field_e636b3d\" class=\"elementor-field-label\">\n\t\t\t\t\t\t\t\tTel\t\t\t\t\t\t\t<\/label>\n\t\t\t\t\t\t\t\t<input size=\"1\" type=\"tel\" name=\"form_fields[field_e636b3d]\" id=\"form-field-field_e636b3d\" class=\"elementor-field elementor-size-sm  elementor-field-textual\" placeholder=\"Tel\" pattern=\"[0-9()#&amp;+*-=.]+\" title=\"Only numbers and phone characters (#, -, *, etc) are accepted.\">\n\n\t\t\t\t\t\t<\/div>\n\t\t\t\t\t\t\t\t<div class=\"elementor-field-type-date elementor-field-group elementor-column elementor-field-group-field_c6f2333 elementor-col-33\">\n\t\t\t\t\t\t\t\t\t\t\t\t<label for=\"form-field-field_c6f2333\" class=\"elementor-field-label\">\n\t\t\t\t\t\t\t\tData\t\t\t\t\t\t\t<\/label>\n\t\t\t\t\t\t\n\t\t<input type=\"date\" name=\"form_fields[field_c6f2333]\" id=\"form-field-field_c6f2333\" class=\"elementor-field elementor-size-sm  elementor-field-textual elementor-date-field\" placeholder=\"Data\" pattern=\"[0-9]{4}-[0-9]{2}-[0-9]{2}\">\n\t\t\t\t\t\t<\/div>\n\t\t\t\t\t\t\t\t<div class=\"elementor-field-group elementor-column elementor-field-type-submit elementor-col-100 e-form__buttons\">\n\t\t\t\t\t<button class=\"elementor-button elementor-size-sm\" type=\"submit\">\n\t\t\t\t\t\t<span class=\"elementor-button-content-wrapper\">\n\t\t\t\t\t\t\t\t\t\t\t\t\t\t\t\t\t\t\t\t\t\t<span class=\"elementor-button-text\">Rezervo<\/span>\n\t\t\t\t\t\t\t\t\t\t\t\t\t<\/span>\n\t\t\t\t\t<\/button>\n\t\t\t\t<\/div>\n\t\t\t<\/div>\n\t\t<\/form>\n\t\t\t\t\t\t<\/div>\n\t\t\t\t<\/div>\n\t\t\t\t\t<\/div>\n\t\t<\/div>\n\t\t\t\t\t<\/div>\n\t\t<\/section>\n\t\t\t\t<\/div>\n\t\t","protected":false},"excerpt":{"rendered":"<p>Trupi 25 \u20ac Build Muscle &amp; Burn Fat Build Muscle \u00ebsht\u00eb nj\u00eb trajtim i avancuar q\u00eb p\u00ebrdor teknologji elektromagnetike ose<\/p>","protected":false},"author":1,"featured_media":0,"parent":1636,"menu_order":0,"comment_status":"closed","ping_status":"closed","template":"","meta":{"footnotes":""},"class_list":["post-2964","page","type-page","status-publish","hentry"],"_links":{"self":[{"href":"https:\/\/perfectestetica.al\/en\/wp-json\/wp\/v2\/pages\/2964","targetHints":{"allow":["GET"]}}],"collection":[{"href":"https:\/\/perfectestetica.al\/en\/wp-json\/wp\/v2\/pages"}],"about":[{"href":"https:\/\/perfectestetica.al\/en\/wp-json\/wp\/v2\/types\/page"}],"author":[{"embeddable":true,"href":"https:\/\/perfectestetica.al\/en\/wp-json\/wp\/v2\/users\/1"}],"replies":[{"embeddable":true,"href":"https:\/\/perfectestetica.al\/en\/wp-json\/wp\/v2\/comments?post=2964"}],"version-history":[{"count":13,"href":"https:\/\/perfectestetica.al\/en\/wp-json\/wp\/v2\/pages\/2964\/revisions"}],"predecessor-version":[{"id":3783,"href":"https:\/\/perfectestetica.al\/en\/wp-json\/wp\/v2\/pages\/2964\/revisions\/3783"}],"up":[{"embeddable":true,"href":"https:\/\/perfectestetica.al\/en\/wp-json\/wp\/v2\/pages\/1636"}],"wp:attachment":[{"href":"https:\/\/perfectestetica.al\/en\/wp-json\/wp\/v2\/media?parent=2964"}],"curies":[{"name":"wp","href":"https:\/\/api.w.org\/{rel}","templated":true}]}}