{"id":2732,"date":"2022-11-22T16:38:14","date_gmt":"2022-11-22T15:38:14","guid":{"rendered":"https:\/\/perfectestetica.al\/?page_id=2732"},"modified":"2025-12-11T12:44:06","modified_gmt":"2025-12-11T11:44:06","slug":"thonjte","status":"publish","type":"page","link":"https:\/\/perfectestetica.al\/en\/services\/thonjte\/","title":{"rendered":"Thonjte"},"content":{"rendered":"<div data-elementor-type=\"wp-page\" data-elementor-id=\"2732\" class=\"elementor elementor-2732\" data-elementor-post-type=\"page\">\n\t\t\t\t\t\t<section class=\"wd-negative-gap elementor-section elementor-top-section elementor-element elementor-element-017c205 elementor-section-content-middle elementor-section-boxed elementor-section-height-default elementor-section-height-default\" data-id=\"017c205\" data-element_type=\"section\" data-e-type=\"section\">\n\t\t\t\t\t\t<div class=\"elementor-container elementor-column-gap-default\">\n\t\t\t\t\t<div class=\"elementor-column elementor-col-50 elementor-top-column elementor-element elementor-element-d2dd902\" data-id=\"d2dd902\" data-element_type=\"column\" data-e-type=\"column\">\n\t\t\t<div class=\"elementor-widget-wrap elementor-element-populated\">\n\t\t\t\t\t\t<div class=\"elementor-element elementor-element-c29f002 wd-animation-slide-from-bottom wd-width-100 wd-animation-normal wd-animation wd-transform elementor-widget elementor-widget-wd_title\" data-id=\"c29f002\" data-element_type=\"widget\" data-e-type=\"widget\" data-widget_type=\"wd_title.default\">\n\t\t\t\t<div class=\"elementor-widget-container\">\n\t\t\t\t\t\t\t<div class=\"title-wrapper wd-set-mb reset-last-child wd-title-color-primary wd-title-style-overlined wd-title-size-default text-left\">\n\n\t\t\t\n\t\t\t<div class=\"liner-continer\">\n\t\t\t\t<h4 class=\"woodmart-title-container title wd-fontsize-l wd-underline-colored\">HEQJE E VETULL\u00cbS TATUZHAZH<\/h4> \n\t\t\t\t\t\t\t<\/div>\n\n\t\t\t\t\t<\/div>\n\t\t\t\t\t\t<\/div>\n\t\t\t\t<\/div>\n\t\t\t\t\t<\/div>\n\t\t<\/div>\n\t\t\t\t<div class=\"elementor-column elementor-col-50 elementor-top-column elementor-element elementor-element-d5c9578\" data-id=\"d5c9578\" data-element_type=\"column\" data-e-type=\"column\">\n\t\t\t<div class=\"elementor-widget-wrap elementor-element-populated\">\n\t\t\t\t\t\t<div class=\"elementor-element elementor-element-84a3ed2 elementor-widget elementor-widget-image\" data-id=\"84a3ed2\" data-element_type=\"widget\" data-e-type=\"widget\" data-widget_type=\"image.default\">\n\t\t\t\t<div class=\"elementor-widget-container\">\n\t\t\t\t\t\t\t\t\t\t\t\t\t\t\t<img loading=\"lazy\" decoding=\"async\" width=\"300\" height=\"200\" src=\"https:\/\/perfectestetica.al\/wp-content\/uploads\/2025\/12\/WhatsApp-Image-2025-12-11-at-12.18.51-PM-300x200.jpeg\" class=\"attachment-medium size-medium wp-image-4022\" alt=\"\" srcset=\"https:\/\/perfectestetica.al\/wp-content\/uploads\/2025\/12\/WhatsApp-Image-2025-12-11-at-12.18.51-PM-300x200.jpeg 300w, https:\/\/perfectestetica.al\/wp-content\/uploads\/2025\/12\/WhatsApp-Image-2025-12-11-at-12.18.51-PM-150x100.jpeg 150w, https:\/\/perfectestetica.al\/wp-content\/uploads\/2025\/12\/WhatsApp-Image-2025-12-11-at-12.18.51-PM-768x512.jpeg 768w, https:\/\/perfectestetica.al\/wp-content\/uploads\/2025\/12\/WhatsApp-Image-2025-12-11-at-12.18.51-PM-18x12.jpeg 18w, https:\/\/perfectestetica.al\/wp-content\/uploads\/2025\/12\/WhatsApp-Image-2025-12-11-at-12.18.51-PM.jpeg 1024w\" sizes=\"auto, (max-width: 300px) 100vw, 300px\" \/>\t\t\t\t\t\t\t\t\t\t\t\t\t\t\t<\/div>\n\t\t\t\t<\/div>\n\t\t\t\t\t<\/div>\n\t\t<\/div>\n\t\t\t\t\t<\/div>\n\t\t<\/section>\n\t\t\t\t<section class=\"wd-negative-gap elementor-section elementor-top-section elementor-element elementor-element-b2429df elementor-section-boxed elementor-section-height-default elementor-section-height-default\" data-id=\"b2429df\" data-element_type=\"section\" data-e-type=\"section\">\n\t\t\t\t\t\t<div class=\"elementor-container elementor-column-gap-default\">\n\t\t\t\t\t<div class=\"elementor-column elementor-col-50 elementor-top-column elementor-element elementor-element-b348ab9 elementor-invisible\" data-id=\"b348ab9\" data-element_type=\"column\" data-e-type=\"column\" data-settings=\"{&quot;animation&quot;:&quot;slideInLeft&quot;}\">\n\t\t\t<div class=\"elementor-widget-wrap elementor-element-populated\">\n\t\t\t\t\t\t<div class=\"elementor-element elementor-element-f4a90fe elementor-widget elementor-widget-image\" data-id=\"f4a90fe\" data-element_type=\"widget\" data-e-type=\"widget\" data-widget_type=\"image.default\">\n\t\t\t\t<div class=\"elementor-widget-container\">\n\t\t\t\t\t\t\t\t\t\t\t\t\t\t\t<img loading=\"lazy\" decoding=\"async\" width=\"241\" height=\"300\" src=\"https:\/\/perfectestetica.al\/wp-content\/uploads\/2025\/12\/WhatsApp-Image-2025-12-11-at-12.43.03-PM-241x300.jpeg\" class=\"attachment-medium size-medium wp-image-4023\" alt=\"\" srcset=\"https:\/\/perfectestetica.al\/wp-content\/uploads\/2025\/12\/WhatsApp-Image-2025-12-11-at-12.43.03-PM-241x300.jpeg 241w, https:\/\/perfectestetica.al\/wp-content\/uploads\/2025\/12\/WhatsApp-Image-2025-12-11-at-12.43.03-PM-150x187.jpeg 150w, https:\/\/perfectestetica.al\/wp-content\/uploads\/2025\/12\/WhatsApp-Image-2025-12-11-at-12.43.03-PM-821x1024.jpeg 821w, https:\/\/perfectestetica.al\/wp-content\/uploads\/2025\/12\/WhatsApp-Image-2025-12-11-at-12.43.03-PM-768x958.jpeg 768w, https:\/\/perfectestetica.al\/wp-content\/uploads\/2025\/12\/WhatsApp-Image-2025-12-11-at-12.43.03-PM-10x12.jpeg 10w, https:\/\/perfectestetica.al\/wp-content\/uploads\/2025\/12\/WhatsApp-Image-2025-12-11-at-12.43.03-PM.jpeg 1199w\" sizes=\"auto, (max-width: 241px) 100vw, 241px\" \/>\t\t\t\t\t\t\t\t\t\t\t\t\t\t\t<\/div>\n\t\t\t\t<\/div>\n\t\t\t\t\t<\/div>\n\t\t<\/div>\n\t\t\t\t<div class=\"elementor-column elementor-col-50 elementor-top-column elementor-element elementor-element-4abae61 elementor-invisible\" data-id=\"4abae61\" data-element_type=\"column\" data-e-type=\"column\" data-settings=\"{&quot;animation&quot;:&quot;slideInLeft&quot;}\">\n\t\t\t<div class=\"elementor-widget-wrap elementor-element-populated\">\n\t\t\t\t\t\t<div class=\"elementor-element elementor-element-ba61480 wd-width-100 elementor-widget elementor-widget-wd_title\" data-id=\"ba61480\" data-element_type=\"widget\" data-e-type=\"widget\" data-widget_type=\"wd_title.default\">\n\t\t\t\t<div class=\"elementor-widget-container\">\n\t\t\t\t\t\t\t<div class=\"title-wrapper wd-set-mb reset-last-child wd-title-color-primary wd-title-style-shadow wd-title-size-default text-left\">\n\n\t\t\t\t\t\t\t\t\t\t\t<div class=\"title-subtitle subtitle-color-primary subtitle-style-background wd-fontsize-xs\">\n\t\t\t\t\tN\u00ebse tatuazhi i vjet\u00ebr i vetullave ka ndryshuar ngjyr\u00eb, ka form\u00eb t\u00eb pasakt\u00eb apo thjesht nuk t\u00eb p\u00eblqen m\u00eb, trajtimi i heqjes s\u00eb tattoo-s s\u00eb vetullave \u00ebsht\u00eb zgjidhja perfekte. Me teknologji t\u00eb sigurt dhe procedura t\u00eb kontrolluara, ne zbehim gradualisht pigmentin deri n\u00eb rikthimin e pamjes natyrale t\u00eb vetullave.<br \/>\n<br \/>\nTrajtimi \u00ebsht\u00eb i shpejt\u00eb, i sigurt dhe jo-invaziv, nd\u00ebrsa rezultatet p\u00ebrmir\u00ebsohen pas \u00e7do seance. Ideale p\u00ebr k\u00ebdo q\u00eb d\u00ebshiron t\u00eb korrigjoj\u00eb, rifreskoj\u00eb ose p\u00ebrgatitet p\u00ebr nj\u00eb form\u00eb t\u00eb re vetullash.\t\t\t\t<\/div>\n\t\t\t\n\t\t\t<div class=\"liner-continer\">\n\t\t\t\t<h4 class=\"woodmart-title-container title wd-fontsize-l\">30 \u20ac<\/h4> \n\t\t\t\t\t\t\t<\/div>\n\n\t\t\t\t\t\t\t<div class=\"title-after_title reset-last-child wd-fontsize-xs\">\n\t\t\t\t\t<p>HEQJE E VETULLES TATTO\u00a0<\/p>\t\t\t\t<\/div>\n\t\t\t\t\t<\/div>\n\t\t\t\t\t\t<\/div>\n\t\t\t\t<\/div>\n\t\t\t\t<div class=\"elementor-element elementor-element-db65345 elementor-widget elementor-widget-wd_button\" data-id=\"db65345\" data-element_type=\"widget\" data-e-type=\"widget\" data-widget_type=\"wd_button.default\">\n\t\t\t\t<div class=\"elementor-widget-container\">\n\t\t\t\t\t\t\t<div class=\"wd-button-wrapper text-left\" >\n\t\t\t<a class=\"btn btn-style-default btn-shape-rectangle btn-size-default btn-icon-pos-right\"  href=\"\/en\/services\/trajtim-floku\/hair-booster\/\">\n\t\t\t\t<span class=\"wd-btn-text\" data-elementor-setting-key=\"text\">\n\t\t\t\t\tShiko\t\t\t\t<\/span>\n\n\t\t\t\t\t\t\t<\/a>\n\t\t<\/div>\n\t\t\t\t\t\t<\/div>\n\t\t\t\t<\/div>\n\t\t\t\t\t<\/div>\n\t\t<\/div>\n\t\t\t\t\t<\/div>\n\t\t<\/section>\n\t\t\t\t<\/div>","protected":false},"excerpt":{"rendered":"<p>HEQJE E VETULL\u00cbS TATUZHAZH N\u00ebse tatuazhi i vjet\u00ebr i vetullave ka ndryshuar ngjyr\u00eb, ka form\u00eb t\u00eb pasakt\u00eb apo thjesht nuk<\/p>","protected":false},"author":1,"featured_media":0,"parent":1619,"menu_order":0,"comment_status":"closed","ping_status":"closed","template":"","meta":{"footnotes":""},"class_list":["post-2732","page","type-page","status-publish","hentry"],"_links":{"self":[{"href":"https:\/\/perfectestetica.al\/en\/wp-json\/wp\/v2\/pages\/2732","targetHints":{"allow":["GET"]}}],"collection":[{"href":"https:\/\/perfectestetica.al\/en\/wp-json\/wp\/v2\/pages"}],"about":[{"href":"https:\/\/perfectestetica.al\/en\/wp-json\/wp\/v2\/types\/page"}],"author":[{"embeddable":true,"href":"https:\/\/perfectestetica.al\/en\/wp-json\/wp\/v2\/users\/1"}],"replies":[{"embeddable":true,"href":"https:\/\/perfectestetica.al\/en\/wp-json\/wp\/v2\/comments?post=2732"}],"version-history":[{"count":22,"href":"https:\/\/perfectestetica.al\/en\/wp-json\/wp\/v2\/pages\/2732\/revisions"}],"predecessor-version":[{"id":4026,"href":"https:\/\/perfectestetica.al\/en\/wp-json\/wp\/v2\/pages\/2732\/revisions\/4026"}],"up":[{"embeddable":true,"href":"https:\/\/perfectestetica.al\/en\/wp-json\/wp\/v2\/pages\/1619"}],"wp:attachment":[{"href":"https:\/\/perfectestetica.al\/en\/wp-json\/wp\/v2\/media?parent=2732"}],"curies":[{"name":"wp","href":"https:\/\/api.w.org\/{rel}","templated":true}]}}