{"id":2051,"date":"2022-10-28T18:06:03","date_gmt":"2022-10-28T17:06:03","guid":{"rendered":"https:\/\/perfectestetica.al\/?page_id=2051"},"modified":"2025-12-06T13:16:50","modified_gmt":"2025-12-06T12:16:50","slug":"masazh-me-dore-anti-celulit","status":"publish","type":"page","link":"https:\/\/perfectestetica.al\/en\/services\/trupi\/masazh-me-dore-anti-celulit\/","title":{"rendered":"Masazh me dore ( Anti-celulit )"},"content":{"rendered":"\t\t<div data-elementor-type=\"wp-page\" data-elementor-id=\"2051\" class=\"elementor elementor-2051\" data-elementor-post-type=\"page\">\n\t\t\t\t\t\t<section class=\"wd-negative-gap elementor-section elementor-top-section elementor-element elementor-element-d494c53 elementor-section-boxed elementor-section-height-default elementor-section-height-default\" data-id=\"d494c53\" data-element_type=\"section\" data-e-type=\"section\">\n\t\t\t\t\t\t<div class=\"elementor-container elementor-column-gap-default\">\n\t\t\t\t\t<div class=\"elementor-column elementor-col-100 elementor-top-column elementor-element elementor-element-f7ae552\" data-id=\"f7ae552\" data-element_type=\"column\" data-e-type=\"column\">\n\t\t\t<div class=\"elementor-widget-wrap elementor-element-populated\">\n\t\t\t\t\t\t<div class=\"elementor-element elementor-element-feeee1b wd-width-100 elementor-widget elementor-widget-wd_title\" data-id=\"feeee1b\" data-element_type=\"widget\" data-e-type=\"widget\" data-widget_type=\"wd_title.default\">\n\t\t\t\t<div class=\"elementor-widget-container\">\n\t\t\t\t\t\t\t<div class=\"title-wrapper wd-set-mb reset-last-child wd-title-color-primary wd-title-style-bordered wd-title-size-default text-center\">\n\n\t\t\t\n\t\t\t<div class=\"liner-continer\">\n\t\t\t\t<h4 class=\"woodmart-title-container title wd-fontsize-l\">Trupi<\/h4> \n\t\t\t\t\t\t\t<\/div>\n\n\t\t\t\t\t<\/div>\n\t\t\t\t\t\t<\/div>\n\t\t\t\t<\/div>\n\t\t\t\t\t<\/div>\n\t\t<\/div>\n\t\t\t\t\t<\/div>\n\t\t<\/section>\n\t\t\t\t<section class=\"wd-negative-gap elementor-section elementor-top-section elementor-element elementor-element-246dc29 elementor-section-boxed elementor-section-height-default elementor-section-height-default\" data-id=\"246dc29\" data-element_type=\"section\" data-e-type=\"section\">\n\t\t\t\t\t\t<div class=\"elementor-container elementor-column-gap-default\">\n\t\t\t\t\t<div class=\"elementor-column elementor-col-50 elementor-top-column elementor-element elementor-element-c991e2f wd_sticky_offset_50 wd-elementor-sticky-column elementor-invisible\" data-id=\"c991e2f\" data-element_type=\"column\" data-e-type=\"column\" data-settings=\"{&quot;animation&quot;:&quot;slideInLeft&quot;}\">\n\t\t\t<div class=\"elementor-widget-wrap elementor-element-populated\">\n\t\t\t\t\t\t<div class=\"elementor-element elementor-element-d6296c7 elementor-widget elementor-widget-image\" data-id=\"d6296c7\" data-element_type=\"widget\" data-e-type=\"widget\" data-widget_type=\"image.default\">\n\t\t\t\t<div class=\"elementor-widget-container\">\n\t\t\t\t\t\t\t\t\t\t\t\t\t\t\t<img loading=\"lazy\" decoding=\"async\" width=\"1600\" height=\"900\" src=\"https:\/\/perfectestetica.al\/wp-content\/uploads\/2025\/12\/WhatsApp-Image-2025-12-05-at-5.36.41-PM.jpeg\" class=\"attachment-full size-full wp-image-3657\" alt=\"\" srcset=\"https:\/\/perfectestetica.al\/wp-content\/uploads\/2025\/12\/WhatsApp-Image-2025-12-05-at-5.36.41-PM.jpeg 1600w, https:\/\/perfectestetica.al\/wp-content\/uploads\/2025\/12\/WhatsApp-Image-2025-12-05-at-5.36.41-PM-150x84.jpeg 150w, https:\/\/perfectestetica.al\/wp-content\/uploads\/2025\/12\/WhatsApp-Image-2025-12-05-at-5.36.41-PM-1200x675.jpeg 1200w, https:\/\/perfectestetica.al\/wp-content\/uploads\/2025\/12\/WhatsApp-Image-2025-12-05-at-5.36.41-PM-300x169.jpeg 300w, https:\/\/perfectestetica.al\/wp-content\/uploads\/2025\/12\/WhatsApp-Image-2025-12-05-at-5.36.41-PM-1024x576.jpeg 1024w, https:\/\/perfectestetica.al\/wp-content\/uploads\/2025\/12\/WhatsApp-Image-2025-12-05-at-5.36.41-PM-768x432.jpeg 768w, https:\/\/perfectestetica.al\/wp-content\/uploads\/2025\/12\/WhatsApp-Image-2025-12-05-at-5.36.41-PM-1536x864.jpeg 1536w, https:\/\/perfectestetica.al\/wp-content\/uploads\/2025\/12\/WhatsApp-Image-2025-12-05-at-5.36.41-PM-18x10.jpeg 18w\" sizes=\"auto, (max-width: 1600px) 100vw, 1600px\" \/>\t\t\t\t\t\t\t\t\t\t\t\t\t\t\t<\/div>\n\t\t\t\t<\/div>\n\t\t\t\t\t<\/div>\n\t\t<\/div>\n\t\t\t\t<div class=\"elementor-column elementor-col-50 elementor-top-column elementor-element elementor-element-025a1a3 elementor-invisible\" data-id=\"025a1a3\" data-element_type=\"column\" data-e-type=\"column\" data-settings=\"{&quot;animation&quot;:&quot;slideInRight&quot;}\">\n\t\t\t<div class=\"elementor-widget-wrap elementor-element-populated\">\n\t\t\t\t\t\t<div class=\"elementor-element elementor-element-2352e3e wd-width-100 elementor-widget elementor-widget-wd_title\" data-id=\"2352e3e\" data-element_type=\"widget\" data-e-type=\"widget\" data-widget_type=\"wd_title.default\">\n\t\t\t\t<div class=\"elementor-widget-container\">\n\t\t\t\t\t\t\t<div class=\"title-wrapper wd-set-mb reset-last-child wd-title-color-primary wd-title-style-shadow wd-title-size-large text-left\">\n\n\t\t\t\t\t\t\t\t\t\t\t<div class=\"title-subtitle subtitle-color-primary subtitle-style-background wd-fontsize-xs\">\n\t\t\t\t\t35 \u20ac \/ Seanca\t\t\t\t<\/div>\n\t\t\t\n\t\t\t<div class=\"liner-continer\">\n\t\t\t\t<h4 class=\"woodmart-title-container title wd-fontsize-xxl wd-underline-colored\">Masazh me dore ( Anti-celulit )<\/h4> \n\t\t\t\t\t\t\t<\/div>\n\n\t\t\t\t\t\t\t<div class=\"title-after_title reset-last-child wd-fontsize-s\">\n\t\t\t\t\t<p>Masazhi Anti-Celulit \u00ebsht\u00eb nj\u00eb trajtim terapeutik q\u00eb p\u00ebrdor teknika masazhi t\u00eb specializuara p\u00ebr t\u00eb p\u00ebrmir\u00ebsuar qarkullimin e gjakut, stimuluar limfatikun dhe reduktuar celulitin n\u00eb m\u00ebnyr\u00eb t\u00eb natyrshme.<\/p><p>\u2022Redukton pamjen e \u201cl\u00ebkur\u00ebs s\u00eb portokallit.<\/p><p>\u2022Tonifikon dhe ngre l\u00ebkur\u00ebn.<\/p><p>\u2022Rrit qarkullimin e gjakut dhe limfatik.<\/p><p>\u2022Stimilon prodhimin e kolagjenit dhe elastin\u00ebs.<\/p><p>\u2022P\u00ebrmir\u00ebson shk\u00eblqimin dhe sh\u00ebndetin e l\u00ebkur\u00ebs .<\/p>\t\t\t\t<\/div>\n\t\t\t\t\t<\/div>\n\t\t\t\t\t\t<\/div>\n\t\t\t\t<\/div>\n\t\t\t\t<div class=\"elementor-element elementor-element-f06a47a elementor-widget elementor-widget-heading\" data-id=\"f06a47a\" data-element_type=\"widget\" data-e-type=\"widget\" data-widget_type=\"heading.default\">\n\t\t\t\t<div class=\"elementor-widget-container\">\n\t\t\t\t\t<h2 class=\"elementor-heading-title elementor-size-default\">Rezervo<\/h2>\t\t\t\t<\/div>\n\t\t\t\t<\/div>\n\t\t\t\t<div class=\"elementor-element elementor-element-ce1edd7 elementor-button-align-stretch elementor-widget elementor-widget-form\" data-id=\"ce1edd7\" data-element_type=\"widget\" data-e-type=\"widget\" data-settings=\"{&quot;step_next_label&quot;:&quot;Next&quot;,&quot;step_previous_label&quot;:&quot;Previous&quot;,&quot;button_width&quot;:&quot;100&quot;,&quot;step_type&quot;:&quot;number_text&quot;,&quot;step_icon_shape&quot;:&quot;circle&quot;}\" data-widget_type=\"form.default\">\n\t\t\t\t<div class=\"elementor-widget-container\">\n\t\t\t\t\t\t\t<form class=\"elementor-form\" method=\"post\" name=\"New Form\" aria-label=\"New Form\">\n\t\t\t<input type=\"hidden\" name=\"post_id\" value=\"2051\"\/>\n\t\t\t<input type=\"hidden\" name=\"form_id\" value=\"ce1edd7\"\/>\n\t\t\t<input type=\"hidden\" name=\"referer_title\" value=\"Masazh me dore ( Anti-celulit )Perfect Estetica\" \/>\n\n\t\t\t\t\t\t\t<input type=\"hidden\" name=\"queried_id\" value=\"2051\"\/>\n\t\t\t\n\t\t\t<div class=\"elementor-form-fields-wrapper elementor-labels-above\">\n\t\t\t\t\t\t\t\t<div class=\"elementor-field-type-text elementor-field-group elementor-column elementor-field-group-name elementor-col-33\">\n\t\t\t\t\t\t\t\t\t\t\t\t<label for=\"form-field-name\" class=\"elementor-field-label\">\n\t\t\t\t\t\t\t\tEmri\t\t\t\t\t\t\t<\/label>\n\t\t\t\t\t\t\t\t\t\t\t\t\t\t<input size=\"1\" type=\"text\" name=\"form_fields[name]\" id=\"form-field-name\" class=\"elementor-field elementor-size-sm  elementor-field-textual\" placeholder=\"Emri\">\n\t\t\t\t\t\t\t\t\t\t\t<\/div>\n\t\t\t\t\t\t\t\t<div class=\"elementor-field-type-tel elementor-field-group elementor-column elementor-field-group-field_e636b3d elementor-col-33\">\n\t\t\t\t\t\t\t\t\t\t\t\t<label for=\"form-field-field_e636b3d\" class=\"elementor-field-label\">\n\t\t\t\t\t\t\t\tTel\t\t\t\t\t\t\t<\/label>\n\t\t\t\t\t\t\t\t<input size=\"1\" type=\"tel\" name=\"form_fields[field_e636b3d]\" id=\"form-field-field_e636b3d\" class=\"elementor-field elementor-size-sm  elementor-field-textual\" placeholder=\"Tel\" pattern=\"[0-9()#&amp;+*-=.]+\" title=\"Only numbers and phone characters (#, -, *, etc) are accepted.\">\n\n\t\t\t\t\t\t<\/div>\n\t\t\t\t\t\t\t\t<div class=\"elementor-field-type-date elementor-field-group elementor-column elementor-field-group-field_c6f2333 elementor-col-33\">\n\t\t\t\t\t\t\t\t\t\t\t\t<label for=\"form-field-field_c6f2333\" class=\"elementor-field-label\">\n\t\t\t\t\t\t\t\tData\t\t\t\t\t\t\t<\/label>\n\t\t\t\t\t\t\n\t\t<input type=\"date\" name=\"form_fields[field_c6f2333]\" id=\"form-field-field_c6f2333\" class=\"elementor-field elementor-size-sm  elementor-field-textual elementor-date-field\" placeholder=\"Data\" pattern=\"[0-9]{4}-[0-9]{2}-[0-9]{2}\">\n\t\t\t\t\t\t<\/div>\n\t\t\t\t\t\t\t\t<div class=\"elementor-field-group elementor-column elementor-field-type-submit elementor-col-100 e-form__buttons\">\n\t\t\t\t\t<button class=\"elementor-button elementor-size-sm\" type=\"submit\">\n\t\t\t\t\t\t<span class=\"elementor-button-content-wrapper\">\n\t\t\t\t\t\t\t\t\t\t\t\t\t\t\t\t\t\t\t\t\t\t<span class=\"elementor-button-text\">Rezervo<\/span>\n\t\t\t\t\t\t\t\t\t\t\t\t\t<\/span>\n\t\t\t\t\t<\/button>\n\t\t\t\t<\/div>\n\t\t\t<\/div>\n\t\t<\/form>\n\t\t\t\t\t\t<\/div>\n\t\t\t\t<\/div>\n\t\t\t\t\t<\/div>\n\t\t<\/div>\n\t\t\t\t\t<\/div>\n\t\t<\/section>\n\t\t\t\t<\/div>\n\t\t","protected":false},"excerpt":{"rendered":"<p>Trupi 35 \u20ac \/ Seanca Masazh me dore ( Anti-celulit ) Masazhi Anti-Celulit \u00ebsht\u00eb nj\u00eb trajtim terapeutik q\u00eb p\u00ebrdor teknika<\/p>","protected":false},"author":1,"featured_media":0,"parent":1636,"menu_order":0,"comment_status":"closed","ping_status":"closed","template":"","meta":{"footnotes":""},"class_list":["post-2051","page","type-page","status-publish","hentry"],"_links":{"self":[{"href":"https:\/\/perfectestetica.al\/en\/wp-json\/wp\/v2\/pages\/2051","targetHints":{"allow":["GET"]}}],"collection":[{"href":"https:\/\/perfectestetica.al\/en\/wp-json\/wp\/v2\/pages"}],"about":[{"href":"https:\/\/perfectestetica.al\/en\/wp-json\/wp\/v2\/types\/page"}],"author":[{"embeddable":true,"href":"https:\/\/perfectestetica.al\/en\/wp-json\/wp\/v2\/users\/1"}],"replies":[{"embeddable":true,"href":"https:\/\/perfectestetica.al\/en\/wp-json\/wp\/v2\/comments?post=2051"}],"version-history":[{"count":22,"href":"https:\/\/perfectestetica.al\/en\/wp-json\/wp\/v2\/pages\/2051\/revisions"}],"predecessor-version":[{"id":3779,"href":"https:\/\/perfectestetica.al\/en\/wp-json\/wp\/v2\/pages\/2051\/revisions\/3779"}],"up":[{"embeddable":true,"href":"https:\/\/perfectestetica.al\/en\/wp-json\/wp\/v2\/pages\/1636"}],"wp:attachment":[{"href":"https:\/\/perfectestetica.al\/en\/wp-json\/wp\/v2\/media?parent=2051"}],"curies":[{"name":"wp","href":"https:\/\/api.w.org\/{rel}","templated":true}]}}