{"id":1976,"date":"2022-10-28T17:50:06","date_gmt":"2022-10-28T16:50:06","guid":{"rendered":"https:\/\/perfectestetica.al\/?page_id=1976"},"modified":"2022-12-31T12:18:50","modified_gmt":"2022-12-31T11:18:50","slug":"profhilo","status":"publish","type":"page","link":"https:\/\/perfectestetica.al\/en\/services\/fytyra\/profhilo\/","title":{"rendered":"Profhilo"},"content":{"rendered":"\t\t<div data-elementor-type=\"wp-page\" data-elementor-id=\"1976\" class=\"elementor elementor-1976\" data-elementor-post-type=\"page\">\n\t\t\t\t\t\t<section class=\"wd-negative-gap elementor-section elementor-top-section elementor-element elementor-element-2494381 elementor-section-boxed elementor-section-height-default elementor-section-height-default\" data-id=\"2494381\" data-element_type=\"section\" data-e-type=\"section\">\n\t\t\t\t\t\t<div class=\"elementor-container elementor-column-gap-default\">\n\t\t\t\t\t<div class=\"elementor-column elementor-col-100 elementor-top-column elementor-element elementor-element-0c703f6\" data-id=\"0c703f6\" data-element_type=\"column\" data-e-type=\"column\">\n\t\t\t<div class=\"elementor-widget-wrap elementor-element-populated\">\n\t\t\t\t\t\t<div class=\"elementor-element elementor-element-a661051 wd-width-100 elementor-widget elementor-widget-wd_title\" data-id=\"a661051\" data-element_type=\"widget\" data-e-type=\"widget\" data-widget_type=\"wd_title.default\">\n\t\t\t\t<div class=\"elementor-widget-container\">\n\t\t\t\t\t\t\t<div class=\"title-wrapper wd-set-mb reset-last-child wd-title-color-primary wd-title-style-bordered wd-title-size-default text-center\">\n\n\t\t\t\n\t\t\t<div class=\"liner-continer\">\n\t\t\t\t<h4 class=\"woodmart-title-container title wd-fontsize-l\">Fytyra<\/h4> \n\t\t\t\t\t\t\t<\/div>\n\n\t\t\t\t\t<\/div>\n\t\t\t\t\t\t<\/div>\n\t\t\t\t<\/div>\n\t\t\t\t\t<\/div>\n\t\t<\/div>\n\t\t\t\t\t<\/div>\n\t\t<\/section>\n\t\t\t\t<section class=\"wd-negative-gap elementor-section elementor-top-section elementor-element elementor-element-b5cfee6 elementor-section-boxed elementor-section-height-default elementor-section-height-default\" data-id=\"b5cfee6\" data-element_type=\"section\" data-e-type=\"section\">\n\t\t\t\t\t\t<div class=\"elementor-container elementor-column-gap-default\">\n\t\t\t\t\t<div class=\"elementor-column elementor-col-50 elementor-top-column elementor-element elementor-element-22e1296 wd_sticky_offset_50 wd-elementor-sticky-column elementor-invisible\" data-id=\"22e1296\" data-element_type=\"column\" data-e-type=\"column\" data-settings=\"{&quot;animation&quot;:&quot;slideInLeft&quot;}\">\n\t\t\t<div class=\"elementor-widget-wrap elementor-element-populated\">\n\t\t\t\t\t\t<div class=\"elementor-element elementor-element-52c4298 elementor-widget elementor-widget-image\" data-id=\"52c4298\" data-element_type=\"widget\" data-e-type=\"widget\" data-widget_type=\"image.default\">\n\t\t\t\t<div class=\"elementor-widget-container\">\n\t\t\t\t\t\t\t\t\t\t\t\t\t\t\t<img loading=\"lazy\" decoding=\"async\" width=\"500\" height=\"500\" src=\"https:\/\/perfectestetica.al\/wp-content\/uploads\/2022\/12\/profilio.png\" class=\"attachment-full size-full wp-image-2793\" alt=\"\" srcset=\"https:\/\/perfectestetica.al\/wp-content\/uploads\/2022\/12\/profilio.png 500w, https:\/\/perfectestetica.al\/wp-content\/uploads\/2022\/12\/profilio-150x150.png 150w, https:\/\/perfectestetica.al\/wp-content\/uploads\/2022\/12\/profilio-300x300.png 300w, https:\/\/perfectestetica.al\/wp-content\/uploads\/2022\/12\/profilio-12x12.png 12w\" sizes=\"auto, (max-width: 500px) 100vw, 500px\" \/>\t\t\t\t\t\t\t\t\t\t\t\t\t\t\t<\/div>\n\t\t\t\t<\/div>\n\t\t\t\t\t<\/div>\n\t\t<\/div>\n\t\t\t\t<div class=\"elementor-column elementor-col-50 elementor-top-column elementor-element elementor-element-08bb56f elementor-invisible\" data-id=\"08bb56f\" data-element_type=\"column\" data-e-type=\"column\" data-settings=\"{&quot;animation&quot;:&quot;slideInRight&quot;}\">\n\t\t\t<div class=\"elementor-widget-wrap elementor-element-populated\">\n\t\t\t\t\t\t<div class=\"elementor-element elementor-element-7bdd224 wd-width-100 elementor-widget elementor-widget-wd_title\" data-id=\"7bdd224\" data-element_type=\"widget\" data-e-type=\"widget\" data-widget_type=\"wd_title.default\">\n\t\t\t\t<div class=\"elementor-widget-container\">\n\t\t\t\t\t\t\t<div class=\"title-wrapper wd-set-mb reset-last-child wd-title-color-primary wd-title-style-shadow wd-title-size-large text-left\">\n\n\t\t\t\t\t\t\t\t\t\t\t<div class=\"title-subtitle subtitle-color-primary subtitle-style-background wd-fontsize-xs\">\n\t\t\t\t\t190\u20ac\t\t\t\t<\/div>\n\t\t\t\n\t\t\t<div class=\"liner-continer\">\n\t\t\t\t<h4 class=\"woodmart-title-container title wd-fontsize-xxl wd-underline-colored\">Profhilo<\/h4> \n\t\t\t\t\t\t\t<\/div>\n\n\t\t\t\t\t\t\t<div class=\"title-after_title reset-last-child wd-fontsize-s\">\n\t\t\t\t\t<p>Trajtimi hidratues me acid hialuronik sipas teknologjis\u00eb NAHYCO q\u00eb ndihmon n\u00eb krijimin e nj\u00eb xheli p\u00ebr injektim dhe me nj\u00eb efekt pozitiv afatgjat\u00eb n\u00eb l\u00ebkur\u00eb. Rrisni q\u00ebndrueshm\u00ebrin\u00eb e l\u00ebkur\u00ebs tuaj me Perfect Estetica duke siguruar p\u00ebrmir\u00ebsimin afatgjat t\u00eb struktur\u00ebs dhe pamj\u00ebs t\u00eb l\u00ebkur\u00ebs tuaj. N\u00ebse realisht shihni q\u00eb shk\u00eblqim n\u00eb fytyr\u00ebn tuaj nuk \u00ebsht\u00eb si m\u00eb par\u00eb, Perfect Estetica s\u00eb bashku me profesionistet tona e p\u00ebrmir\u00ebsojn\u00eb at\u00eb s\u00eb bashku me struktur\u00ebn.<\/p>\t\t\t\t<\/div>\n\t\t\t\t\t<\/div>\n\t\t\t\t\t\t<\/div>\n\t\t\t\t<\/div>\n\t\t\t\t<div class=\"elementor-element elementor-element-21f3f0a elementor-widget elementor-widget-heading\" data-id=\"21f3f0a\" data-element_type=\"widget\" data-e-type=\"widget\" data-widget_type=\"heading.default\">\n\t\t\t\t<div class=\"elementor-widget-container\">\n\t\t\t\t\t<h2 class=\"elementor-heading-title elementor-size-default\">Rezervo<\/h2>\t\t\t\t<\/div>\n\t\t\t\t<\/div>\n\t\t\t\t<div class=\"elementor-element elementor-element-5e0d720 elementor-button-align-stretch elementor-widget elementor-widget-form\" data-id=\"5e0d720\" data-element_type=\"widget\" data-e-type=\"widget\" data-settings=\"{&quot;step_next_label&quot;:&quot;Next&quot;,&quot;step_previous_label&quot;:&quot;Previous&quot;,&quot;button_width&quot;:&quot;100&quot;,&quot;step_type&quot;:&quot;number_text&quot;,&quot;step_icon_shape&quot;:&quot;circle&quot;}\" data-widget_type=\"form.default\">\n\t\t\t\t<div class=\"elementor-widget-container\">\n\t\t\t\t\t\t\t<form class=\"elementor-form\" method=\"post\" name=\"New Form\" aria-label=\"New Form\">\n\t\t\t<input type=\"hidden\" name=\"post_id\" value=\"1976\"\/>\n\t\t\t<input type=\"hidden\" name=\"form_id\" value=\"5e0d720\"\/>\n\t\t\t<input type=\"hidden\" name=\"referer_title\" value=\"ProfhiloPerfect Estetica\" \/>\n\n\t\t\t\t\t\t\t<input type=\"hidden\" name=\"queried_id\" value=\"1976\"\/>\n\t\t\t\n\t\t\t<div class=\"elementor-form-fields-wrapper elementor-labels-above\">\n\t\t\t\t\t\t\t\t<div class=\"elementor-field-type-text elementor-field-group elementor-column elementor-field-group-name elementor-col-33\">\n\t\t\t\t\t\t\t\t\t\t\t\t<label for=\"form-field-name\" class=\"elementor-field-label\">\n\t\t\t\t\t\t\t\tName\t\t\t\t\t\t\t<\/label>\n\t\t\t\t\t\t\t\t\t\t\t\t\t\t<input size=\"1\" type=\"text\" name=\"form_fields[name]\" id=\"form-field-name\" class=\"elementor-field elementor-size-sm  elementor-field-textual\" placeholder=\"Name\">\n\t\t\t\t\t\t\t\t\t\t\t<\/div>\n\t\t\t\t\t\t\t\t<div class=\"elementor-field-type-tel elementor-field-group elementor-column elementor-field-group-field_e636b3d elementor-col-33\">\n\t\t\t\t\t\t\t\t\t\t\t\t<label for=\"form-field-field_e636b3d\" class=\"elementor-field-label\">\n\t\t\t\t\t\t\t\tTel\t\t\t\t\t\t\t<\/label>\n\t\t\t\t\t\t\t\t<input size=\"1\" type=\"tel\" name=\"form_fields[field_e636b3d]\" id=\"form-field-field_e636b3d\" class=\"elementor-field elementor-size-sm  elementor-field-textual\" placeholder=\"Tel\" pattern=\"[0-9()#&amp;+*-=.]+\" title=\"Only numbers and phone characters (#, -, *, etc) are accepted.\">\n\n\t\t\t\t\t\t<\/div>\n\t\t\t\t\t\t\t\t<div class=\"elementor-field-type-date elementor-field-group elementor-column elementor-field-group-field_c6f2333 elementor-col-33\">\n\t\t\t\t\t\t\t\t\t\t\t\t<label for=\"form-field-field_c6f2333\" class=\"elementor-field-label\">\n\t\t\t\t\t\t\t\tData\t\t\t\t\t\t\t<\/label>\n\t\t\t\t\t\t\n\t\t<input type=\"date\" name=\"form_fields[field_c6f2333]\" id=\"form-field-field_c6f2333\" class=\"elementor-field elementor-size-sm  elementor-field-textual elementor-date-field\" placeholder=\"Data\" pattern=\"[0-9]{4}-[0-9]{2}-[0-9]{2}\">\n\t\t\t\t\t\t<\/div>\n\t\t\t\t\t\t\t\t<div class=\"elementor-field-group elementor-column elementor-field-type-submit elementor-col-100 e-form__buttons\">\n\t\t\t\t\t<button class=\"elementor-button elementor-size-sm\" type=\"submit\">\n\t\t\t\t\t\t<span class=\"elementor-button-content-wrapper\">\n\t\t\t\t\t\t\t\t\t\t\t\t\t\t\t\t\t\t\t\t\t\t<span class=\"elementor-button-text\">Send<\/span>\n\t\t\t\t\t\t\t\t\t\t\t\t\t<\/span>\n\t\t\t\t\t<\/button>\n\t\t\t\t<\/div>\n\t\t\t<\/div>\n\t\t<\/form>\n\t\t\t\t\t\t<\/div>\n\t\t\t\t<\/div>\n\t\t\t\t\t<\/div>\n\t\t<\/div>\n\t\t\t\t\t<\/div>\n\t\t<\/section>\n\t\t\t\t<\/div>\n\t\t","protected":false},"excerpt":{"rendered":"<p>Fytyra 190\u20ac Profhilo Trajtimi hidratues me acid hialuronik sipas teknologjis\u00eb NAHYCO q\u00eb ndihmon n\u00eb krijimin e nj\u00eb xheli p\u00ebr injektim<\/p>","protected":false},"author":1,"featured_media":0,"parent":1631,"menu_order":0,"comment_status":"closed","ping_status":"closed","template":"","meta":{"footnotes":""},"class_list":["post-1976","page","type-page","status-publish","hentry"],"_links":{"self":[{"href":"https:\/\/perfectestetica.al\/en\/wp-json\/wp\/v2\/pages\/1976","targetHints":{"allow":["GET"]}}],"collection":[{"href":"https:\/\/perfectestetica.al\/en\/wp-json\/wp\/v2\/pages"}],"about":[{"href":"https:\/\/perfectestetica.al\/en\/wp-json\/wp\/v2\/types\/page"}],"author":[{"embeddable":true,"href":"https:\/\/perfectestetica.al\/en\/wp-json\/wp\/v2\/users\/1"}],"replies":[{"embeddable":true,"href":"https:\/\/perfectestetica.al\/en\/wp-json\/wp\/v2\/comments?post=1976"}],"version-history":[{"count":14,"href":"https:\/\/perfectestetica.al\/en\/wp-json\/wp\/v2\/pages\/1976\/revisions"}],"predecessor-version":[{"id":2796,"href":"https:\/\/perfectestetica.al\/en\/wp-json\/wp\/v2\/pages\/1976\/revisions\/2796"}],"up":[{"embeddable":true,"href":"https:\/\/perfectestetica.al\/en\/wp-json\/wp\/v2\/pages\/1631"}],"wp:attachment":[{"href":"https:\/\/perfectestetica.al\/en\/wp-json\/wp\/v2\/media?parent=1976"}],"curies":[{"name":"wp","href":"https:\/\/api.w.org\/{rel}","templated":true}]}}