{"id":1973,"date":"2022-10-28T17:50:01","date_gmt":"2022-10-28T16:50:01","guid":{"rendered":"https:\/\/perfectestetica.al\/?page_id=1973"},"modified":"2025-12-05T15:37:24","modified_gmt":"2025-12-05T14:37:24","slug":"morpheus-8","status":"publish","type":"page","link":"https:\/\/perfectestetica.al\/en\/services\/fytyra\/morpheus-8\/","title":{"rendered":"Morpheus 8"},"content":{"rendered":"\t\t<div data-elementor-type=\"wp-page\" data-elementor-id=\"1973\" class=\"elementor elementor-1973\" data-elementor-post-type=\"page\">\n\t\t\t\t\t\t<section class=\"wd-negative-gap elementor-section elementor-top-section elementor-element elementor-element-3a6d953 elementor-section-boxed elementor-section-height-default elementor-section-height-default\" data-id=\"3a6d953\" data-element_type=\"section\" data-e-type=\"section\">\n\t\t\t\t\t\t<div class=\"elementor-container elementor-column-gap-default\">\n\t\t\t\t\t<div class=\"elementor-column elementor-col-100 elementor-top-column elementor-element elementor-element-e41f218\" data-id=\"e41f218\" data-element_type=\"column\" data-e-type=\"column\">\n\t\t\t<div class=\"elementor-widget-wrap elementor-element-populated\">\n\t\t\t\t\t\t<div class=\"elementor-element elementor-element-afe9e6e wd-width-100 elementor-widget elementor-widget-wd_title\" data-id=\"afe9e6e\" data-element_type=\"widget\" data-e-type=\"widget\" data-widget_type=\"wd_title.default\">\n\t\t\t\t<div class=\"elementor-widget-container\">\n\t\t\t\t\t\t\t<div class=\"title-wrapper wd-set-mb reset-last-child wd-title-color-primary wd-title-style-bordered wd-title-size-default text-center\">\n\n\t\t\t\n\t\t\t<div class=\"liner-continer\">\n\t\t\t\t<h4 class=\"woodmart-title-container title wd-fontsize-l\">Fytyra<\/h4> \n\t\t\t\t\t\t\t<\/div>\n\n\t\t\t\t\t<\/div>\n\t\t\t\t\t\t<\/div>\n\t\t\t\t<\/div>\n\t\t\t\t\t<\/div>\n\t\t<\/div>\n\t\t\t\t\t<\/div>\n\t\t<\/section>\n\t\t\t\t<section class=\"wd-negative-gap elementor-section elementor-top-section elementor-element elementor-element-2fcbb12 elementor-section-boxed elementor-section-height-default elementor-section-height-default\" data-id=\"2fcbb12\" data-element_type=\"section\" data-e-type=\"section\">\n\t\t\t\t\t\t<div class=\"elementor-container elementor-column-gap-default\">\n\t\t\t\t\t<div class=\"elementor-column elementor-col-50 elementor-top-column elementor-element elementor-element-311d721 wd_sticky_offset_50 wd-elementor-sticky-column elementor-invisible\" data-id=\"311d721\" data-element_type=\"column\" data-e-type=\"column\" data-settings=\"{&quot;animation&quot;:&quot;slideInLeft&quot;}\">\n\t\t\t<div class=\"elementor-widget-wrap elementor-element-populated\">\n\t\t\t\t\t\t<div class=\"elementor-element elementor-element-3db7204 elementor-widget elementor-widget-image\" data-id=\"3db7204\" data-element_type=\"widget\" data-e-type=\"widget\" data-widget_type=\"image.default\">\n\t\t\t\t<div class=\"elementor-widget-container\">\n\t\t\t\t\t\t\t\t\t\t\t\t\t\t\t<img loading=\"lazy\" decoding=\"async\" width=\"712\" height=\"659\" src=\"https:\/\/perfectestetica.al\/wp-content\/uploads\/2024\/04\/Screen-Shot-2024-02-21-at-9.12.35-am-e1708470786514.png\" class=\"attachment-full size-full wp-image-3563\" alt=\"\" srcset=\"https:\/\/perfectestetica.al\/wp-content\/uploads\/2024\/04\/Screen-Shot-2024-02-21-at-9.12.35-am-e1708470786514.png 712w, https:\/\/perfectestetica.al\/wp-content\/uploads\/2024\/04\/Screen-Shot-2024-02-21-at-9.12.35-am-e1708470786514-150x139.png 150w, https:\/\/perfectestetica.al\/wp-content\/uploads\/2024\/04\/Screen-Shot-2024-02-21-at-9.12.35-am-e1708470786514-300x278.png 300w, https:\/\/perfectestetica.al\/wp-content\/uploads\/2024\/04\/Screen-Shot-2024-02-21-at-9.12.35-am-e1708470786514-13x12.png 13w\" sizes=\"auto, (max-width: 712px) 100vw, 712px\" \/>\t\t\t\t\t\t\t\t\t\t\t\t\t\t\t<\/div>\n\t\t\t\t<\/div>\n\t\t\t\t\t<\/div>\n\t\t<\/div>\n\t\t\t\t<div class=\"elementor-column elementor-col-50 elementor-top-column elementor-element elementor-element-1172003 elementor-invisible\" data-id=\"1172003\" data-element_type=\"column\" data-e-type=\"column\" data-settings=\"{&quot;animation&quot;:&quot;slideInRight&quot;}\">\n\t\t\t<div class=\"elementor-widget-wrap elementor-element-populated\">\n\t\t\t\t\t\t<div class=\"elementor-element elementor-element-4187c8d wd-width-100 elementor-widget elementor-widget-wd_title\" data-id=\"4187c8d\" data-element_type=\"widget\" data-e-type=\"widget\" data-widget_type=\"wd_title.default\">\n\t\t\t\t<div class=\"elementor-widget-container\">\n\t\t\t\t\t\t\t<div class=\"title-wrapper wd-set-mb reset-last-child wd-title-color-primary wd-title-style-shadow wd-title-size-large text-left\">\n\n\t\t\t\t\t\t\t\t\t\t\t<div class=\"title-subtitle subtitle-color-primary subtitle-style-background wd-fontsize-xs\">\n\t\t\t\t\t300\u20ac\t\t\t\t<\/div>\n\t\t\t\n\t\t\t<div class=\"liner-continer\">\n\t\t\t\t<h4 class=\"woodmart-title-container title wd-fontsize-xxl wd-underline-colored\">Morpheus8 + CO2 + Plaz\u00ebm + Lumecca <\/h4> \n\t\t\t\t\t\t\t<\/div>\n\n\t\t\t\t\t\t\t<div class=\"title-after_title reset-last-child wd-fontsize-s\">\n\t\t\t\t\t<p>N\u00eb k\u00ebt\u00eb \u00e7mim p\u00ebrfshihen k\u00ebto zona:<\/p><p>Fytyr\u00eb<\/p><p>Qaf\u00eb<\/p><p>Dekolte<\/p><p>Duar<\/p><p><span style=\"font-size: 22px\">Teknologjia e vetme e aplikueshme n\u00eb t\u00eb gjitha zonat e trupit ku kombinohen radiofrekuenca me mikrogj\u00eblq\u00ebrat p\u00ebr rimodelimin e indeve dhjamore. Ky trjatim vjen I shoq\u00ebruar me lazerin Co2 i cili eleminon shtres\u00ebn e sip\u00ebrme t\u00eb l\u00ebkur\u00ebs duke e tendosur ate. M\u00eb pas aplikohet plazma e cila meret nga gjaku i pacientit, gj\u00eb q\u00eb ndihmon n\u00eb hidratim t\u00eb thell\u00eb t\u00eb l\u00ebkur\u00ebs dhe koh\u00eb rikuperimi shum\u00eb m\u00eb t\u00eb shpejt\u00eb.&nbsp;Kombinimi i k\u00ebtyre trajtimeve bashk\u00eb, ndihmon p\u00ebr nj\u00eb pamje m\u00eb t\u00eb l\u00ebmuar, l\u00ebkur\u00eb m\u00eb t\u00eb tendosur, eleminimin e shenjave apo njollave n\u00eb fytyr\u00eb dhe n\u00eb trup.<\/span><\/p><p><\/p>\t\t\t\t<\/div>\n\t\t\t\t\t<\/div>\n\t\t\t\t\t\t<\/div>\n\t\t\t\t<\/div>\n\t\t\t\t<div class=\"elementor-element elementor-element-5f832de wd-width-100 elementor-widget elementor-widget-wd_title\" data-id=\"5f832de\" data-element_type=\"widget\" data-e-type=\"widget\" data-widget_type=\"wd_title.default\">\n\t\t\t\t<div class=\"elementor-widget-container\">\n\t\t\t\t\t\t\t<div class=\"title-wrapper wd-set-mb reset-last-child wd-title-color-primary wd-title-style-shadow wd-title-size-large text-left\">\n\n\t\t\t\t\t\t\t\t\t\t\t<div class=\"title-subtitle subtitle-color-primary subtitle-style-background wd-fontsize-xs\">\n\t\t\t\t\t300\u20ac\t\t\t\t<\/div>\n\t\t\t\n\t\t\t<div class=\"liner-continer\">\n\t\t\t\t<h4 class=\"woodmart-title-container title wd-fontsize-xxl wd-underline-colored\">Morpheus8 + CO2 + PRP<\/h4> \n\t\t\t\t\t\t\t<\/div>\n\n\t\t\t\t\t\t\t<div class=\"title-after_title reset-last-child wd-fontsize-s\">\n\t\t\t\t\t<p>This price includes these areas:<\/p><p>*Face<\/p><p>*Neck<\/p><p>*Chest<\/p><p>*Hand<\/p><p>Morpheus8 is a device that combines microneedling with radiofrequency technology for fractional resurfacing that stimulates collagen production. By targeting the deeper layers of the skin, the building blocks will reorganize themselves in a natural anti-aging process. There is little to no damage to the dermis and this procedure provides an extremely uniform effect.<\/p><p>Morpheus8 is a microneedling device that utilizes radiofrequency energy to remodel and contour the face and body via subdermal adipose remodeling. This fractional treatment penetrates deep into the skin and fat for a smoother and sleeker appearance. Morpheus8 can be combined with PRP for optimal results<\/p><p>A CO2 laser is a tool that healthcare professionals may use to <a href=\"https:\/\/www.ncbi.nlm.nih.gov\/books\/NBK560544\/\">treat<\/a> skin conditions.<\/p><p>CO2 lasers are part of a laser resurfacing process. The laser emits energy of a wavelength of 10,600 nanometers. Water within the skin cells absorbs this type of wavelength, resulting in the ablation of the superficial layer of the skin.<\/p><p>This treatment produces a type of heat injury. This stimulates the skin underneath, resulting in the formation of collagen. <a href=\"https:\/\/www.ncbi.nlm.nih.gov\/books\/NBK507709\/\">Collagen<\/a> is a protein in the body that provides a tightly organized fiber network and contributes to the skin\u2019s elasticity.<\/p><p>When the skin starts healing after laser treatment, new skin <a href=\"https:\/\/www.ncbi.nlm.nih.gov\/books\/NBK560544\/\">starts to form<\/a> that may be smoother, tighter, or more elastic.<\/p><p>\u00a0<\/p>\t\t\t\t<\/div>\n\t\t\t\t\t<\/div>\n\t\t\t\t\t\t<\/div>\n\t\t\t\t<\/div>\n\t\t\t\t<div class=\"elementor-element elementor-element-8cf1e07 elementor-widget elementor-widget-wd_text_block\" data-id=\"8cf1e07\" data-element_type=\"widget\" data-e-type=\"widget\" data-widget_type=\"wd_text_block.default\">\n\t\t\t\t<div class=\"elementor-widget-container\">\n\t\t\t\t\t\t\t<div class=\"wd-text-block reset-last-child text-left\">\n\t\t\t\n\t\t\t\n\t\t\t\t\t<\/div>\n\t\t\t\t\t\t<\/div>\n\t\t\t\t<\/div>\n\t\t\t\t<div class=\"elementor-element elementor-element-723ae54 elementor-button-align-stretch elementor-widget elementor-widget-form\" data-id=\"723ae54\" data-element_type=\"widget\" data-e-type=\"widget\" data-settings=\"{&quot;step_next_label&quot;:&quot;Next&quot;,&quot;step_previous_label&quot;:&quot;Previous&quot;,&quot;button_width&quot;:&quot;100&quot;,&quot;step_type&quot;:&quot;number_text&quot;,&quot;step_icon_shape&quot;:&quot;circle&quot;}\" data-widget_type=\"form.default\">\n\t\t\t\t<div class=\"elementor-widget-container\">\n\t\t\t\t\t\t\t<form class=\"elementor-form\" method=\"post\" name=\"New Form\" aria-label=\"New Form\">\n\t\t\t<input type=\"hidden\" name=\"post_id\" value=\"1973\"\/>\n\t\t\t<input type=\"hidden\" name=\"form_id\" value=\"723ae54\"\/>\n\t\t\t<input type=\"hidden\" name=\"referer_title\" value=\"Morpheus 8Perfect Estetica\" \/>\n\n\t\t\t\t\t\t\t<input type=\"hidden\" name=\"queried_id\" value=\"1973\"\/>\n\t\t\t\n\t\t\t<div class=\"elementor-form-fields-wrapper elementor-labels-above\">\n\t\t\t\t\t\t\t\t<div class=\"elementor-field-type-text elementor-field-group elementor-column elementor-field-group-name elementor-col-33\">\n\t\t\t\t\t\t\t\t\t\t\t\t<label for=\"form-field-name\" class=\"elementor-field-label\">\n\t\t\t\t\t\t\t\tName\t\t\t\t\t\t\t<\/label>\n\t\t\t\t\t\t\t\t\t\t\t\t\t\t<input size=\"1\" type=\"text\" name=\"form_fields[name]\" id=\"form-field-name\" class=\"elementor-field elementor-size-sm  elementor-field-textual\" placeholder=\"Name\"\/>\n\t\t\t\t\t\t\t\t\t\t\t<\/div>\n\t\t\t\t\t\t\t\t<div class=\"elementor-field-type-tel elementor-field-group elementor-column elementor-field-group-field_e636b3d elementor-col-33\">\n\t\t\t\t\t\t\t\t\t\t\t\t<label for=\"form-field-field_e636b3d\" class=\"elementor-field-label\">\n\t\t\t\t\t\t\t\tTel\t\t\t\t\t\t\t<\/label>\n\t\t\t\t\t\t\t\t<input size=\"1\" type=\"tel\" name=\"form_fields[field_e636b3d]\" id=\"form-field-field_e636b3d\" class=\"elementor-field elementor-size-sm  elementor-field-textual\" placeholder=\"Tel\" pattern=\"[0-9()#&amp;+*-=.]+\" title=\"Only numbers and phone characters (#, -, *, etc) are accepted.\"\/>\n\n\t\t\t\t\t\t<\/div>\n\t\t\t\t\t\t\t\t<div class=\"elementor-field-type-date elementor-field-group elementor-column elementor-field-group-field_c6f2333 elementor-col-33\">\n\t\t\t\t\t\t\t\t\t\t\t\t<label for=\"form-field-field_c6f2333\" class=\"elementor-field-label\">\n\t\t\t\t\t\t\t\tData\t\t\t\t\t\t\t<\/label>\n\t\t\t\t\t\t\n\t\t<input type=\"date\" name=\"form_fields[field_c6f2333]\" id=\"form-field-field_c6f2333\" class=\"elementor-field elementor-size-sm  elementor-field-textual elementor-date-field\" placeholder=\"Data\" pattern=\"[0-9]{4}-[0-9]{2}-[0-9]{2}\"\/>\n\t\t\t\t\t\t<\/div>\n\t\t\t\t\t\t\t\t<div class=\"elementor-field-group elementor-column elementor-field-type-submit elementor-col-100 e-form__buttons\">\n\t\t\t\t\t<button class=\"elementor-button elementor-size-sm\" type=\"submit\">\n\t\t\t\t\t\t<span class=\"elementor-button-content-wrapper\">\n\t\t\t\t\t\t\t\t\t\t\t\t\t\t\t\t\t\t\t\t\t\t<span class=\"elementor-button-text\">Send<\/span>\n\t\t\t\t\t\t\t\t\t\t\t\t\t<\/span>\n\t\t\t\t\t<\/button>\n\t\t\t\t<\/div>\n\t\t\t<\/div>\n\t\t<\/form>\n\t\t\t\t\t\t<\/div>\n\t\t\t\t<\/div>\n\t\t\t\t\t<\/div>\n\t\t<\/div>\n\t\t\t\t\t<\/div>\n\t\t<\/section>\n\t\t\t\t<section class=\"wd-negative-gap elementor-section elementor-top-section elementor-element elementor-element-712455d elementor-section-boxed elementor-section-height-default elementor-section-height-default\" data-id=\"712455d\" data-element_type=\"section\" data-e-type=\"section\">\n\t\t\t\t\t\t<div class=\"elementor-container elementor-column-gap-default\">\n\t\t\t\t\t<div class=\"elementor-column elementor-col-100 elementor-top-column elementor-element elementor-element-554a110\" data-id=\"554a110\" data-element_type=\"column\" data-e-type=\"column\">\n\t\t\t<div class=\"elementor-widget-wrap elementor-element-populated\">\n\t\t\t\t\t\t<div class=\"elementor-element elementor-element-abaacaf elementor-widget elementor-widget-read-more\" data-id=\"abaacaf\" data-element_type=\"widget\" data-e-type=\"widget\" data-widget_type=\"read-more.default\">\n\t\t\t\t<div class=\"elementor-widget-container\">\n\t\t\t\t\t<\/div><\/div><\/div><\/div><\/div><\/section><\/div><\/p><p class=\"read-more-section\"><a class=\"\" href=\"https:\/\/perfectestetica.al\/en\/services\/fytyra\/morpheus-8\/\">Continue reading<\/a>","protected":false},"excerpt":{"rendered":"<p>Fytyra 300\u20ac Morpheus8 + CO2 + Plaz\u00ebm + Lumecca N\u00eb k\u00ebt\u00eb \u00e7mim p\u00ebrfshihen k\u00ebto zona: Fytyr\u00eb Qaf\u00eb Dekolte Duar Teknologjia<\/p>","protected":false},"author":1,"featured_media":0,"parent":1631,"menu_order":0,"comment_status":"closed","ping_status":"closed","template":"","meta":{"footnotes":""},"class_list":["post-1973","page","type-page","status-publish","hentry"],"_links":{"self":[{"href":"https:\/\/perfectestetica.al\/en\/wp-json\/wp\/v2\/pages\/1973","targetHints":{"allow":["GET"]}}],"collection":[{"href":"https:\/\/perfectestetica.al\/en\/wp-json\/wp\/v2\/pages"}],"about":[{"href":"https:\/\/perfectestetica.al\/en\/wp-json\/wp\/v2\/types\/page"}],"author":[{"embeddable":true,"href":"https:\/\/perfectestetica.al\/en\/wp-json\/wp\/v2\/users\/1"}],"replies":[{"embeddable":true,"href":"https:\/\/perfectestetica.al\/en\/wp-json\/wp\/v2\/comments?post=1973"}],"version-history":[{"count":46,"href":"https:\/\/perfectestetica.al\/en\/wp-json\/wp\/v2\/pages\/1973\/revisions"}],"predecessor-version":[{"id":3596,"href":"https:\/\/perfectestetica.al\/en\/wp-json\/wp\/v2\/pages\/1973\/revisions\/3596"}],"up":[{"embeddable":true,"href":"https:\/\/perfectestetica.al\/en\/wp-json\/wp\/v2\/pages\/1631"}],"wp:attachment":[{"href":"https:\/\/perfectestetica.al\/en\/wp-json\/wp\/v2\/media?parent=1973"}],"curies":[{"name":"wp","href":"https:\/\/api.w.org\/{rel}","templated":true}]}}